{"id":10003,"date":"2020-12-20T18:53:32","date_gmt":"2020-12-20T15:53:32","guid":{"rendered":"http:\/\/personohr.com\/?page_id=10003&#038;lang=tr"},"modified":"2023-03-28T09:42:40","modified_gmt":"2023-03-28T06:42:40","slug":"egitim-gelisim-yonetimi","status":"publish","type":"page","link":"https:\/\/personohr.com\/tr\/egitim-gelisim-yonetimi\/","title":{"rendered":"E\u011fitim Y\u00f6netimi"},"content":{"rendered":"<p>[vc_row row_content_width=&#8221;grid&#8221;][vc_column width=&#8221;5\/6&#8243;]<div class=\"mkdf-section-title-holder  mkdf-st-standard mkdf-st-title-left mkdf-st-normal-space \" >\n\t<div class=\"mkdf-st-inner\">\n\t\t\t\t\t<h3 class=\"mkdf-st-title\" >\n\t\t\t\tE\u011fitim &amp; Geli\u015fim Y\u00f6netimi\t\t\t<\/h3>\n\t\t\t\t\t\t\t<p class=\"mkdf-st-text\" style=\"font-size: 20px;line-height: 33px;margin-top: 16px\">\n\t\t\t\tPersono E\u011fitim ve Geli\u015fim Y\u00f6netimi, takvim ve i\u00e7eriklerine web ve mobil uygulamalar \u00fczerinden ula\u015f\u0131labilen, anl\u0131k detayl\u0131 e\u011fitim istatistikleri, \u00f6l\u00e7\u00fcm ve raporlarla desteklenmi\u015f dijital e\u011fitim y\u00f6netimi \u00e7\u00f6z\u00fcm\u00fcd\u00fcr.\t\t\t<\/p>\n\t\t\t<\/div>\n<\/div>[\/vc_column][vc_column width=&#8221;1\/6&#8243;][vc_btn title=&#8221;Sunum Talep Et&#8221; color=&#8221;pink&#8221; align=&#8221;center&#8221; button_block=&#8221;true&#8221; link=&#8221;url:https%3A%2F%2Fpersonohr.com%2Ftr%2Fsunum-talebi%2F|title:Sunum%20Talebi|target:%20_blank|&#8221;][\/vc_column][\/vc_row][vc_row content_placement=&#8221;middle&#8221; row_content_width=&#8221;grid&#8221; css=&#8221;.vc_custom_1607176335679{padding-top: 62px !important;padding-bottom: 36px !important;}&#8221;][vc_column offset=&#8221;vc_col-lg-5 vc_col-md-12&#8243;]<div class=\"mkdf-elements-holder   mkdf-one-column  mkdf-responsive-mode-768 \" ><div class=\"mkdf-eh-item    \"  data-item-class=\"mkdf-eh-custom-7793\" data-1025-1366=\"0px 20px 0 0\" data-769-1024=\"0 30% 30px 0px\" data-681-768=\"0 5.2% 51px 3%\" data-680=\"0 0.2% 38px 0%\">\n\t<div class=\"mkdf-eh-item-inner\">\n\t\t<div class=\"mkdf-eh-item-content mkdf-eh-custom-7793\" style=\"padding: 0 102px 0 0\">\n\t\t\t<div class=\"mkdf-section-title-holder  mkdf-st-standard mkdf-st-title-left mkdf-st-normal-space \" >\n\t<div class=\"mkdf-st-inner\">\n\t\t\t\t\t<h3 class=\"mkdf-st-title\" >\n\t\t\t\tE\u011fitim Aktiviteleri\t\t\t<\/h3>\n\t\t\t\t\t\t\t<p class=\"mkdf-st-text\" style=\"font-size: 20px;line-height: 33px;margin-top: 16px\">\n\t\t\t\tFarkl\u0131 formattaki (e-e\u011fitim, video, ses dosyas\u0131, sunum, yaz\u0131l\u0131 d\u00f6k\u00fcman vb gibi.) bir\u00e7ok e\u011fitim i\u00e7eri\u011fini E\u011fitim K\u00fct\u00fcphanenize ekleyebilir, e\u011fitimler tasarlayabilirsiniz. E\u011fitim takvimi, e\u011fitimci ve kat\u0131l\u0131mc\u0131 detaylar\u0131na kolayca ula\u015f\u0131rs\u0131n\u0131z.<br \/>\n\u00c7al\u0131\u015fanlar\u0131n\u0131z web veya mobil uygulama \u00fczerinden, kat\u0131laca\u011f\u0131 e\u011fitimin detaylar\u0131n\u0131 g\u00f6rebilir, ba\u015fvurabilece\u011fi farkl\u0131 e\u011fitimler i\u00e7in kat\u0131l\u0131m talebi g\u00f6nderebilirler.<br \/>\nKat\u0131l\u0131m tarihi gelen e\u011fitim i\u00e7eriklerini t\u00fcketebilir, e\u011fitimi ve e\u011fitmeni online olarak puanlay\u0131p de\u011ferlendirebilirler. Online olarak s\u0131navlara kat\u0131labilir ve de\u011ferlendirme \u00f6ncesi\/sonras\u0131 anketlerini cevaplayabilirler.\t\t\t<\/p>\n\t\t\t<\/div>\n<\/div>[vc_empty_space height=&#8221;50px&#8221;]\t\t<\/div>\n\t<\/div>\n<\/div><\/div>[\/vc_column][vc_column offset=&#8221;vc_col-lg-7 vc_col-md-12&#8243;]<div class=\"mkdf-floating-images-holder mkdf-fi-left-aligned mkdf-fi-parallax\">\n    <div class=\"mkdf-fi-inner\">\n        <div class=\"mkdf-fi-image-holder mkdf-fi-main-image-holder\">\n            <div class=\"mkdf-fi-image-wrapper\" data-parallax=\"{&quot;y&quot;: -98, &quot;smoothness&quot;: 20}\">\n                <img decoding=\"async\" class=\"mkdf-fi-main-image\" \n                    data-width=\"45%\" \n                    style=\"box-shadow: -10px 10px 35px 5px #e7ecfc\"                    src=\"https:\/\/personohr.com\/wp-content\/uploads\/2020\/12\/training6.png\" \n                    alt=\"training6\" \/>\n            <\/div>\n        <\/div>\n        <div class=\"mkdf-fi-image-holder mkdf-fi-aux-image-holder\">\n            <div class=\"mkdf-fi-image-wrapper\" data-parallax=\"{&quot;y&quot;: -36, &quot;smoothness&quot;: 20}\">\n                <img decoding=\"async\" class=\"mkdf-fi-aux-image\" \n                    data-x=\"73%\" data-y=\"-40%\" data-width=\"70%\" \n                    style=\"box-shadow: 0 10px 35px 5px #e7ecfc\"                    src=\"https:\/\/personohr.com\/wp-content\/uploads\/2020\/12\/training4.jpg\" \n                    alt=\"training4\" \/>\n            <\/div>\n        <\/div>\n            <\/div>\n<\/div>\n[\/vc_column][\/vc_row][vc_row content_placement=&#8221;middle&#8221; row_content_width=&#8221;grid&#8221; css=&#8221;.vc_custom_1607862355358{padding-top: 62px !important;padding-bottom: 62px !important;}&#8221;][vc_column offset=&#8221;vc_col-lg-7 vc_col-md-12&#8243;]<div class=\"mkdf-floating-images-holder mkdf-fi-left-aligned mkdf-fi-parallax\">\n    <div class=\"mkdf-fi-inner\">\n        <div class=\"mkdf-fi-image-holder mkdf-fi-main-image-holder\">\n            <div class=\"mkdf-fi-image-wrapper\" data-parallax=\"{&quot;y&quot;: -60, &quot;smoothness&quot;: 20}\">\n                <img decoding=\"async\" class=\"mkdf-fi-main-image\" \n                    data-width=\"45%\" \n                    style=\"box-shadow: 10px 10px 35px 5px #e7ecfc\"                    src=\"https:\/\/personohr.com\/wp-content\/uploads\/2020\/12\/training2_tr.jpg\" \n                    alt=\"training2_tr\" \/>\n            <\/div>\n        <\/div>\n        <div class=\"mkdf-fi-image-holder mkdf-fi-aux-image-holder\">\n            <div class=\"mkdf-fi-image-wrapper\" data-parallax=\"{&quot;y&quot;: -35, &quot;smoothness&quot;: 20}\">\n                <img decoding=\"async\" class=\"mkdf-fi-aux-image\" \n                    data-x=\"-73%\" data-y=\"-40%\" data-width=\"70%\" \n                    style=\"box-shadow: 0 10px 35px 5px #e7ecfc\"                    src=\"https:\/\/personohr.com\/wp-content\/uploads\/2020\/12\/training1_tr.jpg\" \n                    alt=\"training1_tr\" \/>\n            <\/div>\n        <\/div>\n            <\/div>\n<\/div>\n[\/vc_column][vc_column offset=&#8221;vc_col-lg-5 vc_col-md-12&#8243;]<div class=\"mkdf-elements-holder   mkdf-one-column  mkdf-responsive-mode-768 \" ><div class=\"mkdf-eh-item    \"  data-item-class=\"mkdf-eh-custom-8523\" data-1025-1366=\"0 0px 144px 43px\" data-769-1024=\"50px 29% 0 0%\" data-681-768=\"49px 4.2% 0 3%\" data-680=\"38px 0.2% 0 0%\">\n\t<div class=\"mkdf-eh-item-inner\">\n\t\t<div class=\"mkdf-eh-item-content mkdf-eh-custom-8523\" style=\"padding: 0px 0px 60px 102px\">\n\t\t\t<div class=\"mkdf-section-title-holder  mkdf-st-standard mkdf-st-title-left mkdf-st-normal-space \" >\n\t<div class=\"mkdf-st-inner\">\n\t\t\t\t\t<h3 class=\"mkdf-st-title\" >\n\t\t\t\tE\u011fitim Planlar\u0131\t\t\t<\/h3>\n\t\t\t\t\t\t\t<p class=\"mkdf-st-text\" style=\"font-size: 20px;line-height: 33px;margin-top: 16px\">\n\t\t\t\tDepartman, pozisyon, \u00e7al\u0131\u015fan baz\u0131nda e\u011fitimler planlayabilir, y\u0131ll\u0131k e\u011fitim programlar\u0131 olu\u015fturabilirsiniz. Farkl\u0131 kategorilerdeki t\u00fcm i\u00e7 ve d\u0131\u015f e\u011fitimlerinizi e\u011fitim mod\u00fcl\u00fc \u00fczerinde takip edip y\u00f6netebilirsiniz.\t\t\t<\/p>\n\t\t\t<\/div>\n<\/div>[vc_empty_space height=&#8221;50px&#8221;]\t\t<\/div>\n\t<\/div>\n<\/div><\/div>[\/vc_column][\/vc_row][vc_row content_placement=&#8221;middle&#8221; row_content_width=&#8221;grid&#8221; css=&#8221;.vc_custom_1607176335679{padding-top: 62px !important;padding-bottom: 36px !important;}&#8221;][vc_column offset=&#8221;vc_col-lg-5 vc_col-md-12&#8243;]<div class=\"mkdf-elements-holder   mkdf-one-column  mkdf-responsive-mode-768 \" ><div class=\"mkdf-eh-item    \"  data-item-class=\"mkdf-eh-custom-8854\" data-1025-1366=\"0px 20px 0 0\" data-769-1024=\"0 30% 30px 0px\" data-681-768=\"0 5.2% 51px 3%\" data-680=\"0 0.2% 38px 0%\">\n\t<div class=\"mkdf-eh-item-inner\">\n\t\t<div class=\"mkdf-eh-item-content mkdf-eh-custom-8854\" style=\"padding: 0 102px 0 0\">\n\t\t\t<div class=\"mkdf-section-title-holder  mkdf-st-standard mkdf-st-title-left mkdf-st-normal-space \" >\n\t<div class=\"mkdf-st-inner\">\n\t\t\t\t\t<h3 class=\"mkdf-st-title\" >\n\t\t\t\tE\u011fitim Etkinli\u011fini \u00d6l\u00e7\u00fcn\t\t\t<\/h3>\n\t\t\t\t\t\t\t<p class=\"mkdf-st-text\" style=\"font-size: 20px;line-height: 33px;margin-top: 16px\">\n\t\t\t\t\u00c7al\u0131\u015fanlar\u0131n\u0131z\u0131n kat\u0131l\u0131m ve i\u00e7erik t\u00fcketim performanslar\u0131n\u0131 e\u011fitim baz\u0131nda takip edip y\u00f6netebilirsiniz. E\u011fitim \u00f6ncesi ve sonras\u0131nda payla\u015f\u0131lmak \u00fczere kat\u0131l\u0131m, de\u011ferlendirme ve etkinlik \u00f6l\u00e7\u00fcm anket ve formlar\u0131 haz\u0131rlayabilirsiniz.\t\t\t<\/p>\n\t\t\t<\/div>\n<\/div>[vc_empty_space height=&#8221;50px&#8221;]\t\t<\/div>\n\t<\/div>\n<\/div><\/div>[\/vc_column][vc_column offset=&#8221;vc_col-lg-7 vc_col-md-12&#8243;]<div class=\"mkdf-floating-images-holder mkdf-fi-left-aligned mkdf-fi-parallax\">\n    <div class=\"mkdf-fi-inner\">\n        <div class=\"mkdf-fi-image-holder mkdf-fi-main-image-holder\">\n            <div class=\"mkdf-fi-image-wrapper\" data-parallax=\"{&quot;y&quot;: -97, &quot;smoothness&quot;: 20}\">\n                <img decoding=\"async\" class=\"mkdf-fi-main-image\" \n                    data-width=\"45%\" \n                    style=\"box-shadow: -10px 10px 35px 5px #e7ecfc\"                    src=\"https:\/\/personohr.com\/wp-content\/uploads\/2020\/12\/training8.png\" \n                    alt=\"training8\" \/>\n            <\/div>\n        <\/div>\n        <div class=\"mkdf-fi-image-holder mkdf-fi-aux-image-holder\">\n            <div class=\"mkdf-fi-image-wrapper\" data-parallax=\"{&quot;y&quot;: -47, &quot;smoothness&quot;: 20}\">\n                <img decoding=\"async\" class=\"mkdf-fi-aux-image\" \n                    data-x=\"73%\" data-y=\"-40%\" data-width=\"70%\" \n                    style=\"box-shadow: 0 10px 35px 5px #e7ecfc\"                    src=\"https:\/\/personohr.com\/wp-content\/uploads\/2020\/12\/training10.png\" \n                    alt=\"training10\" \/>\n            <\/div>\n        <\/div>\n            <\/div>\n<\/div>\n[\/vc_column][\/vc_row][vc_row content_placement=&#8221;middle&#8221; row_content_width=&#8221;grid&#8221; css=&#8221;.vc_custom_1607862355358{padding-top: 62px !important;padding-bottom: 62px !important;}&#8221;][vc_column offset=&#8221;vc_col-lg-7 vc_col-md-12&#8243;]<div class=\"mkdf-floating-images-holder mkdf-fi-left-aligned mkdf-fi-parallax\">\n    <div class=\"mkdf-fi-inner\">\n        <div class=\"mkdf-fi-image-holder mkdf-fi-main-image-holder\">\n            <div class=\"mkdf-fi-image-wrapper\" data-parallax=\"{&quot;y&quot;: -85, &quot;smoothness&quot;: 20}\">\n                <img decoding=\"async\" class=\"mkdf-fi-main-image\" \n                    data-width=\"45%\" \n                    style=\"box-shadow: 10px 10px 35px 5px #e7ecfc\"                    src=\"https:\/\/personohr.com\/wp-content\/uploads\/2020\/12\/training9.png\" \n                    alt=\"training9\" \/>\n            <\/div>\n        <\/div>\n        <div class=\"mkdf-fi-image-holder mkdf-fi-aux-image-holder\">\n            <div class=\"mkdf-fi-image-wrapper\" data-parallax=\"{&quot;y&quot;: -34, &quot;smoothness&quot;: 20}\">\n                <img decoding=\"async\" class=\"mkdf-fi-aux-image\" \n                    data-x=\"-73%\" data-y=\"-40%\" data-width=\"70%\" \n                    style=\"box-shadow: 0 10px 35px 5px #e7ecfc\"                    src=\"https:\/\/personohr.com\/wp-content\/uploads\/2020\/12\/training7.png\" \n                    alt=\"training7\" \/>\n            <\/div>\n        <\/div>\n            <\/div>\n<\/div>\n[\/vc_column][vc_column offset=&#8221;vc_col-lg-5 vc_col-md-12&#8243;]<div class=\"mkdf-elements-holder   mkdf-one-column  mkdf-responsive-mode-768 \" ><div class=\"mkdf-eh-item    \"  data-item-class=\"mkdf-eh-custom-2522\" data-1025-1366=\"0 0px 144px 43px\" data-769-1024=\"50px 29% 0 0%\" data-681-768=\"49px 4.2% 0 3%\" data-680=\"38px 0.2% 0 0%\">\n\t<div class=\"mkdf-eh-item-inner\">\n\t\t<div class=\"mkdf-eh-item-content mkdf-eh-custom-2522\" style=\"padding: 0px 0px 60px 102px\">\n\t\t\t<div class=\"mkdf-section-title-holder  mkdf-st-standard mkdf-st-title-left mkdf-st-normal-space \" >\n\t<div class=\"mkdf-st-inner\">\n\t\t\t\t\t<h3 class=\"mkdf-st-title\" >\n\t\t\t\tE\u011fitim Sertifikas\u0131 Bas\u0131n\t\t\t<\/h3>\n\t\t\t\t\t\t\t<p class=\"mkdf-st-text\" style=\"font-size: 20px;line-height: 33px;margin-top: 16px\">\n\t\t\t\tE\u011fitim sonras\u0131 her kat\u0131l\u0131mc\u0131 i\u00e7in online Kat\u0131l\u0131m Sertifikas\u0131 sistem taraf\u0131ndan otomatik olarak olu\u015fturulmakta ve \u00e7al\u0131\u015fanlarla otomatik payla\u015f\u0131lmaktad\u0131r.\t\t\t<\/p>\n\t\t\t<\/div>\n<\/div>[vc_empty_space height=&#8221;50px&#8221;]\t\t<\/div>\n\t<\/div>\n<\/div><\/div>[\/vc_column][\/vc_row][vc_row content_placement=&#8221;middle&#8221; row_content_width=&#8221;grid&#8221; css=&#8221;.vc_custom_1607176335679{padding-top: 62px !important;padding-bottom: 36px !important;}&#8221;][vc_column offset=&#8221;vc_col-lg-5 vc_col-md-12&#8243;]<div class=\"mkdf-elements-holder   mkdf-one-column  mkdf-responsive-mode-768 \" ><div class=\"mkdf-eh-item    \"  data-item-class=\"mkdf-eh-custom-5548\" data-1025-1366=\"0px 20px 0 0\" data-769-1024=\"0 30% 30px 0px\" data-681-768=\"0 5.2% 51px 3%\" data-680=\"0 0.2% 38px 0%\">\n\t<div class=\"mkdf-eh-item-inner\">\n\t\t<div class=\"mkdf-eh-item-content mkdf-eh-custom-5548\" style=\"padding: 0 102px 0 0\">\n\t\t\t<div class=\"mkdf-section-title-holder  mkdf-st-standard mkdf-st-title-left mkdf-st-normal-space \" >\n\t<div class=\"mkdf-st-inner\">\n\t\t\t\t\t<h3 class=\"mkdf-st-title\" >\n\t\t\t\tPozisyon Yeterlilik Matrisleri (Polivalans)\t\t\t<\/h3>\n\t\t\t\t\t\t\t<p class=\"mkdf-st-text\" style=\"font-size: 20px;line-height: 33px;margin-top: 16px\">\n\t\t\t\t\u00c7al\u0131\u015fanlar\u0131n\u0131z\u0131n pozisyonlar\u0131ndaki yeterlilik durumlar\u0131n\u0131 y\u00f6neticileri ile birlikte dijital olarak takip edip y\u00f6netebilirsiniz. Polivalans Matris tablolar\u0131na pratik bir \u015feklide ula\u015f\u0131rs\u0131n\u0131z.\nPozisyon Yeterlilikleri ve bu yeterliliklerin geli\u015fimi i\u00e7in haz\u0131rlad\u0131\u011f\u0131n\u0131z t\u00fcm plan, e\u011fitim, s\u0131nav ve analiz sonu\u00e7lar\u0131 ile y\u00f6netici de\u011ferlendirmelerini \u00e7al\u0131\u015fan baz\u0131nda dijital olarak takip edip y\u00f6netebilirsiniz.<br \/>\nTercih etmeniz durumunda \u00e7al\u0131\u015fanlar\u0131n\u0131z da kendi ekranlar\u0131 \u00fczerinde yeterlilik durumlar\u0131n\u0131 g\u00f6r\u00fcnt\u00fcleyebilirler.\t\t\t<\/p>\n\t\t\t<\/div>\n<\/div>[vc_empty_space height=&#8221;50px&#8221;]\t\t<\/div>\n\t<\/div>\n<\/div><\/div>[\/vc_column][vc_column offset=&#8221;vc_col-lg-7 vc_col-md-12&#8243;]<div class=\"mkdf-floating-images-holder mkdf-fi-left-aligned mkdf-fi-parallax\">\n    <div class=\"mkdf-fi-inner\">\n        <div class=\"mkdf-fi-image-holder mkdf-fi-main-image-holder\">\n            <div class=\"mkdf-fi-image-wrapper\" data-parallax=\"{&quot;y&quot;: -62, &quot;smoothness&quot;: 20}\">\n                <img decoding=\"async\" class=\"mkdf-fi-main-image\" \n                    data-width=\"45%\" \n                    style=\"box-shadow: -10px 10px 35px 5px #e7ecfc\"                    src=\"https:\/\/personohr.com\/wp-content\/uploads\/2021\/04\/poli3tr.png\" \n                    alt=\"poli3tr\" \/>\n            <\/div>\n        <\/div>\n        <div class=\"mkdf-fi-image-holder mkdf-fi-aux-image-holder\">\n            <div class=\"mkdf-fi-image-wrapper\" data-parallax=\"{&quot;y&quot;: -44, &quot;smoothness&quot;: 20}\">\n                <img decoding=\"async\" class=\"mkdf-fi-aux-image\" \n                    data-x=\"73%\" data-y=\"-40%\" data-width=\"70%\" \n                    style=\"box-shadow: 0 10px 35px 5px #e7ecfc\"                    src=\"https:\/\/personohr.com\/wp-content\/uploads\/2021\/04\/poli1tr.png\" \n                    alt=\"poli1tr\" \/>\n            <\/div>\n        <\/div>\n            <\/div>\n<\/div>\n[\/vc_column][\/vc_row][vc_row content_placement=&#8221;middle&#8221; row_content_width=&#8221;grid&#8221; css=&#8221;.vc_custom_1607862406149{padding-top: 62px !important;padding-bottom: 62px !important;}&#8221;][vc_column offset=&#8221;vc_col-lg-7 vc_col-md-12&#8243;]<div class=\"mkdf-floating-images-holder mkdf-fi-left-aligned mkdf-fi-parallax\">\n    <div class=\"mkdf-fi-inner\">\n        <div class=\"mkdf-fi-image-holder mkdf-fi-main-image-holder\">\n            <div class=\"mkdf-fi-image-wrapper\" data-parallax=\"{&quot;y&quot;: -75, &quot;smoothness&quot;: 20}\">\n                <img decoding=\"async\" class=\"mkdf-fi-main-image\" \n                    data-width=\"45%\" \n                    style=\"box-shadow: 10px 10px 35px 5px #e7ecfc\"                    src=\"https:\/\/personohr.com\/wp-content\/uploads\/2020\/12\/perf15.png\" \n                    alt=\"perf15\" \/>\n            <\/div>\n        <\/div>\n        <div class=\"mkdf-fi-image-holder mkdf-fi-aux-image-holder\">\n            <div class=\"mkdf-fi-image-wrapper\" data-parallax=\"{&quot;y&quot;: -53, &quot;smoothness&quot;: 20}\">\n                <img decoding=\"async\" class=\"mkdf-fi-aux-image\" \n                    data-x=\"-73%\" data-y=\"-40%\" data-width=\"70%\" \n                    style=\"box-shadow: 0 10px 35px 5px #e7ecfc\"                    src=\"https:\/\/personohr.com\/wp-content\/uploads\/2020\/12\/perf14.png\" \n                    alt=\"perf14\" \/>\n            <\/div>\n        <\/div>\n            <\/div>\n<\/div>\n[\/vc_column][vc_column offset=&#8221;vc_col-lg-5 vc_col-md-12&#8243;]<div class=\"mkdf-elements-holder   mkdf-one-column  mkdf-responsive-mode-768 \" ><div class=\"mkdf-eh-item    \"  data-item-class=\"mkdf-eh-custom-5607\" data-1025-1366=\"0 0px 144px 43px\" data-769-1024=\"50px 29% 0 0%\" data-681-768=\"49px 4.2% 0 3%\" data-680=\"38px 0.2% 0 0%\">\n\t<div class=\"mkdf-eh-item-inner\">\n\t\t<div class=\"mkdf-eh-item-content mkdf-eh-custom-5607\" style=\"padding: 0px 0px 60px 102px\">\n\t\t\t<div class=\"mkdf-section-title-holder  mkdf-st-standard mkdf-st-title-left mkdf-st-normal-space \" >\n\t<div class=\"mkdf-st-inner\">\n\t\t\t\t\t<h3 class=\"mkdf-st-title\" >\n\t\t\t\tGeli\u015fim Planlar\u0131\t\t\t<\/h3>\n\t\t\t\t\t\t\t<p class=\"mkdf-st-text\" style=\"font-size: 20px;line-height: 33px;margin-top: 16px\">\n\t\t\t\tPozisyon baz\u0131nda geli\u015fim planlar\u0131 haz\u0131rlayabilirsiniz. \u00c7al\u0131\u015fanlar\u0131n\u0131z\u0131, performans de\u011ferlendirme sonu\u00e7 analiziyle belirlenmi\u015f uygun geli\u015fim plan\u0131na dahil ederek geli\u015fim durumlar\u0131n\u0131 takip edip y\u00f6netebilirsiniz.\t\t\t<\/p>\n\t\t\t<\/div>\n<\/div>[vc_empty_space height=&#8221;50px&#8221;]\t\t<\/div>\n\t<\/div>\n<\/div><\/div>[\/vc_column][\/vc_row][vc_row row_content_width=&#8221;grid&#8221;][vc_column]<div class=\"mkdf-elements-holder   mkdf-one-column  mkdf-responsive-mode-768 \" ><div class=\"mkdf-eh-item   mkdf-horizontal-alignment-center \"  data-item-class=\"mkdf-eh-custom-4518\">\n\t<div class=\"mkdf-eh-item-inner\">\n\t\t<div class=\"mkdf-eh-item-content mkdf-eh-custom-4518\" >\n\t\t\t[vc_text_separator title=&#8221;S\u0131k Sorulan Sorular&#8221;][vc_empty_space]<div class=\"mkdf-accordion-holder mkdf-ac-default  mkdf-accordion mkdf-ac-boxed  clearfix\">\n\t<h4 class=\"mkdf-accordion-title\">\n\t<span class=\"mkdf-tab-title\">Periyodik e\u011fitimleri y\u00f6netebiliyor muyuz?<\/span>\n    <span class=\"mkdf-accordion-mark\">\n\t\t<span class=\"mkdf_icon_plus icon_plus\"><\/span>\n\t\t<span class=\"mkdf_icon_minus icon_minus-06\"><\/span>\n\t<\/span>\n<\/h4>\n<div class=\"mkdf-accordion-content\">\n\t<div class=\"mkdf-accordion-content-inner\">\n\t\t[vc_column_text]Evet, e\u011fitim y\u00f6neticileri tekrarlayan e\u011fitimlerin s\u00fcresi yakla\u015ft\u0131k\u00e7a bilgilendirilirler.[\/vc_column_text]\t<\/div>\n<\/div><\/div>[vc_empty_space]\t\t<\/div>\n\t<\/div>\n<\/div><\/div>[\/vc_column][\/vc_row][vc_row row_content_width=&#8221;grid&#8221;][vc_column css=&#8221;.vc_custom_1607851776394{padding-bottom: 35px !important;}&#8221;]<div class=\"mkdf-elements-holder   mkdf-one-column  mkdf-responsive-mode-768 \" ><div class=\"mkdf-eh-item  mkdf-vertical-alignment-top mkdf-horizontal-alignment-center \"  data-item-class=\"mkdf-eh-custom-9504\" data-1367-1600=\"189px 22% 0px 22%\" data-1025-1366=\"110px 22% 0px 22%\" data-769-1024=\"91px 11% 0px 11%\" data-681-768=\"215px 10% 0px 10%\" data-680=\"68px 0% 0px 0%\">\n\t<div class=\"mkdf-eh-item-inner\">\n\t\t<div class=\"mkdf-eh-item-content mkdf-eh-custom-9504\" style=\"padding: 35px 0px 0px 0px\">\n\t\t\t<div class=\"mkdf-section-title-holder  mkdf-st-standard mkdf-st-title-left mkdf-st-normal-space \" >\n\t<div class=\"mkdf-st-inner\">\n\t\t\t\t\t<h4 class=\"mkdf-st-title\" >\n\t\t\t\tDaha fazla bilgi ve sunum talebiniz i\u00e7in bize ula\u015f\u0131n.\t\t\t<\/h4>\n\t\t\t\t\t<\/div>\n<\/div>[vc_empty_space height=&#8221;27px&#8221;]<a itemprop=\"url\" href=\"https:\/\/personohr.com\/tr\/sunum-talebi\/\" target=\"_blank\" style=\"margin: 0px 7px 10px 7px;padding: 12px 42px 12px 42px\" class=\"mkdf-btn mkdf-btn-large mkdf-btn-solid\"  >\n    <span class=\"mkdf-btn-text\">Sunum Talebi<\/span>\n    <\/a><a itemprop=\"url\" href=\"https:\/\/personohr.com\/tr\/bize-ulasin\" target=\"_self\" style=\"background-color: #5580ff;margin: 0px 7px 10px 7px;padding: 12px 37px 12px 37px\" class=\"mkdf-btn mkdf-btn-large mkdf-btn-solid\"  >\n    <span class=\"mkdf-btn-text\">Bize Ula\u015f\u0131n<\/span>\n    <\/a>\t\t<\/div>\n\t<\/div>\n<\/div><\/div>[\/vc_column][\/vc_row]<\/p>\n","protected":false},"excerpt":{"rendered":"<p>[vc_row row_content_width=&#8221;grid&#8221;][vc_column width=&#8221;5\/6&#8243;][\/vc_column][vc_column width=&#8221;1\/6&#8243;][vc_btn title=&#8221;Sunum Talep Et&#8221; color=&#8221;pink&#8221; align=&#8221;center&#8221; button_block=&#8221;true&#8221; link=&#8221;url:https%3A%2F%2Fpersonohr.com%2Ftr%2Fsunum-talebi%2F|title:Sunum%20Talebi|target:%20_blank|&#8221;][\/vc_column][\/vc_row][vc_row content_placement=&#8221;middle&#8221; row_content_width=&#8221;grid&#8221; css=&#8221;.vc_custom_1607176335679{padding-top: 62px !important;padding-bottom: 36px !important;}&#8221;][vc_column offset=&#8221;vc_col-lg-5 vc_col-md-12&#8243;][\/vc_column][vc_column offset=&#8221;vc_col-lg-7 vc_col-md-12&#8243;][\/vc_column][\/vc_row][vc_row content_placement=&#8221;middle&#8221; row_content_width=&#8221;grid&#8221; css=&#8221;.vc_custom_1607862355358{padding-top: 62px !important;padding-bottom: 62px !important;}&#8221;][vc_column offset=&#8221;vc_col-lg-7 vc_col-md-12&#8243;][\/vc_column][vc_column offset=&#8221;vc_col-lg-5 vc_col-md-12&#8243;][\/vc_column][\/vc_row][vc_row content_placement=&#8221;middle&#8221; row_content_width=&#8221;grid&#8221; css=&#8221;.vc_custom_1607176335679{padding-top: 62px !important;padding-bottom: 36px !important;}&#8221;][vc_column [&hellip;]<\/p>\n","protected":false},"author":1,"featured_media":0,"parent":0,"menu_order":0,"comment_status":"closed","ping_status":"closed","template":"full-width.php","meta":{"content-type":"","footnotes":""},"class_list":["post-10003","page","type-page","status-publish","hentry"],"aioseo_notices":[],"_links":{"self":[{"href":"https:\/\/personohr.com\/tr\/wp-json\/wp\/v2\/pages\/10003","targetHints":{"allow":["GET"]}}],"collection":[{"href":"https:\/\/personohr.com\/tr\/wp-json\/wp\/v2\/pages"}],"about":[{"href":"https:\/\/personohr.com\/tr\/wp-json\/wp\/v2\/types\/page"}],"author":[{"embeddable":true,"href":"https:\/\/personohr.com\/tr\/wp-json\/wp\/v2\/users\/1"}],"replies":[{"embeddable":true,"href":"https:\/\/personohr.com\/tr\/wp-json\/wp\/v2\/comments?post=10003"}],"version-history":[{"count":24,"href":"https:\/\/personohr.com\/tr\/wp-json\/wp\/v2\/pages\/10003\/revisions"}],"predecessor-version":[{"id":11085,"href":"https:\/\/personohr.com\/tr\/wp-json\/wp\/v2\/pages\/10003\/revisions\/11085"}],"wp:attachment":[{"href":"https:\/\/personohr.com\/tr\/wp-json\/wp\/v2\/media?parent=10003"}],"curies":[{"name":"wp","href":"https:\/\/api.w.org\/{rel}","templated":true}]}}