{"id":10088,"date":"2020-12-21T18:39:58","date_gmt":"2020-12-21T15:39:58","guid":{"rendered":"http:\/\/personohr.com\/?page_id=10088&#038;lang=tr"},"modified":"2021-05-11T17:55:13","modified_gmt":"2021-05-11T14:55:13","slug":"kisisel-verilerin-korunmasi-aydinlatma-metni","status":"publish","type":"page","link":"https:\/\/personohr.com\/tr\/kisisel-verilerin-korunmasi-aydinlatma-metni\/","title":{"rendered":"Ki\u015fisel Verilerin Korunmas\u0131 Ayd\u0131nlatma Metni"},"content":{"rendered":"<p>[vc_row][vc_column][vc_column_text]<\/p>\n<h3>Ki\u015fisel Verilerin Korunmas\u0131 Ayd\u0131nlatma Metni<\/h3>\n<p>[\/vc_column_text][vc_column_text]<\/p>\n<div><strong>Veri Sorumlusu ve Ki\u015fisel Verilerin \u0130\u015flenme Ama\u00e7lar\u0131<\/strong><\/div>\n<div><\/div>\n<div>Bu ayd\u0131nlatma metni, 6698 say\u0131l\u0131 Ki\u015fisel Verilerin Korunmas\u0131 Kanununun 10. maddesi ile Ayd\u0131nlatma Y\u00fck\u00fcml\u00fcl\u00fc\u011f\u00fcn\u00fcn Yerine Getirilmesinde Uyulacak Usul ve Esaslar Hakk\u0131nda Tebli\u011f kapsam\u0131nda veri sorumlusu s\u0131fat\u0131yla \u00a0 Volitek Bili\u015fim \u00c7\u00f6z\u00fcmleri San. ve Tic. Ltd. \u015eti. taraf\u0131ndan haz\u0131rlanm\u0131\u015ft\u0131r.<\/div>\n<div><\/div>\n<div>Veri Sorumlusu s\u0131fat\u0131yla \u00a0Volitek Bili\u015fim \u00c7\u00f6z\u00fcmleri San. ve Tic. Ltd. \u015eti. taraf\u0131ndan toplanan Ki\u015fisel Verileriniz; Faaliyetlerin Mevzuata Uygun Y\u00fcr\u00fct\u00fclmesi, \u0130leti\u015fim Faaliyetlerinin Y\u00fcr\u00fct\u00fclmesi, Mal \/ Hizmet Sat\u0131\u015f S\u00fcre\u00e7lerinin Y\u00fcr\u00fct\u00fclmesi, M\u00fc\u015fteri \u0130li\u015fkileri Y\u00f6netimi S\u00fcre\u00e7lerinin Y\u00fcr\u00fct\u00fclmesi, Pazarlama Analiz \u00c7al\u0131\u015fmalar\u0131n\u0131n Y\u00fcr\u00fct\u00fclmesi, Reklam \/ Kampanya \/ Promosyon S\u00fcre\u00e7lerinin Y\u00fcr\u00fct\u00fclmesi, \u00dcr\u00fcn \/ Hizmetlerin Pazarlama S\u00fcre\u00e7lerinin Y\u00fcr\u00fct\u00fclmesi, M\u00fc\u015fteri sorun ve \u015fikayetlerinin \u00e7\u00f6z\u00fcmlenmesi, Do\u011fabilecek uyu\u015fmazl\u0131klarda delil olarak kullan\u0131lmas\u0131, Haberle\u015fme faaliyetlerinin y\u00fcr\u00fct\u00fclmesi \u00a0ama\u00e7lar\u0131 ile s\u0131n\u0131rl\u0131 olarak i\u015flenecektir.<\/div>\n<div><\/div>\n<div><strong>Ki\u015fisel Verilerin Kimlere Hangi Ama\u00e7la Aktar\u0131laca\u011f\u0131<\/strong><\/div>\n<div><\/div>\n<div>Bu ki\u015fisel veriler, yurti\u00e7inde SGK ve Di\u011fer Yetkili Kurum ve Kurulu\u015flar, Muhasebeciler, Ger\u00e7ek ki\u015filer veya \u00f6zel hukuk t\u00fczel ki\u015fileri, Yetkili Kamu kurum ve kurulu\u015flar\u0131, Tedarik\u00e7i, M\u00fc\u015fteri al\u0131c\u0131 gruplar\u0131na Faaliyetlerin Mevzuata Uygun Y\u00fcr\u00fct\u00fclmesi, \u0130\u015f Faaliyetlerinin Y\u00fcr\u00fct\u00fclmesi \/ Denetimi, \u00dcr\u00fcn \/ Hizmetlerin Pazarlama ve Sat\u0131\u015f S\u00fcre\u00e7lerinin Y\u00fcr\u00fct\u00fclmesi, Kosgeb deste\u011fi hesaplanmas\u0131 ama\u00e7lar\u0131 kapsam\u0131nda aktar\u0131labilecektir.<\/div>\n<div><\/div>\n<div>Bu ki\u015fisel veriler yurtd\u0131\u015f\u0131nda yerle\u015fik \u00fc\u00e7\u00fcnc\u00fc ki\u015filer ile payla\u015f\u0131lmamaktad\u0131r.<\/div>\n<div><\/div>\n<div><strong>Ki\u015fisel Verileri Toplama Y\u00f6ntemlerimiz ve \u0130\u015flenme \u015eartlar\u0131\u00a0<\/strong><\/div>\n<div><\/div>\n<div>Bu ki\u015fisel verileriniz, k\u00e2\u011f\u0131t ortam\u0131nda otomatik olmayan; internet, e-posta, Yaz\u0131l\u0131m uygulamalar\u0131 gibi dijital ortamlarda otomatik ya da k\u0131smen otomatik y\u00f6ntemlerle A\u00e7\u0131k R\u0131za, Kanun H\u00fckm\u00fc, Veri Sorumlusu Me\u015fru Menfaat ki\u015fisel verilerin i\u015flenmesi \u015fartlar\u0131na dayal\u0131 olarak i\u015flenmektedir.<\/div>\n<div><\/div>\n<div><strong>Ki\u015fisel Verilerinizle \u0130lgili Haklar\u0131n\u0131z<\/strong><\/div>\n<div><\/div>\n<div>\u0130lgili ki\u015filer ki\u015fisel verilerine ili\u015fkin haklar\u0131n\u0131 kullanmak i\u00e7in \u00f6ncelikle veri sorumlusuna ba\u015fvurmak zorundad\u0131rlar. Kanunun 14\u2019\u00fcnc\u00fc maddesine g\u00f6re Ki\u015fisel Verileri Koruma Kurulu\u2019na do\u011frudan \u015fik\u00e2yette bulunulamaz.<\/div>\n<div>Kanun uyar\u0131nca ki\u015fisel verilerinizle ilgili olarak a\u015fa\u011f\u0131daki haklar\u0131n\u0131z\u0131 veri sorumlusuna ba\u015fvurarak kullanabilirsiniz.<\/div>\n<div>a) \u00a0 \u00a0 \u00a0Ki\u015fisel veri i\u015flenip i\u015flenmedi\u011fini \u00f6\u011frenme<\/div>\n<div>b) \u00a0 \u00a0 \u00a0Ki\u015fisel verileriniz i\u015flenmi\u015fse buna ili\u015fkin bilgi talep etme<\/div>\n<div>c) \u00a0 \u00a0 \u00a0 Ki\u015fisel verilerinizin i\u015flenme amac\u0131n\u0131 ve bunlar\u0131n amac\u0131na uygun kullan\u0131l\u0131p kullan\u0131lmad\u0131\u011f\u0131n\u0131 \u00f6\u011frenme<\/div>\n<div>d) \u00a0 \u00a0 \u00a0Yurt i\u00e7inde veya yurt d\u0131\u015f\u0131nda ki\u015fisel verilerinizin aktar\u0131ld\u0131\u011f\u0131 \u00fc\u00e7\u00fcnc\u00fc ki\u015fileri bilme<\/div>\n<div>e) \u00a0 \u00a0 \u00a0Ki\u015fisel verilerinizin eksik veya yanl\u0131\u015f i\u015flenmi\u015f olmas\u0131 h\u00e2linde bunlar\u0131n d\u00fczeltilmesini isteme<\/div>\n<div>f) \u00a0 \u00a0 \u00a0 \u0130\u015flenmesini gerektiren sebeplerin ortadan kalkmas\u0131 h\u00e2linde ki\u015fisel verilerinizin silinmesini veya yok edilmesini isteme<\/div>\n<div>g) \u00a0 \u00a0 \u00a0(e) ve (f) bentleri uyar\u0131nca yap\u0131lan i\u015flemlerin, ki\u015fisel verilerinizin aktar\u0131ld\u0131\u011f\u0131 \u00fc\u00e7\u00fcnc\u00fc ki\u015filere bildirilmesini isteme<\/div>\n<div>h) \u00a0 \u00a0 \u00a0\u0130\u015flenen verilerinizin m\u00fcnhas\u0131ran otomatik sistemler vas\u0131tas\u0131yla analiz edilmesi suretiyle aleyhinize bir sonucun ortaya \u00e7\u0131kmas\u0131na itiraz etme<\/div>\n<div>i) \u00a0 \u00a0 \u00a0Ki\u015fisel verilerin kanuna ayk\u0131r\u0131 olarak i\u015flenmesi sebebiyle zarara u\u011framan\u0131z h\u00e2linde zarar\u0131n giderilmesini talep etme<\/div>\n<div><\/div>\n<div><strong>Veri Sorumlusuna Ba\u015fvuru Y\u00f6ntemi<\/strong><\/div>\n<div><\/div>\n<div>Ba\u015fvurunuzu;<\/div>\n<div><\/div>\n<div>\n<p>\u2022Uluda\u011f \u00dcniversitesi ULUTEK Teknoloji Geli\u015ftirme Merkezi No:104 16059 Nil\u00fcfer Bursa\u00a0adresine yaz\u0131l\u0131 olarak;<\/p>\n<\/div>\n<div><\/div>\n<div>\u2022 \u00a0adresimize, kay\u0131tl\u0131 elektronik posta adresinizi kullanarak;<\/div>\n<div><\/div>\n<div>\u2022 Sistemimizde kay\u0131tl\u0131 bulunan veya size ait oldu\u011fu teyid edilen elektronik posta adresiniz \u00fczerinden info@personohr.com e-posta adresine g\u00f6ndererek yapabilirsiniz.<\/div>\n<div><\/div>\n<div>Ba\u015fvuru yap\u0131l\u0131rken uyulmas\u0131 gereken usul ve esaslar hakk\u0131ndaki daha detayl\u0131 bilgiye Ki\u015fisel Verileri Koruma Kurumu\u2019nun \u201c<strong>Veri Sorumlusuna Ba\u015fvuru Usul ve Esaslar\u0131 Hakk\u0131nda Tebli\u011f<\/strong>\u201d ile ula\u015fabilirsiniz.<\/div>\n<p>[\/vc_column_text][\/vc_column][\/vc_row]<\/p>\n","protected":false},"excerpt":{"rendered":"<p>[vc_row][vc_column][vc_column_text] Ki\u015fisel Verilerin Korunmas\u0131 Ayd\u0131nlatma Metni [\/vc_column_text][vc_column_text] Veri Sorumlusu ve Ki\u015fisel Verilerin \u0130\u015flenme Ama\u00e7lar\u0131 Bu ayd\u0131nlatma metni, 6698 say\u0131l\u0131 Ki\u015fisel Verilerin Korunmas\u0131 Kanununun 10. maddesi ile Ayd\u0131nlatma Y\u00fck\u00fcml\u00fcl\u00fc\u011f\u00fcn\u00fcn Yerine Getirilmesinde Uyulacak Usul ve Esaslar Hakk\u0131nda Tebli\u011f kapsam\u0131nda veri sorumlusu s\u0131fat\u0131yla [&hellip;]<\/p>\n","protected":false},"author":1,"featured_media":0,"parent":0,"menu_order":0,"comment_status":"closed","ping_status":"closed","template":"","meta":{"content-type":""},"aioseo_notices":[],"_links":{"self":[{"href":"https:\/\/personohr.com\/tr\/wp-json\/wp\/v2\/pages\/10088"}],"collection":[{"href":"https:\/\/personohr.com\/tr\/wp-json\/wp\/v2\/pages"}],"about":[{"href":"https:\/\/personohr.com\/tr\/wp-json\/wp\/v2\/types\/page"}],"author":[{"embeddable":true,"href":"https:\/\/personohr.com\/tr\/wp-json\/wp\/v2\/users\/1"}],"replies":[{"embeddable":true,"href":"https:\/\/personohr.com\/tr\/wp-json\/wp\/v2\/comments?post=10088"}],"version-history":[{"count":6,"href":"https:\/\/personohr.com\/tr\/wp-json\/wp\/v2\/pages\/10088\/revisions"}],"predecessor-version":[{"id":10261,"href":"https:\/\/personohr.com\/tr\/wp-json\/wp\/v2\/pages\/10088\/revisions\/10261"}],"wp:attachment":[{"href":"https:\/\/personohr.com\/tr\/wp-json\/wp\/v2\/media?parent=10088"}],"curies":[{"name":"wp","href":"https:\/\/api.w.org\/{rel}","templated":true}]}}