{"id":10124,"date":"2020-12-23T20:26:27","date_gmt":"2020-12-23T17:26:27","guid":{"rendered":"http:\/\/personohr.com\/?page_id=10124&#038;lang=tr"},"modified":"2026-01-28T13:05:39","modified_gmt":"2026-01-28T10:05:39","slug":"isgucu-yonetimi","status":"publish","type":"page","link":"https:\/\/personohr.com\/tr\/isgucu-yonetimi\/","title":{"rendered":"\u0130\u015f G\u00fcc\u00fc Y\u00f6netimi"},"content":{"rendered":"<p>[vc_row row_content_width=&#8221;grid&#8221;][vc_column width=&#8221;5\/6&#8243;]<div class=\"mkdf-section-title-holder  mkdf-st-standard mkdf-st-title-left mkdf-st-normal-space \" >\n\t<div class=\"mkdf-st-inner\">\n\t\t\t\t\t<h3 class=\"mkdf-st-title\" >\n\t\t\t\t\u0130\u015f G\u00fcc\u00fc Y\u00f6netimi\t\t\t<\/h3>\n\t\t\t\t\t\t\t<p class=\"mkdf-st-text\" style=\"font-size: 20px;line-height: 33px;margin-top: 16px\">\n\t\t\t\t\u0130zin, \u00e7al\u0131\u015fma s\u00fcresi ve giri\u015f\u2013\u00e7\u0131k\u0131\u015f takibini tek platformda y\u00f6netin.<br \/>\n\u00c7al\u0131\u015fanlar mobil veya web uygulama \u00fczerinden i\u015fe ba\u015flad\u0131 ve i\u015ften \u00e7\u0131kt\u0131 bildirimlerini yaparken, y\u00f6neticiler ekiplerin \u00e7al\u0131\u015fma s\u00fcrelerini, izin planlar\u0131n\u0131 ve devam durumlar\u0131n\u0131 anl\u0131k olarak takip eder.\t\t\t<\/p>\n\t\t\t<\/div>\n<\/div>[\/vc_column][vc_column width=&#8221;1\/6&#8243;][vc_btn title=&#8221;Sunum Talep Et&#8221; color=&#8221;pink&#8221; align=&#8221;center&#8221; button_block=&#8221;true&#8221; link=&#8221;url:https%3A%2F%2Fpersonohr.com%2Ftr%2Fsunum-talebi%2F|title:Sunum%20Talebi|target:%20_blank|&#8221;][\/vc_column][\/vc_row][vc_row content_placement=&#8221;middle&#8221; row_content_width=&#8221;grid&#8221; css=&#8221;.vc_custom_1607176335679{padding-top: 62px !important;padding-bottom: 36px !important;}&#8221;][vc_column offset=&#8221;vc_col-lg-5 vc_col-md-12&#8243;]<div class=\"mkdf-elements-holder   mkdf-one-column  mkdf-responsive-mode-768 \" ><div class=\"mkdf-eh-item    \"  data-item-class=\"mkdf-eh-custom-8959\" data-1025-1366=\"0px 20px 0 0\" data-769-1024=\"0 30% 30px 0px\" data-681-768=\"0 5.2% 51px 3%\" data-680=\"0 0.2% 38px 0%\">\n\t<div class=\"mkdf-eh-item-inner\">\n\t\t<div class=\"mkdf-eh-item-content mkdf-eh-custom-8959\" style=\"padding: 0 102px 0 0\">\n\t\t\t<div class=\"mkdf-section-title-holder  mkdf-st-standard mkdf-st-title-left mkdf-st-normal-space \" >\n\t<div class=\"mkdf-st-inner\">\n\t\t\t\t\t<h3 class=\"mkdf-st-title\" >\n\t\t\t\tGiri\u015f \u2013 \u00c7\u0131k\u0131\u015f Takibi (Mobil &amp; Web)\t\t\t<\/h3>\n\t\t\t\t\t\t\t<p class=\"mkdf-st-text\" style=\"font-size: 20px;line-height: 33px;margin-top: 16px\">\n\t\t\t\t\u00c7al\u0131\u015fanlar tek t\u0131kla i\u015fe ba\u015flad\u0131 ve i\u015ften \u00e7\u0131kt\u0131 bildirimi yapar. Konumdan ba\u011f\u0131ms\u0131z olarak mobil veya web \u00fczerinden \u00e7al\u0131\u015fma ba\u015flang\u0131\u00e7 ve biti\u015f saatleri kay\u0131t alt\u0131na al\u0131n\u0131r.\n\u00d6ne \u00e7\u0131kanlar:<br \/>\n- Mobil ve web destekli clock-in \/ clock-out<br \/>\n- Anl\u0131k kay\u0131t ve geriye d\u00f6n\u00fck kontrol<br \/>\n- Y\u00f6netici onay ve denetimi\t\t\t<\/p>\n\t\t\t<\/div>\n<\/div>[vc_empty_space height=&#8221;50px&#8221;]\t\t<\/div>\n\t<\/div>\n<\/div><\/div>[\/vc_column][vc_column offset=&#8221;vc_col-lg-7 vc_col-md-12&#8243;]<div class=\"mkdf-floating-images-holder mkdf-fi-left-aligned mkdf-fi-parallax\">\n    <div class=\"mkdf-fi-inner\">\n        <div class=\"mkdf-fi-image-holder mkdf-fi-main-image-holder\">\n            <div class=\"mkdf-fi-image-wrapper\" data-parallax=\"{&quot;y&quot;: -82, &quot;smoothness&quot;: 20}\">\n                <img decoding=\"async\" class=\"mkdf-fi-main-image\" \n                    data-width=\"45%\" \n                    style=\"box-shadow: -10px 10px 35px 5px #e7ecfc\"                    src=\"https:\/\/personohr.com\/wp-content\/uploads\/2020\/12\/recruit6.png\" \n                    alt=\"recruit6\" \/>\n            <\/div>\n        <\/div>\n        <div class=\"mkdf-fi-image-holder mkdf-fi-aux-image-holder\">\n            <div class=\"mkdf-fi-image-wrapper\" data-parallax=\"{&quot;y&quot;: -39, &quot;smoothness&quot;: 20}\">\n                <img decoding=\"async\" class=\"mkdf-fi-aux-image\" \n                    data-x=\"73%\" data-y=\"-40%\" data-width=\"70%\" \n                    style=\"box-shadow: 0 10px 35px 5px #e7ecfc\"                    src=\"https:\/\/personohr.com\/wp-content\/uploads\/2021\/07\/izintr1-1.png\" \n                    alt=\"izintr1\" \/>\n            <\/div>\n        <\/div>\n            <\/div>\n<\/div>\n[\/vc_column][\/vc_row][vc_row content_placement=&#8221;middle&#8221; row_content_width=&#8221;grid&#8221; css=&#8221;.vc_custom_1607862355358{padding-top: 62px !important;padding-bottom: 62px !important;}&#8221;][vc_column offset=&#8221;vc_col-lg-7 vc_col-md-12&#8243;]<div class=\"mkdf-floating-images-holder mkdf-fi-left-aligned mkdf-fi-parallax\">\n    <div class=\"mkdf-fi-inner\">\n        <div class=\"mkdf-fi-image-holder mkdf-fi-main-image-holder\">\n            <div class=\"mkdf-fi-image-wrapper\" data-parallax=\"{&quot;y&quot;: -91, &quot;smoothness&quot;: 20}\">\n                <img decoding=\"async\" class=\"mkdf-fi-main-image\" \n                    data-width=\"45%\" \n                    style=\"box-shadow: 10px 10px 35px 5px #e7ecfc\"                    src=\"https:\/\/personohr.com\/wp-content\/uploads\/2020\/12\/recruit4.png\" \n                    alt=\"recruit4\" \/>\n            <\/div>\n        <\/div>\n        <div class=\"mkdf-fi-image-holder mkdf-fi-aux-image-holder\">\n            <div class=\"mkdf-fi-image-wrapper\" data-parallax=\"{&quot;y&quot;: -36, &quot;smoothness&quot;: 20}\">\n                <img decoding=\"async\" class=\"mkdf-fi-aux-image\" \n                    data-x=\"-73%\" data-y=\"-40%\" data-width=\"70%\" \n                    style=\"box-shadow: 0 10px 35px 5px #e7ecfc\"                    src=\"https:\/\/personohr.com\/wp-content\/uploads\/2021\/07\/izin2.png\" \n                    alt=\"izin2\" \/>\n            <\/div>\n        <\/div>\n            <\/div>\n<\/div>\n[\/vc_column][vc_column offset=&#8221;vc_col-lg-5 vc_col-md-12&#8243;]<div class=\"mkdf-elements-holder   mkdf-one-column  mkdf-responsive-mode-768 \" ><div class=\"mkdf-eh-item    \"  data-item-class=\"mkdf-eh-custom-1804\" data-1025-1366=\"0 0px 144px 43px\" data-769-1024=\"50px 29% 0 0%\" data-681-768=\"49px 4.2% 0 3%\" data-680=\"38px 0.2% 0 0%\">\n\t<div class=\"mkdf-eh-item-inner\">\n\t\t<div class=\"mkdf-eh-item-content mkdf-eh-custom-1804\" style=\"padding: 0px 0px 60px 102px\">\n\t\t\t<div class=\"mkdf-section-title-holder  mkdf-st-standard mkdf-st-title-left mkdf-st-normal-space \" >\n\t<div class=\"mkdf-st-inner\">\n\t\t\t\t\t<h3 class=\"mkdf-st-title\" >\n\t\t\t\tDijital \u0130zin Y\u00f6netimi\t\t\t<\/h3>\n\t\t\t\t\t\t\t<p class=\"mkdf-st-text\" style=\"font-size: 20px;line-height: 33px;margin-top: 16px\">\n\t\t\t\t\u00c7al\u0131\u015fanlar izin taleplerini sistem \u00fczerinden olu\u015fturur, y\u00f6neticiler h\u0131zl\u0131ca onaylar. \u0130zin bakiyeleri ve kullan\u0131m ge\u00e7mi\u015fi anl\u0131k olarak g\u00f6r\u00fcnt\u00fclenir.<br \/>\n\u00d6ne \u00e7\u0131kanlar:<br \/>\n- \u00d6zelle\u015ftirilebilir izin t\u00fcrleri<br \/>\n- Onay ak\u0131\u015flar\u0131<br \/>\n- Kalan izin bakiyesi takibi\t\t\t<\/p>\n\t\t\t<\/div>\n<\/div>[vc_empty_space height=&#8221;50px&#8221;]\t\t<\/div>\n\t<\/div>\n<\/div><\/div>[\/vc_column][\/vc_row][vc_row content_placement=&#8221;middle&#8221; row_content_width=&#8221;grid&#8221; css=&#8221;.vc_custom_1607176335679{padding-top: 62px !important;padding-bottom: 36px !important;}&#8221;][vc_column offset=&#8221;vc_col-lg-5 vc_col-md-12&#8243;]<div class=\"mkdf-elements-holder   mkdf-one-column  mkdf-responsive-mode-768 \" ><div class=\"mkdf-eh-item    \"  data-item-class=\"mkdf-eh-custom-1442\" data-1025-1366=\"0px 20px 0 0\" data-769-1024=\"0 30% 30px 0px\" data-681-768=\"0 5.2% 51px 3%\" data-680=\"0 0.2% 38px 0%\">\n\t<div class=\"mkdf-eh-item-inner\">\n\t\t<div class=\"mkdf-eh-item-content mkdf-eh-custom-1442\" style=\"padding: 0 102px 0 0\">\n\t\t\t<div class=\"mkdf-section-title-holder  mkdf-st-standard mkdf-st-title-left mkdf-st-normal-space \" >\n\t<div class=\"mkdf-st-inner\">\n\t\t\t\t\t<h3 class=\"mkdf-st-title\" >\n\t\t\t\tGer\u00e7ek Zamanl\u0131 Ekip Takibi\t\t\t<\/h3>\n\t\t\t\t\t\t\t<p class=\"mkdf-st-text\" style=\"font-size: 20px;line-height: 33px;margin-top: 16px\">\n\t\t\t\tY\u00f6neticiler ekiplerin kimlerin \u00e7al\u0131\u015ft\u0131\u011f\u0131n\u0131, kimlerin izinde oldu\u011funu ve toplam \u00e7al\u0131\u015fma s\u00fcrelerini tek panelden izler.<br \/>\n\u00d6ne \u00e7\u0131kanlar:<br \/>\n- Canl\u0131 ekip durumu<br \/>\n- Departman bazl\u0131 raporlar<br \/>\n- D\u0131\u015fa aktar\u0131m (Excel \/ PDF)\t\t\t<\/p>\n\t\t\t<\/div>\n<\/div>[vc_empty_space height=&#8221;50px&#8221;]\t\t<\/div>\n\t<\/div>\n<\/div><\/div>[\/vc_column][vc_column offset=&#8221;vc_col-lg-7 vc_col-md-12&#8243;]<div class=\"mkdf-floating-images-holder mkdf-fi-left-aligned mkdf-fi-parallax\">\n    <div class=\"mkdf-fi-inner\">\n        <div class=\"mkdf-fi-image-holder mkdf-fi-main-image-holder\">\n            <div class=\"mkdf-fi-image-wrapper\" data-parallax=\"{&quot;y&quot;: -86, &quot;smoothness&quot;: 20}\">\n                <img decoding=\"async\" class=\"mkdf-fi-main-image\" \n                    data-width=\"45%\" \n                    style=\"box-shadow: -10px 10px 35px 5px #e7ecfc\"                    src=\"https:\/\/personohr.com\/wp-content\/uploads\/2020\/12\/recruit11.png\" \n                    alt=\"recruit11\" \/>\n            <\/div>\n        <\/div>\n        <div class=\"mkdf-fi-image-holder mkdf-fi-aux-image-holder\">\n            <div class=\"mkdf-fi-image-wrapper\" data-parallax=\"{&quot;y&quot;: -51, &quot;smoothness&quot;: 20}\">\n                <img decoding=\"async\" class=\"mkdf-fi-aux-image\" \n                    data-x=\"73%\" data-y=\"-40%\" data-width=\"70%\" \n                    style=\"box-shadow: 0 10px 35px 5px #e7ecfc\"                    src=\"https:\/\/personohr.com\/wp-content\/uploads\/2021\/07\/izintr3.png\" \n                    alt=\"izintr3\" \/>\n            <\/div>\n        <\/div>\n            <\/div>\n<\/div>\n[\/vc_column][\/vc_row][vc_row content_placement=&#8221;middle&#8221; row_content_width=&#8221;grid&#8221; css=&#8221;.vc_custom_1607862388714{padding-top: 62px !important;padding-bottom: 62px !important;}&#8221;][vc_column offset=&#8221;vc_col-lg-7 vc_col-md-12&#8243;]<div class=\"mkdf-floating-images-holder mkdf-fi-left-aligned mkdf-fi-parallax\">\n    <div class=\"mkdf-fi-inner\">\n        <div class=\"mkdf-fi-image-holder mkdf-fi-main-image-holder\">\n            <div class=\"mkdf-fi-image-wrapper\" data-parallax=\"{&quot;y&quot;: -80, &quot;smoothness&quot;: 20}\">\n                <img decoding=\"async\" class=\"mkdf-fi-main-image\" \n                    data-width=\"45%\" \n                    style=\"box-shadow: -10px 10px 35px 5px #e7ecfc\"                    src=\"https:\/\/personohr.com\/wp-content\/uploads\/2020\/12\/recruit12.png\" \n                    alt=\"recruit12\" \/>\n            <\/div>\n        <\/div>\n        <div class=\"mkdf-fi-image-holder mkdf-fi-aux-image-holder\">\n            <div class=\"mkdf-fi-image-wrapper\" data-parallax=\"{&quot;y&quot;: -38, &quot;smoothness&quot;: 20}\">\n                <img decoding=\"async\" class=\"mkdf-fi-aux-image\" \n                    data-x=\"73%\" data-y=\"-40%\" data-width=\"70%\" \n                    style=\"box-shadow: 0 10px 35px 5px #e7ecfc\"                    src=\"https:\/\/personohr.com\/wp-content\/uploads\/2020\/12\/recruit13.png\" \n                    alt=\"recruit13\" \/>\n            <\/div>\n        <\/div>\n            <\/div>\n<\/div>\n[\/vc_column][vc_column offset=&#8221;vc_col-lg-5 vc_col-md-12&#8243;]<div class=\"mkdf-elements-holder   mkdf-one-column  mkdf-responsive-mode-768 \" ><div class=\"mkdf-eh-item    \"  data-item-class=\"mkdf-eh-custom-4462\" data-1025-1366=\"0 0px 144px 43px\" data-769-1024=\"50px 29% 0 0%\" data-681-768=\"49px 4.2% 0 3%\" data-680=\"38px 0.2% 0 0%\">\n\t<div class=\"mkdf-eh-item-inner\">\n\t\t<div class=\"mkdf-eh-item-content mkdf-eh-custom-4462\" style=\"padding: 0px 0px 60px 102px\">\n\t\t\t<div class=\"mkdf-section-title-holder  mkdf-st-standard mkdf-st-title-left mkdf-st-normal-space \" >\n\t<div class=\"mkdf-st-inner\">\n\t\t\t\t\t<h3 class=\"mkdf-st-title\" >\n\t\t\t\tRaporlar &amp; Analizler\t\t\t<\/h3>\n\t\t\t\t\t\t\t<p class=\"mkdf-st-text\" style=\"font-size: 20px;line-height: 33px;margin-top: 16px\">\n\t\t\t\tPersono analiz grafikleri ve de\u011ferlendirme raporlar\u0131 ile, izin s\u00fcreciyle ilgili her t\u00fcrl\u00fc veriyi \u00e7al\u0131\u015fan, departman, kurum baz\u0131nda analiz etmenize olanak sa\u011flar.\t\t\t<\/p>\n\t\t\t<\/div>\n<\/div>[vc_empty_space height=&#8221;50px&#8221;]\t\t<\/div>\n\t<\/div>\n<\/div><\/div>[\/vc_column][\/vc_row][vc_row row_content_width=&#8221;grid&#8221;][vc_column]<div class=\"mkdf-elements-holder   mkdf-one-column  mkdf-responsive-mode-768 \" ><div class=\"mkdf-eh-item   mkdf-horizontal-alignment-center \"  data-item-class=\"mkdf-eh-custom-3809\">\n\t<div class=\"mkdf-eh-item-inner\">\n\t\t<div class=\"mkdf-eh-item-content mkdf-eh-custom-3809\" >\n\t\t\t[vc_text_separator title=&#8221;S\u0131k Sorulan Sorular&#8221;][vc_empty_space]<div class=\"mkdf-accordion-holder mkdf-ac-default  mkdf-accordion mkdf-ac-boxed  clearfix\">\n\t<h4 class=\"mkdf-accordion-title\">\n\t<span class=\"mkdf-tab-title\">Izin kayitlarini periyodik olarak puantaj uygulamam\u0131za aktarabiliyor muyuz?<\/span>\n    <span class=\"mkdf-accordion-mark\">\n\t\t<span class=\"mkdf_icon_plus icon_plus\"><\/span>\n\t\t<span class=\"mkdf_icon_minus icon_minus-06\"><\/span>\n\t<\/span>\n<\/h4>\n<div class=\"mkdf-accordion-content\">\n\t<div class=\"mkdf-accordion-content-inner\">\n\t\t[vc_column_text]Evet, izin kayitlarinizi ister rapor halinde diledi\u011finiz zaman listeleyebilir, isterseniz puantaj uygulamalar\u0131n\u0131za entegrasyon yard\u0131m\u0131yla anl\u0131k olarak aktarabilirsiniz.[\/vc_column_text]\t<\/div>\n<\/div><\/div>[vc_empty_space]\t\t<\/div>\n\t<\/div>\n<\/div><\/div>[\/vc_column][\/vc_row][vc_row row_content_width=&#8221;grid&#8221;][vc_column css=&#8221;.vc_custom_1607851776394{padding-bottom: 35px !important;}&#8221;]<div class=\"mkdf-elements-holder   mkdf-one-column  mkdf-responsive-mode-768 \" ><div class=\"mkdf-eh-item  mkdf-vertical-alignment-top mkdf-horizontal-alignment-center \"  data-item-class=\"mkdf-eh-custom-7671\" data-1367-1600=\"189px 22% 0px 22%\" data-1025-1366=\"110px 22% 0px 22%\" data-769-1024=\"91px 11% 0px 11%\" data-681-768=\"215px 10% 0px 10%\" data-680=\"68px 0% 0px 0%\">\n\t<div class=\"mkdf-eh-item-inner\">\n\t\t<div class=\"mkdf-eh-item-content mkdf-eh-custom-7671\" style=\"padding: 35px 0px 0px 0px\">\n\t\t\t<div class=\"mkdf-section-title-holder  mkdf-st-standard mkdf-st-title-left mkdf-st-normal-space \" >\n\t<div class=\"mkdf-st-inner\">\n\t\t\t\t\t<h4 class=\"mkdf-st-title\" >\n\t\t\t\tDaha fazla bilgi ve sunum talebiniz i\u00e7in bize ula\u015f\u0131n.\t\t\t<\/h4>\n\t\t\t\t\t<\/div>\n<\/div>[vc_empty_space height=&#8221;27px&#8221;]<a itemprop=\"url\" href=\"https:\/\/personohr.com\/tr\/sunum-talebi\/\" target=\"_blank\" style=\"margin: 0px 7px 10px 7px;padding: 12px 42px 12px 42px\" class=\"mkdf-btn mkdf-btn-large mkdf-btn-solid\"  >\n    <span class=\"mkdf-btn-text\">Sunum Talebi<\/span>\n    <\/a><a itemprop=\"url\" href=\"https:\/\/personohr.com\/tr\/bize-ulasin\" target=\"_self\" style=\"background-color: #5580ff;margin: 0px 7px 10px 7px;padding: 12px 37px 12px 37px\" class=\"mkdf-btn mkdf-btn-large mkdf-btn-solid\"  >\n    <span class=\"mkdf-btn-text\">Bize Ula\u015f\u0131n<\/span>\n    <\/a>\t\t<\/div>\n\t<\/div>\n<\/div><\/div>[\/vc_column][\/vc_row]<\/p>\n","protected":false},"excerpt":{"rendered":"<p>[vc_row row_content_width=&#8221;grid&#8221;][vc_column width=&#8221;5\/6&#8243;][\/vc_column][vc_column width=&#8221;1\/6&#8243;][vc_btn title=&#8221;Sunum Talep Et&#8221; color=&#8221;pink&#8221; align=&#8221;center&#8221; button_block=&#8221;true&#8221; link=&#8221;url:https%3A%2F%2Fpersonohr.com%2Ftr%2Fsunum-talebi%2F|title:Sunum%20Talebi|target:%20_blank|&#8221;][\/vc_column][\/vc_row][vc_row content_placement=&#8221;middle&#8221; row_content_width=&#8221;grid&#8221; css=&#8221;.vc_custom_1607176335679{padding-top: 62px !important;padding-bottom: 36px !important;}&#8221;][vc_column offset=&#8221;vc_col-lg-5 vc_col-md-12&#8243;][\/vc_column][vc_column offset=&#8221;vc_col-lg-7 vc_col-md-12&#8243;][\/vc_column][\/vc_row][vc_row content_placement=&#8221;middle&#8221; row_content_width=&#8221;grid&#8221; css=&#8221;.vc_custom_1607862355358{padding-top: 62px !important;padding-bottom: 62px !important;}&#8221;][vc_column offset=&#8221;vc_col-lg-7 vc_col-md-12&#8243;][\/vc_column][vc_column offset=&#8221;vc_col-lg-5 vc_col-md-12&#8243;][\/vc_column][\/vc_row][vc_row content_placement=&#8221;middle&#8221; row_content_width=&#8221;grid&#8221; css=&#8221;.vc_custom_1607176335679{padding-top: 62px !important;padding-bottom: 36px !important;}&#8221;][vc_column [&hellip;]<\/p>\n","protected":false},"author":1,"featured_media":0,"parent":0,"menu_order":0,"comment_status":"closed","ping_status":"closed","template":"","meta":{"content-type":"","footnotes":""},"class_list":["post-10124","page","type-page","status-publish","hentry"],"aioseo_notices":[],"_links":{"self":[{"href":"https:\/\/personohr.com\/tr\/wp-json\/wp\/v2\/pages\/10124","targetHints":{"allow":["GET"]}}],"collection":[{"href":"https:\/\/personohr.com\/tr\/wp-json\/wp\/v2\/pages"}],"about":[{"href":"https:\/\/personohr.com\/tr\/wp-json\/wp\/v2\/types\/page"}],"author":[{"embeddable":true,"href":"https:\/\/personohr.com\/tr\/wp-json\/wp\/v2\/users\/1"}],"replies":[{"embeddable":true,"href":"https:\/\/personohr.com\/tr\/wp-json\/wp\/v2\/comments?post=10124"}],"version-history":[{"count":35,"href":"https:\/\/personohr.com\/tr\/wp-json\/wp\/v2\/pages\/10124\/revisions"}],"predecessor-version":[{"id":11815,"href":"https:\/\/personohr.com\/tr\/wp-json\/wp\/v2\/pages\/10124\/revisions\/11815"}],"wp:attachment":[{"href":"https:\/\/personohr.com\/tr\/wp-json\/wp\/v2\/media?parent=10124"}],"curies":[{"name":"wp","href":"https:\/\/api.w.org\/{rel}","templated":true}]}}