{"id":10525,"date":"2022-06-14T11:39:41","date_gmt":"2022-06-14T08:39:41","guid":{"rendered":"http:\/\/personohr.com\/?page_id=10525&#038;lang=tr"},"modified":"2026-02-11T16:38:21","modified_gmt":"2026-02-11T13:38:21","slug":"ozluk-yonetimi","status":"publish","type":"page","link":"https:\/\/personohr.com\/tr\/ozluk-yonetimi\/","title":{"rendered":"\u00d6zl\u00fck"},"content":{"rendered":"<p>[vc_row row_content_width=&#8221;grid&#8221;][vc_column width=&#8221;5\/6&#8243;]<div class=\"mkdf-section-title-holder  mkdf-st-standard mkdf-st-title-left mkdf-st-normal-space \" >\n\t<div class=\"mkdf-st-inner\">\n\t\t\t\t\t<h3 class=\"mkdf-st-title\" >\n\t\t\t\t\u00d6zl\u00fck Y\u00f6netimi\t\t\t<\/h3>\n\t\t\t\t\t\t\t<p class=\"mkdf-st-text\" style=\"font-size: 20px;line-height: 33px;margin-top: 16px\">\n\t\t\t\t\u00c7al\u0131\u015fanlar\u0131n\u0131za ait t\u00fcm bilgi ve belgeleri y\u00f6netebilece\u011finiz kapsaml\u0131 ve pratik \u00e7\u00f6z\u00fcm.\t\t\t<\/p>\n\t\t\t<\/div>\n<\/div>[\/vc_column][vc_column width=&#8221;1\/6&#8243;][vc_btn title=&#8221;Sunum Talep Et&#8221; color=&#8221;pink&#8221; align=&#8221;center&#8221; button_block=&#8221;true&#8221; link=&#8221;url:https%3A%2F%2Fpersonohr.com%2Ftr%2Fsunum-talebi%2F|title:Sunum%20Talebi|target:%20_blank|&#8221;][\/vc_column][\/vc_row][vc_row content_placement=&#8221;middle&#8221; row_content_width=&#8221;grid&#8221; css=&#8221;.vc_custom_1607176335679{padding-top: 62px !important;padding-bottom: 36px !important;}&#8221;][vc_column offset=&#8221;vc_col-lg-5 vc_col-md-12&#8243;]<div class=\"mkdf-elements-holder   mkdf-one-column  mkdf-responsive-mode-768 \" ><div class=\"mkdf-eh-item    \"  data-item-class=\"mkdf-eh-custom-8344\" data-1025-1366=\"0px 20px 0 0\" data-769-1024=\"0 30% 30px 0px\" data-681-768=\"0 5.2% 51px 3%\" data-680=\"0 0.2% 38px 0%\">\n\t<div class=\"mkdf-eh-item-inner\">\n\t\t<div class=\"mkdf-eh-item-content mkdf-eh-custom-8344\" style=\"padding: 0 102px 0 0\">\n\t\t\t<div class=\"mkdf-section-title-holder  mkdf-st-standard mkdf-st-title-left mkdf-st-normal-space \" >\n\t<div class=\"mkdf-st-inner\">\n\t\t\t\t\t<h3 class=\"mkdf-st-title\" >\n\t\t\t\t\u00c7al\u0131\u015fan Kay\u0131tlar\u0131\t\t\t<\/h3>\n\t\t\t\t\t\t\t<p class=\"mkdf-st-text\" style=\"font-size: 20px;line-height: 33px;margin-top: 16px\">\n\t\t\t\t\u00c7al\u0131\u015fanlar\u0131n\u0131za ait \u00f6zl\u00fck ve \u00e7al\u0131\u015fma bilgileri, ki\u015fisel bilgiler, i\u015fe al\u0131\u015ft\u0131rma, e\u011fitim, zimmet, yan haklar gibi t\u00fcm bilgi ve belgeleri dijital olarak y\u00f6netebilirsiniz.<br \/>\n\u00c7al\u0131\u015fanlar\u0131n\u0131zla ilgili t\u00fcm verilere 7\/24 web yada mobilden kolayca ula\u015fabilirsiniz.<br \/>\n\u00c7al\u0131\u015fanlar\u0131n\u0131za ait ki\u015fisel verilerin tamam\u0131n\u0131 KVKK (Ki\u015fisel Verileri Koruma Kanunu) uygun bir \u015fekilde saklayabilirsiniz.\t\t\t<\/p>\n\t\t\t<\/div>\n<\/div>[vc_empty_space height=&#8221;50px&#8221;]\t\t<\/div>\n\t<\/div>\n<\/div><\/div>[\/vc_column][vc_column offset=&#8221;vc_col-lg-7 vc_col-md-12&#8243;]<div class=\"mkdf-floating-images-holder mkdf-fi-left-aligned mkdf-fi-parallax\">\n    <div class=\"mkdf-fi-inner\">\n        <div class=\"mkdf-fi-image-holder mkdf-fi-main-image-holder\">\n            <div class=\"mkdf-fi-image-wrapper\" data-parallax=\"{&quot;y&quot;: -79, &quot;smoothness&quot;: 20}\">\n                <img decoding=\"async\" class=\"mkdf-fi-main-image\" \n                    data-width=\"45%\" \n                    style=\"box-shadow: -10px 10px 35px 5px #e7ecfc\"                    src=\"https:\/\/personohr.com\/wp-content\/uploads\/2020\/12\/recruit6.png\" \n                    alt=\"recruit6\" \/>\n            <\/div>\n        <\/div>\n        <div class=\"mkdf-fi-image-holder mkdf-fi-aux-image-holder\">\n            <div class=\"mkdf-fi-image-wrapper\" data-parallax=\"{&quot;y&quot;: -39, &quot;smoothness&quot;: 20}\">\n                <img decoding=\"async\" class=\"mkdf-fi-aux-image\" \n                    data-x=\"73%\" data-y=\"-40%\" data-width=\"70%\" \n                    style=\"box-shadow: 0 10px 35px 5px #e7ecfc\"                    src=\"https:\/\/personohr.com\/wp-content\/uploads\/2023\/05\/employeegrid700.png\" \n                    alt=\"employeegrid700\" \/>\n            <\/div>\n        <\/div>\n            <\/div>\n<\/div>\n[\/vc_column][\/vc_row][vc_row content_placement=&#8221;middle&#8221; row_content_width=&#8221;grid&#8221; css=&#8221;.vc_custom_1607862355358{padding-top: 62px !important;padding-bottom: 62px !important;}&#8221;][vc_column offset=&#8221;vc_col-lg-7 vc_col-md-12&#8243;]<div class=\"mkdf-floating-images-holder mkdf-fi-left-aligned mkdf-fi-parallax\">\n    <div class=\"mkdf-fi-inner\">\n        <div class=\"mkdf-fi-image-holder mkdf-fi-main-image-holder\">\n            <div class=\"mkdf-fi-image-wrapper\" data-parallax=\"{&quot;y&quot;: -67, &quot;smoothness&quot;: 20}\">\n                <img decoding=\"async\" class=\"mkdf-fi-main-image\" \n                    data-width=\"45%\" \n                    style=\"box-shadow: 10px 10px 35px 5px #e7ecfc\"                    src=\"https:\/\/personohr.com\/wp-content\/uploads\/2020\/12\/recruit4.png\" \n                    alt=\"recruit4\" \/>\n            <\/div>\n        <\/div>\n        <div class=\"mkdf-fi-image-holder mkdf-fi-aux-image-holder\">\n            <div class=\"mkdf-fi-image-wrapper\" data-parallax=\"{&quot;y&quot;: -46, &quot;smoothness&quot;: 20}\">\n                <img decoding=\"async\" class=\"mkdf-fi-aux-image\" \n                    data-x=\"-73%\" data-y=\"-40%\" data-width=\"70%\" \n                    style=\"box-shadow: 0 10px 35px 5px #e7ecfc\"                    src=\"https:\/\/personohr.com\/wp-content\/uploads\/2023\/05\/onboarding-jpg.webp\" \n                    alt=\"onboarding\" \/>\n            <\/div>\n        <\/div>\n            <\/div>\n<\/div>\n[\/vc_column][vc_column offset=&#8221;vc_col-lg-5 vc_col-md-12&#8243;]<div class=\"mkdf-elements-holder   mkdf-one-column  mkdf-responsive-mode-768 \" ><div class=\"mkdf-eh-item    \"  data-item-class=\"mkdf-eh-custom-6414\" data-1025-1366=\"0 0px 144px 43px\" data-769-1024=\"50px 29% 0 0%\" data-681-768=\"49px 4.2% 0 3%\" data-680=\"38px 0.2% 0 0%\">\n\t<div class=\"mkdf-eh-item-inner\">\n\t\t<div class=\"mkdf-eh-item-content mkdf-eh-custom-6414\" style=\"padding: 0px 0px 60px 102px\">\n\t\t\t<div class=\"mkdf-section-title-holder  mkdf-st-standard mkdf-st-title-left mkdf-st-normal-space \" >\n\t<div class=\"mkdf-st-inner\">\n\t\t\t\t\t<h3 class=\"mkdf-st-title\" >\n\t\t\t\t\u0130\u015fe Al\u0131\u015ft\u0131rma\t\t\t<\/h3>\n\t\t\t\t\t\t\t<p class=\"mkdf-st-text\" style=\"font-size: 20px;line-height: 33px;margin-top: 16px\">\n\t\t\t\tYeni i\u015fe ba\u015flayan yada kariyer de\u011fi\u015fimi yapan \u00e7al\u0131\u015fanlar\u0131n\u0131z\u0131n s\u00fcrecini detayl\u0131 bir \u015fekilde planlayabilirsiniz.<br \/>\nHaz\u0131rlad\u0131\u011f\u0131n\u0131z planlar\u0131, \u00e7al\u0131\u015fan ve s\u00fcre\u00e7te g\u00f6rev alacak yetkililerle payla\u015fabilir, ihtiya\u00e7 duyduklar\u0131 bilgilere pratik bir \u015fekilde ula\u015fmalar\u0131n\u0131 sa\u011flayabilirsiniz. S\u00fcrecin hangi a\u015famada oldu\u011funu \u00e7al\u0131\u015fan baz\u0131nda kolayl\u0131kla takip edebilirsiniz.\t\t\t<\/p>\n\t\t\t<\/div>\n<\/div>[vc_empty_space height=&#8221;50px&#8221;]\t\t<\/div>\n\t<\/div>\n<\/div><\/div>[\/vc_column][\/vc_row][vc_row content_placement=&#8221;middle&#8221; row_content_width=&#8221;grid&#8221; css=&#8221;.vc_custom_1607176335679{padding-top: 62px !important;padding-bottom: 36px !important;}&#8221;][vc_column offset=&#8221;vc_col-lg-5 vc_col-md-12&#8243;]<div class=\"mkdf-elements-holder   mkdf-one-column  mkdf-responsive-mode-768 \" ><div class=\"mkdf-eh-item    \"  data-item-class=\"mkdf-eh-custom-3928\" data-1025-1366=\"0px 20px 0 0\" data-769-1024=\"0 30% 30px 0px\" data-681-768=\"0 5.2% 51px 3%\" data-680=\"0 0.2% 38px 0%\">\n\t<div class=\"mkdf-eh-item-inner\">\n\t\t<div class=\"mkdf-eh-item-content mkdf-eh-custom-3928\" style=\"padding: 0 102px 0 0\">\n\t\t\t<div class=\"mkdf-section-title-holder  mkdf-st-standard mkdf-st-title-left mkdf-st-normal-space \" >\n\t<div class=\"mkdf-st-inner\">\n\t\t\t\t\t<h3 class=\"mkdf-st-title\" >\n\t\t\t\tBelge Y\u00f6netimi\t\t\t<\/h3>\n\t\t\t\t\t\t\t<p class=\"mkdf-st-text\" style=\"font-size: 20px;line-height: 33px;margin-top: 16px\">\n\t\t\t\t\u00c7al\u0131\u015fana ait belge ve d\u00f6k\u00fcmanlar\u0131 saklayabilece\u011finiz s\u0131n\u0131rs\u0131z bir alan sunuyoruz.<br \/>\nBelge y\u00f6netimi \u00f6zelli\u011fi ile, evrak saklama ve d\u00fczenleme kaynakl\u0131 olu\u015fabilecek kay\u0131plar\u0131n\u0131z\u0131n da \u00f6n\u00fcne ge\u00e7ebilirsiniz.\t\t\t<\/p>\n\t\t\t<\/div>\n<\/div>[vc_empty_space height=&#8221;50px&#8221;]\t\t<\/div>\n\t<\/div>\n<\/div><\/div>[\/vc_column][vc_column offset=&#8221;vc_col-lg-7 vc_col-md-12&#8243;]<div class=\"mkdf-floating-images-holder mkdf-fi-left-aligned mkdf-fi-parallax\">\n    <div class=\"mkdf-fi-inner\">\n        <div class=\"mkdf-fi-image-holder mkdf-fi-main-image-holder\">\n            <div class=\"mkdf-fi-image-wrapper\" data-parallax=\"{&quot;y&quot;: -62, &quot;smoothness&quot;: 20}\">\n                <img decoding=\"async\" class=\"mkdf-fi-main-image\" \n                    data-width=\"45%\" \n                    style=\"box-shadow: -10px 10px 35px 5px #e7ecfc\"                    src=\"https:\/\/personohr.com\/wp-content\/uploads\/2020\/12\/recruit11.png\" \n                    alt=\"recruit11\" \/>\n            <\/div>\n        <\/div>\n        <div class=\"mkdf-fi-image-holder mkdf-fi-aux-image-holder\">\n            <div class=\"mkdf-fi-image-wrapper\" data-parallax=\"{&quot;y&quot;: -23, &quot;smoothness&quot;: 20}\">\n                <img decoding=\"async\" class=\"mkdf-fi-aux-image\" \n                    data-x=\"73%\" data-y=\"-40%\" data-width=\"70%\" \n                    style=\"box-shadow: 0 10px 35px 5px #e7ecfc\"                    src=\"https:\/\/personohr.com\/wp-content\/uploads\/2023\/05\/docs-jpg.webp\" \n                    alt=\"docs\" \/>\n            <\/div>\n        <\/div>\n            <\/div>\n<\/div>\n[\/vc_column][\/vc_row][vc_row content_placement=&#8221;middle&#8221; row_content_width=&#8221;grid&#8221; css=&#8221;.vc_custom_1607862388714{padding-top: 62px !important;padding-bottom: 62px !important;}&#8221;][vc_column offset=&#8221;vc_col-lg-7 vc_col-md-12&#8243;]<div class=\"mkdf-floating-images-holder mkdf-fi-left-aligned mkdf-fi-parallax\">\n    <div class=\"mkdf-fi-inner\">\n        <div class=\"mkdf-fi-image-holder mkdf-fi-main-image-holder\">\n            <div class=\"mkdf-fi-image-wrapper\" data-parallax=\"{&quot;y&quot;: -87, &quot;smoothness&quot;: 20}\">\n                <img decoding=\"async\" class=\"mkdf-fi-main-image\" \n                    data-width=\"45%\" \n                    style=\"box-shadow: -10px 10px 35px 5px #e7ecfc\"                    src=\"https:\/\/personohr.com\/wp-content\/uploads\/2020\/12\/recruit12.png\" \n                    alt=\"recruit12\" \/>\n            <\/div>\n        <\/div>\n        <div class=\"mkdf-fi-image-holder mkdf-fi-aux-image-holder\">\n            <div class=\"mkdf-fi-image-wrapper\" data-parallax=\"{&quot;y&quot;: -33, &quot;smoothness&quot;: 20}\">\n                <img decoding=\"async\" class=\"mkdf-fi-aux-image\" \n                    data-x=\"73%\" data-y=\"-40%\" data-width=\"70%\" \n                    style=\"box-shadow: 0 10px 35px 5px #e7ecfc\"                    src=\"https:\/\/personohr.com\/wp-content\/uploads\/2020\/12\/recruit13.png\" \n                    alt=\"recruit13\" \/>\n            <\/div>\n        <\/div>\n            <\/div>\n<\/div>\n[\/vc_column][vc_column offset=&#8221;vc_col-lg-5 vc_col-md-12&#8243;]<div class=\"mkdf-elements-holder   mkdf-one-column  mkdf-responsive-mode-768 \" ><div class=\"mkdf-eh-item    \"  data-item-class=\"mkdf-eh-custom-1355\" data-1025-1366=\"0 0px 144px 43px\" data-769-1024=\"50px 29% 0 0%\" data-681-768=\"49px 4.2% 0 3%\" data-680=\"38px 0.2% 0 0%\">\n\t<div class=\"mkdf-eh-item-inner\">\n\t\t<div class=\"mkdf-eh-item-content mkdf-eh-custom-1355\" style=\"padding: 0px 0px 60px 102px\">\n\t\t\t<div class=\"mkdf-section-title-holder  mkdf-st-standard mkdf-st-title-left mkdf-st-normal-space \" >\n\t<div class=\"mkdf-st-inner\">\n\t\t\t\t\t<h3 class=\"mkdf-st-title\" >\n\t\t\t\tZimmet Y\u00f6netimi\t\t\t<\/h3>\n\t\t\t\t\t\t\t<p class=\"mkdf-st-text\" style=\"font-size: 20px;line-height: 33px;margin-top: 16px\">\n\t\t\t\t\u00c7al\u0131\u015fan\u0131n\u0131z\u0131n ihtiyac\u0131na uygun arac\u0131 \u00e7al\u0131\u015fan\u0131n\u0131zla bulu\u015fturun.<br \/>\n\u00c7al\u0131\u015fanlar\u0131n\u0131z\u0131n kullan\u0131m\u0131 i\u00e7in tahsis etti\u011finiz bilgisayar, telefon, \u015firket arac\u0131 vb. gibi t\u00fcm ara\u00e7 ve gere\u00e7le ilgili teslim s\u00fcrecini ve ara\u00e7\/gere\u00e7lerin g\u00fcncel durumlar\u0131n\u0131 takip edip y\u00f6netebilirsiniz.\t\t\t<\/p>\n\t\t\t<\/div>\n<\/div>[vc_empty_space height=&#8221;50px&#8221;]\t\t<\/div>\n\t<\/div>\n<\/div><\/div>[\/vc_column][\/vc_row][vc_row content_placement=&#8221;middle&#8221; row_content_width=&#8221;grid&#8221; css=&#8221;.vc_custom_1607176335679{padding-top: 62px !important;padding-bottom: 36px !important;}&#8221;][vc_column offset=&#8221;vc_col-lg-5 vc_col-md-12&#8243;]<div class=\"mkdf-elements-holder   mkdf-one-column  mkdf-responsive-mode-768 \" ><div class=\"mkdf-eh-item    \"  data-item-class=\"mkdf-eh-custom-8904\" data-1025-1366=\"0px 20px 0 0\" data-769-1024=\"0 30% 30px 0px\" data-681-768=\"0 5.2% 51px 3%\" data-680=\"0 0.2% 38px 0%\">\n\t<div class=\"mkdf-eh-item-inner\">\n\t\t<div class=\"mkdf-eh-item-content mkdf-eh-custom-8904\" style=\"padding: 0 102px 0 0\">\n\t\t\t<div class=\"mkdf-section-title-holder  mkdf-st-standard mkdf-st-title-left mkdf-st-normal-space \" >\n\t<div class=\"mkdf-st-inner\">\n\t\t\t\t\t<h3 class=\"mkdf-st-title\" >\n\t\t\t\tAvans Y\u00f6netimi\t\t\t<\/h3>\n\t\t\t\t\t\t\t<p class=\"mkdf-st-text\" style=\"font-size: 20px;line-height: 33px;margin-top: 16px\">\n\t\t\t\t\u00c7al\u0131\u015fanlar\u0131n\u0131z\u0131n avans taleplerini u\u00e7tan uca dijitalle\u015ftirin, finansal s\u00fcre\u00e7lerinizi h\u0131zland\u0131r\u0131n.<br \/>\n\u015eirket kurallar\u0131na uygun limit ve taksitlerle, saniyeler i\u00e7inde talep olu\u015fturulmas\u0131n\u0131 sa\u011flay\u0131n.<br \/>\n\u00d6zelle\u015ftirilebilir onay ak\u0131\u015flar\u0131 ve anl\u0131k bildirimlerle t\u00fcm s\u00fcreci tek platformdan, \u015feffaf\u00e7a y\u00f6netin.\t\t\t<\/p>\n\t\t\t<\/div>\n<\/div>[vc_empty_space height=&#8221;50px&#8221;]\t\t<\/div>\n\t<\/div>\n<\/div><\/div>[\/vc_column][vc_column offset=&#8221;vc_col-lg-7 vc_col-md-12&#8243;]<div class=\"mkdf-floating-images-holder mkdf-fi-left-aligned mkdf-fi-parallax\">\n    <div class=\"mkdf-fi-inner\">\n        <div class=\"mkdf-fi-image-holder mkdf-fi-main-image-holder\">\n            <div class=\"mkdf-fi-image-wrapper\" data-parallax=\"{&quot;y&quot;: -92, &quot;smoothness&quot;: 20}\">\n                <img decoding=\"async\" class=\"mkdf-fi-main-image\" \n                    data-width=\"45%\" \n                    style=\"box-shadow: -10px 10px 35px 5px #e7ecfc\"                    src=\"https:\/\/personohr.com\/wp-content\/uploads\/2020\/12\/recruit11.png\" \n                    alt=\"recruit11\" \/>\n            <\/div>\n        <\/div>\n        <div class=\"mkdf-fi-image-holder mkdf-fi-aux-image-holder\">\n            <div class=\"mkdf-fi-image-wrapper\" data-parallax=\"{&quot;y&quot;: -45, &quot;smoothness&quot;: 20}\">\n                <img decoding=\"async\" class=\"mkdf-fi-aux-image\" \n                    data-x=\"73%\" data-y=\"-40%\" data-width=\"70%\" \n                    style=\"box-shadow: 0 10px 35px 5px #e7ecfc\"                    src=\"https:\/\/personohr.com\/wp-content\/uploads\/2026\/02\/1calisanTalep.jpg\" \n                    alt=\"1calisanTalep\" \/>\n            <\/div>\n        <\/div>\n            <\/div>\n<\/div>\n[\/vc_column][\/vc_row][vc_row row_content_width=&#8221;grid&#8221;][vc_column css=&#8221;.vc_custom_1607851776394{padding-bottom: 35px !important;}&#8221;]<div class=\"mkdf-elements-holder   mkdf-one-column  mkdf-responsive-mode-768 \" ><div class=\"mkdf-eh-item  mkdf-vertical-alignment-top mkdf-horizontal-alignment-center \"  data-item-class=\"mkdf-eh-custom-2719\" data-1367-1600=\"189px 22% 0px 22%\" data-1025-1366=\"110px 22% 0px 22%\" data-769-1024=\"91px 11% 0px 11%\" data-681-768=\"215px 10% 0px 10%\" data-680=\"68px 0% 0px 0%\">\n\t<div class=\"mkdf-eh-item-inner\">\n\t\t<div class=\"mkdf-eh-item-content mkdf-eh-custom-2719\" style=\"padding: 35px 0px 0px 0px\">\n\t\t\t<div class=\"mkdf-section-title-holder  mkdf-st-standard mkdf-st-title-left mkdf-st-normal-space \" >\n\t<div class=\"mkdf-st-inner\">\n\t\t\t\t\t<h4 class=\"mkdf-st-title\" >\n\t\t\t\tDaha fazla bilgi ve sunum talebiniz i\u00e7in bize ula\u015f\u0131n.\t\t\t<\/h4>\n\t\t\t\t\t<\/div>\n<\/div>[vc_empty_space height=&#8221;27px&#8221;]<a itemprop=\"url\" href=\"https:\/\/personohr.com\/tr\/sunum-talebi\/\" target=\"_blank\" style=\"margin: 0px 7px 10px 7px;padding: 12px 42px 12px 42px\" class=\"mkdf-btn mkdf-btn-large mkdf-btn-solid\"  >\n    <span class=\"mkdf-btn-text\">Sunum Talebi<\/span>\n    <\/a><a itemprop=\"url\" href=\"https:\/\/personohr.com\/tr\/bize-ulasin\" target=\"_self\" style=\"background-color: #5580ff;margin: 0px 7px 10px 7px;padding: 12px 37px 12px 37px\" class=\"mkdf-btn mkdf-btn-large mkdf-btn-solid\"  >\n    <span class=\"mkdf-btn-text\">Bize Ula\u015f\u0131n<\/span>\n    <\/a>\t\t<\/div>\n\t<\/div>\n<\/div><\/div>[\/vc_column][\/vc_row]<\/p>\n","protected":false},"excerpt":{"rendered":"<p>[vc_row row_content_width=&#8221;grid&#8221;][vc_column width=&#8221;5\/6&#8243;][\/vc_column][vc_column width=&#8221;1\/6&#8243;][vc_btn title=&#8221;Sunum Talep Et&#8221; color=&#8221;pink&#8221; align=&#8221;center&#8221; button_block=&#8221;true&#8221; link=&#8221;url:https%3A%2F%2Fpersonohr.com%2Ftr%2Fsunum-talebi%2F|title:Sunum%20Talebi|target:%20_blank|&#8221;][\/vc_column][\/vc_row][vc_row content_placement=&#8221;middle&#8221; row_content_width=&#8221;grid&#8221; css=&#8221;.vc_custom_1607176335679{padding-top: 62px !important;padding-bottom: 36px !important;}&#8221;][vc_column offset=&#8221;vc_col-lg-5 vc_col-md-12&#8243;][\/vc_column][vc_column offset=&#8221;vc_col-lg-7 vc_col-md-12&#8243;][\/vc_column][\/vc_row][vc_row content_placement=&#8221;middle&#8221; row_content_width=&#8221;grid&#8221; css=&#8221;.vc_custom_1607862355358{padding-top: 62px !important;padding-bottom: 62px !important;}&#8221;][vc_column offset=&#8221;vc_col-lg-7 vc_col-md-12&#8243;][\/vc_column][vc_column offset=&#8221;vc_col-lg-5 vc_col-md-12&#8243;][\/vc_column][\/vc_row][vc_row content_placement=&#8221;middle&#8221; row_content_width=&#8221;grid&#8221; css=&#8221;.vc_custom_1607176335679{padding-top: 62px !important;padding-bottom: 36px !important;}&#8221;][vc_column [&hellip;]<\/p>\n","protected":false},"author":1,"featured_media":0,"parent":0,"menu_order":0,"comment_status":"closed","ping_status":"closed","template":"","meta":{"content-type":"","footnotes":""},"class_list":["post-10525","page","type-page","status-publish","hentry"],"aioseo_notices":[],"_links":{"self":[{"href":"https:\/\/personohr.com\/tr\/wp-json\/wp\/v2\/pages\/10525","targetHints":{"allow":["GET"]}}],"collection":[{"href":"https:\/\/personohr.com\/tr\/wp-json\/wp\/v2\/pages"}],"about":[{"href":"https:\/\/personohr.com\/tr\/wp-json\/wp\/v2\/types\/page"}],"author":[{"embeddable":true,"href":"https:\/\/personohr.com\/tr\/wp-json\/wp\/v2\/users\/1"}],"replies":[{"embeddable":true,"href":"https:\/\/personohr.com\/tr\/wp-json\/wp\/v2\/comments?post=10525"}],"version-history":[{"count":21,"href":"https:\/\/personohr.com\/tr\/wp-json\/wp\/v2\/pages\/10525\/revisions"}],"predecessor-version":[{"id":11827,"href":"https:\/\/personohr.com\/tr\/wp-json\/wp\/v2\/pages\/10525\/revisions\/11827"}],"wp:attachment":[{"href":"https:\/\/personohr.com\/tr\/wp-json\/wp\/v2\/media?parent=10525"}],"curies":[{"name":"wp","href":"https:\/\/api.w.org\/{rel}","templated":true}]}}