{"id":10527,"date":"2022-06-14T11:40:22","date_gmt":"2022-06-14T08:40:22","guid":{"rendered":"http:\/\/personohr.com\/?page_id=10527&#038;lang=tr"},"modified":"2023-05-09T17:20:35","modified_gmt":"2023-05-09T14:20:35","slug":"disiplin-yonetimi","status":"publish","type":"page","link":"https:\/\/personohr.com\/tr\/disiplin-yonetimi\/","title":{"rendered":"Disiplin"},"content":{"rendered":"<p>[vc_row row_content_width=&#8221;grid&#8221;][vc_column width=&#8221;5\/6&#8243;]<div class=\"mkdf-section-title-holder  mkdf-st-standard mkdf-st-title-left mkdf-st-normal-space \" >\n\t<div class=\"mkdf-st-inner\">\n\t\t\t\t\t<h3 class=\"mkdf-st-title\" >\n\t\t\t\tDisiplin S\u00fcre\u00e7leri Y\u00f6netimi\t\t\t<\/h3>\n\t\t\t\t\t\t\t<p class=\"mkdf-st-text\" style=\"font-size: 20px;line-height: 33px;margin-top: 16px\">\n\t\t\t\tDisiplin s\u00fcre\u00e7lerinizi dijital ortamda y\u00f6netin.\t\t\t<\/p>\n\t\t\t<\/div>\n<\/div>[\/vc_column][vc_column width=&#8221;1\/6&#8243;][vc_btn title=&#8221;Sunum Talep Et&#8221; color=&#8221;pink&#8221; align=&#8221;center&#8221; button_block=&#8221;true&#8221; link=&#8221;url:https%3A%2F%2Fpersonohr.com%2Ftr%2Fsunum-talebi%2F|title:Sunum%20Talebi|target:%20_blank|&#8221;][\/vc_column][\/vc_row][vc_row content_placement=&#8221;middle&#8221; row_content_width=&#8221;grid&#8221; css=&#8221;.vc_custom_1607176335679{padding-top: 62px !important;padding-bottom: 36px !important;}&#8221;][vc_column offset=&#8221;vc_col-lg-5 vc_col-md-12&#8243;]<div class=\"mkdf-elements-holder   mkdf-one-column  mkdf-responsive-mode-768 \" ><div class=\"mkdf-eh-item    \"  data-item-class=\"mkdf-eh-custom-4099\" data-1025-1366=\"0px 20px 0 0\" data-769-1024=\"0 30% 30px 0px\" data-681-768=\"0 5.2% 51px 3%\" data-680=\"0 0.2% 38px 0%\">\n\t<div class=\"mkdf-eh-item-inner\">\n\t\t<div class=\"mkdf-eh-item-content mkdf-eh-custom-4099\" style=\"padding: 0 102px 0 0\">\n\t\t\t<div class=\"mkdf-section-title-holder  mkdf-st-standard mkdf-st-title-left mkdf-st-normal-space \" >\n\t<div class=\"mkdf-st-inner\">\n\t\t\t\t\t<h3 class=\"mkdf-st-title\" >\n\t\t\t\tOlay Kay\u0131tlar\u0131 ve Tutanaklar\t\t\t<\/h3>\n\t\t\t\t\t\t\t<p class=\"mkdf-st-text\" style=\"font-size: 20px;line-height: 33px;margin-top: 16px\">\n\t\t\t\tPersono ile y\u00f6neticileriniz, disiplin olay\u0131yla ilgili sistem \u00fczerinde kay\u0131t olu\u015fturabilir, ifade tutanaklar\u0131 ekleyebilirler. \u0130nsan Kaynaklar\u0131 birimine gerekli bildirimi yaparak s\u00fcreci pratik bir \u015fekilde ba\u015flatabilirler.\t\t\t<\/p>\n\t\t\t<\/div>\n<\/div>[vc_empty_space height=&#8221;50px&#8221;]\t\t<\/div>\n\t<\/div>\n<\/div><\/div>[\/vc_column][vc_column offset=&#8221;vc_col-lg-7 vc_col-md-12&#8243;]<div class=\"mkdf-floating-images-holder mkdf-fi-left-aligned mkdf-fi-parallax\">\n    <div class=\"mkdf-fi-inner\">\n        <div class=\"mkdf-fi-image-holder mkdf-fi-main-image-holder\">\n            <div class=\"mkdf-fi-image-wrapper\" data-parallax=\"{&quot;y&quot;: -81, &quot;smoothness&quot;: 20}\">\n                <img decoding=\"async\" class=\"mkdf-fi-main-image\" \n                    data-width=\"45%\" \n                    style=\"box-shadow: -10px 10px 35px 5px #e7ecfc\"                    src=\"https:\/\/personohr.com\/wp-content\/uploads\/2022\/08\/dis2.jpeg\" \n                    alt=\"dis2\" \/>\n            <\/div>\n        <\/div>\n        <div class=\"mkdf-fi-image-holder mkdf-fi-aux-image-holder\">\n            <div class=\"mkdf-fi-image-wrapper\" data-parallax=\"{&quot;y&quot;: -22, &quot;smoothness&quot;: 20}\">\n                <img decoding=\"async\" class=\"mkdf-fi-aux-image\" \n                    data-x=\"73%\" data-y=\"-80%\" data-width=\"70%\" \n                    style=\"box-shadow: 0 10px 35px 5px #e7ecfc\"                    src=\"https:\/\/personohr.com\/wp-content\/uploads\/2022\/08\/disiplin.jpeg\" \n                    alt=\"disiplin\" \/>\n            <\/div>\n        <\/div>\n            <\/div>\n<\/div>\n[\/vc_column][\/vc_row][vc_row content_placement=&#8221;middle&#8221; row_content_width=&#8221;grid&#8221; css=&#8221;.vc_custom_1607862355358{padding-top: 62px !important;padding-bottom: 62px !important;}&#8221;][vc_column offset=&#8221;vc_col-lg-7 vc_col-md-12&#8243;]<div class=\"mkdf-floating-images-holder mkdf-fi-left-aligned mkdf-fi-parallax\">\n    <div class=\"mkdf-fi-inner\">\n        <div class=\"mkdf-fi-image-holder mkdf-fi-main-image-holder\">\n            <div class=\"mkdf-fi-image-wrapper\" data-parallax=\"{&quot;y&quot;: -86, &quot;smoothness&quot;: 20}\">\n                <img decoding=\"async\" class=\"mkdf-fi-main-image\" \n                    data-width=\"45%\" \n                    style=\"box-shadow: 10px 10px 35px 5px #e7ecfc\"                    src=\"https:\/\/personohr.com\/wp-content\/uploads\/2022\/08\/dis1.jpeg\" \n                    alt=\"dis1\" \/>\n            <\/div>\n        <\/div>\n        <div class=\"mkdf-fi-image-holder mkdf-fi-aux-image-holder\">\n            <div class=\"mkdf-fi-image-wrapper\" data-parallax=\"{&quot;y&quot;: -56, &quot;smoothness&quot;: 20}\">\n                <img decoding=\"async\" class=\"mkdf-fi-aux-image\" \n                    data-x=\"-73%\" data-y=\"-40%\" data-width=\"70%\" \n                    style=\"box-shadow: 0 10px 35px 5px #e7ecfc\"                    src=\"https:\/\/personohr.com\/wp-content\/uploads\/2022\/08\/disc3.jpg\" \n                    alt=\"disc3\" \/>\n            <\/div>\n        <\/div>\n            <\/div>\n<\/div>\n[\/vc_column][vc_column offset=&#8221;vc_col-lg-5 vc_col-md-12&#8243;]<div class=\"mkdf-elements-holder   mkdf-one-column  mkdf-responsive-mode-768 \" ><div class=\"mkdf-eh-item    \"  data-item-class=\"mkdf-eh-custom-1376\" data-1025-1366=\"0 0px 144px 43px\" data-769-1024=\"50px 29% 0 0%\" data-681-768=\"49px 4.2% 0 3%\" data-680=\"38px 0.2% 0 0%\">\n\t<div class=\"mkdf-eh-item-inner\">\n\t\t<div class=\"mkdf-eh-item-content mkdf-eh-custom-1376\" style=\"padding: 0px 0px 60px 102px\">\n\t\t\t<div class=\"mkdf-section-title-holder  mkdf-st-standard mkdf-st-title-left mkdf-st-normal-space \" >\n\t<div class=\"mkdf-st-inner\">\n\t\t\t\t\t<h3 class=\"mkdf-st-title\" >\n\t\t\t\tS\u00fcre\u00e7 ak\u0131\u015f\u0131n\u0131 dijital olarak y\u00f6netin\t\t\t<\/h3>\n\t\t\t\t\t\t\t<p class=\"mkdf-st-text\" style=\"font-size: 20px;line-height: 33px;margin-top: 16px\">\n\t\t\t\tS\u00fcrecin durumunu, sistem \u00fczerinde a\u015fama a\u015fama takip edip y\u00f6netebilirsiniz. Disiplin olay\u0131n\u0131n taraflar\u0131na, SMS, E mail, mobil bildirimlerle bilgilendirmeler yapabilir, beklenen i\u015flemleriyle ilgili uyar\u0131 ve hat\u0131rlatmalarda bulunabilirsiniz.\t\t\t<\/p>\n\t\t\t<\/div>\n<\/div>[vc_empty_space height=&#8221;50px&#8221;]\t\t<\/div>\n\t<\/div>\n<\/div><\/div>[\/vc_column][\/vc_row][vc_row content_placement=&#8221;middle&#8221; row_content_width=&#8221;grid&#8221; css=&#8221;.vc_custom_1607176335679{padding-top: 62px !important;padding-bottom: 36px !important;}&#8221;][vc_column offset=&#8221;vc_col-lg-5 vc_col-md-12&#8243;]<div class=\"mkdf-elements-holder   mkdf-one-column  mkdf-responsive-mode-768 \" ><div class=\"mkdf-eh-item    \"  data-item-class=\"mkdf-eh-custom-6520\" data-1025-1366=\"0px 20px 0 0\" data-769-1024=\"0 30% 30px 0px\" data-681-768=\"0 5.2% 51px 3%\" data-680=\"0 0.2% 38px 0%\">\n\t<div class=\"mkdf-eh-item-inner\">\n\t\t<div class=\"mkdf-eh-item-content mkdf-eh-custom-6520\" style=\"padding: 0 102px 0 0\">\n\t\t\t<div class=\"mkdf-section-title-holder  mkdf-st-standard mkdf-st-title-left mkdf-st-normal-space \" >\n\t<div class=\"mkdf-st-inner\">\n\t\t\t\t\t<h3 class=\"mkdf-st-title\" >\n\t\t\t\tDijital \u0130mza ile onaylar\u0131 al\u0131n\t\t\t<\/h3>\n\t\t\t\t\t\t\t<p class=\"mkdf-st-text\" style=\"font-size: 20px;line-height: 33px;margin-top: 16px\">\n\t\t\t\tT\u00dcB\u0130TAK zaman damgal\u0131 veya Elektronik imza yoluyla, \u00e7al\u0131\u015fanlar\u0131n\u0131zdan veya disiplin kurulu \u00fcyelerinizden dijital onay alabilirsiniz. Disiplin kurulu \u00fcyeleriniz, s\u00fcre\u00e7le ilgili yap\u0131lan t\u00fcm bildirim, evrak ve kay\u0131tlar\u0131 sistem \u00fczerinde inceleyebilir, karar olu\u015fturup bildirim yapabilirler.\t\t\t<\/p>\n\t\t\t<\/div>\n<\/div>[vc_empty_space height=&#8221;50px&#8221;]\t\t<\/div>\n\t<\/div>\n<\/div><\/div>[\/vc_column][vc_column offset=&#8221;vc_col-lg-7 vc_col-md-12&#8243;]<div class=\"mkdf-floating-images-holder mkdf-fi-left-aligned mkdf-fi-parallax\">\n    <div class=\"mkdf-fi-inner\">\n        <div class=\"mkdf-fi-image-holder mkdf-fi-main-image-holder\">\n            <div class=\"mkdf-fi-image-wrapper\" data-parallax=\"{&quot;y&quot;: -87, &quot;smoothness&quot;: 20}\">\n                <img decoding=\"async\" class=\"mkdf-fi-main-image\" \n                    data-width=\"45%\" \n                    style=\"box-shadow: -10px 10px 35px 5px #e7ecfc\"                    src=\"https:\/\/personohr.com\/wp-content\/uploads\/2020\/12\/recruit12.png\" \n                    alt=\"recruit12\" \/>\n            <\/div>\n        <\/div>\n        <div class=\"mkdf-fi-image-holder mkdf-fi-aux-image-holder\">\n            <div class=\"mkdf-fi-image-wrapper\" data-parallax=\"{&quot;y&quot;: -25, &quot;smoothness&quot;: 20}\">\n                <img decoding=\"async\" class=\"mkdf-fi-aux-image\" \n                    data-x=\"73%\" data-y=\"-40%\" data-width=\"70%\" \n                    style=\"box-shadow: 0 10px 35px 5px #e7ecfc\"                    src=\"https:\/\/personohr.com\/wp-content\/uploads\/2020\/12\/recruit13.png\" \n                    alt=\"recruit13\" \/>\n            <\/div>\n        <\/div>\n            <\/div>\n<\/div>\n[\/vc_column][\/vc_row]<\/p>\n","protected":false},"excerpt":{"rendered":"<p>[vc_row row_content_width=&#8221;grid&#8221;][vc_column width=&#8221;5\/6&#8243;][\/vc_column][vc_column width=&#8221;1\/6&#8243;][vc_btn title=&#8221;Sunum Talep Et&#8221; color=&#8221;pink&#8221; align=&#8221;center&#8221; button_block=&#8221;true&#8221; link=&#8221;url:https%3A%2F%2Fpersonohr.com%2Ftr%2Fsunum-talebi%2F|title:Sunum%20Talebi|target:%20_blank|&#8221;][\/vc_column][\/vc_row][vc_row content_placement=&#8221;middle&#8221; row_content_width=&#8221;grid&#8221; css=&#8221;.vc_custom_1607176335679{padding-top: 62px !important;padding-bottom: 36px !important;}&#8221;][vc_column offset=&#8221;vc_col-lg-5 vc_col-md-12&#8243;][\/vc_column][vc_column offset=&#8221;vc_col-lg-7 vc_col-md-12&#8243;][\/vc_column][\/vc_row][vc_row content_placement=&#8221;middle&#8221; row_content_width=&#8221;grid&#8221; css=&#8221;.vc_custom_1607862355358{padding-top: 62px !important;padding-bottom: 62px !important;}&#8221;][vc_column offset=&#8221;vc_col-lg-7 vc_col-md-12&#8243;][\/vc_column][vc_column offset=&#8221;vc_col-lg-5 vc_col-md-12&#8243;][\/vc_column][\/vc_row][vc_row content_placement=&#8221;middle&#8221; row_content_width=&#8221;grid&#8221; css=&#8221;.vc_custom_1607176335679{padding-top: 62px !important;padding-bottom: 36px !important;}&#8221;][vc_column [&hellip;]<\/p>\n","protected":false},"author":1,"featured_media":0,"parent":0,"menu_order":0,"comment_status":"closed","ping_status":"closed","template":"","meta":{"content-type":"","footnotes":""},"class_list":["post-10527","page","type-page","status-publish","hentry"],"aioseo_notices":[],"_links":{"self":[{"href":"https:\/\/personohr.com\/tr\/wp-json\/wp\/v2\/pages\/10527","targetHints":{"allow":["GET"]}}],"collection":[{"href":"https:\/\/personohr.com\/tr\/wp-json\/wp\/v2\/pages"}],"about":[{"href":"https:\/\/personohr.com\/tr\/wp-json\/wp\/v2\/types\/page"}],"author":[{"embeddable":true,"href":"https:\/\/personohr.com\/tr\/wp-json\/wp\/v2\/users\/1"}],"replies":[{"embeddable":true,"href":"https:\/\/personohr.com\/tr\/wp-json\/wp\/v2\/comments?post=10527"}],"version-history":[{"count":22,"href":"https:\/\/personohr.com\/tr\/wp-json\/wp\/v2\/pages\/10527\/revisions"}],"predecessor-version":[{"id":11426,"href":"https:\/\/personohr.com\/tr\/wp-json\/wp\/v2\/pages\/10527\/revisions\/11426"}],"wp:attachment":[{"href":"https:\/\/personohr.com\/tr\/wp-json\/wp\/v2\/media?parent=10527"}],"curies":[{"name":"wp","href":"https:\/\/api.w.org\/{rel}","templated":true}]}}