{"id":11110,"date":"2023-03-28T10:16:49","date_gmt":"2023-03-28T07:16:49","guid":{"rendered":"https:\/\/personohr.com\/tr\/?page_id=11110"},"modified":"2023-03-28T10:26:50","modified_gmt":"2023-03-28T07:26:50","slug":"guvenlik","status":"publish","type":"page","link":"https:\/\/personohr.com\/tr\/guvenlik\/","title":{"rendered":"G\u00fcvenlik"},"content":{"rendered":"<p>[vc_row css=&#8221;.vc_custom_1679987437570{margin-top: 40px !important;}&#8221;][vc_column][vc_text_separator title=&#8221;G\u00dcVENL\u0130 VER\u0130 AKTARIMI&#8221; title_align=&#8221;separator_align_left&#8221;][vc_column_text]Web\/mobil uygulamam\u0131z ile arka u\u00e7 hizmetlerimiz aras\u0131ndaki t\u00fcm ba\u011flant\u0131lar HTTPS\/SSL sertifikalar\u0131 ile g\u00fcvence alt\u0131na al\u0131nm\u0131\u015ft\u0131r. En g\u00fc\u00e7l\u00fc \u015fifreleme algoritmalar\u0131ndan biri olan SSL 256-bit kullan\u0131yoruz. Bu g\u00fcvenlik standard\u0131, verilerinizi korumak i\u00e7in \u00e7evrimi\u00e7i bankalar taraf\u0131ndan kullan\u0131l\u0131r.[\/vc_column_text][vc_empty_space][vc_text_separator title=&#8221;\u0130ZLEME&#8221; title_align=&#8221;separator_align_left&#8221;][vc_column_text]Hizmetlerimizde kesinti ya\u015famamak ve en az %99,9 \u00e7al\u0131\u015fma s\u00fcresi sunmak i\u00e7in hizmetlerimizin kullan\u0131labilirli\u011fini 7\/24 izliyoruz. Ekibimiz, altyap\u0131y\u0131 ve yaz\u0131l\u0131m\u0131 s\u00fcrekli olarak geli\u015ftirerek, her zaman ve her yerden hizmetlerimize eri\u015fiminizi sa\u011flar.[\/vc_column_text][vc_empty_space][vc_text_separator title=&#8221;G\u00dcVEN\u0130L\u0130R VER\u0130 MERKEZ\u0130&#8221; title_align=&#8221;separator_align_left&#8221;][vc_column_text]Persono, d\u00fcnyan\u0131n en g\u00fcvenli veri merkezlerinden olan Amazon Web Services ortam\u0131nda bar\u0131nd\u0131r\u0131l\u0131r. Bar\u0131nd\u0131rma sa\u011flay\u0131c\u0131m\u0131z ISO 27001, SOC 2, SOC 3 sertifikalar\u0131yla onaylanm\u0131\u015ft\u0131r. AWS Veri Merkezi operasyonlar\u0131 ve g\u00fcvenlik \u00f6zellikleri, Persono&#8217;ya en verimli ve i\u015flevsel g\u00fcvenlik sistemini sa\u011flar. Bu performans ve kullan\u0131labilirlik parametreleri, tamamen y\u00f6netilen 7\/24 bir hizmettir.[\/vc_column_text][vc_empty_space][vc_text_separator title=&#8221;VER\u0130 YEDEKLEME&#8221; title_align=&#8221;separator_align_left&#8221;][vc_column_text]Persono veritabanlar\u0131n\u0131z her g\u00fcn yedeklenir (RPO=24h) ve g\u00fcvenli\u011finizi art\u0131rmak i\u00e7in farkl\u0131 lokasyonlarda saklan\u0131r ve \u015fifrelenir. Hizmetin %100 performans\u0131n\u0131 garanti etmek i\u00e7in yedekleme prosed\u00fcrlerimizi d\u00fczenli olarak test ediyor ve do\u011fruluyoruz. Verilerinizi yedekten geri y\u00fckleyebilece\u011fimiz 12 saat s\u00fcre garanti ediyoruz (RTO=12 saat).[\/vc_column_text][vc_empty_space][\/vc_column][\/vc_row]<\/p>\n","protected":false},"excerpt":{"rendered":"<p>[vc_row css=&#8221;.vc_custom_1679987437570{margin-top: 40px !important;}&#8221;][vc_column][vc_text_separator title=&#8221;G\u00dcVENL\u0130 VER\u0130 AKTARIMI&#8221; title_align=&#8221;separator_align_left&#8221;][vc_column_text]Web\/mobil uygulamam\u0131z ile arka u\u00e7 hizmetlerimiz aras\u0131ndaki t\u00fcm ba\u011flant\u0131lar HTTPS\/SSL sertifikalar\u0131 ile g\u00fcvence alt\u0131na al\u0131nm\u0131\u015ft\u0131r. En g\u00fc\u00e7l\u00fc \u015fifreleme algoritmalar\u0131ndan biri olan SSL 256-bit kullan\u0131yoruz. Bu g\u00fcvenlik standard\u0131, verilerinizi korumak i\u00e7in \u00e7evrimi\u00e7i bankalar taraf\u0131ndan [&hellip;]<\/p>\n","protected":false},"author":1,"featured_media":0,"parent":0,"menu_order":0,"comment_status":"closed","ping_status":"closed","template":"","meta":{"content-type":"","footnotes":""},"class_list":["post-11110","page","type-page","status-publish","hentry"],"aioseo_notices":[],"_links":{"self":[{"href":"https:\/\/personohr.com\/tr\/wp-json\/wp\/v2\/pages\/11110","targetHints":{"allow":["GET"]}}],"collection":[{"href":"https:\/\/personohr.com\/tr\/wp-json\/wp\/v2\/pages"}],"about":[{"href":"https:\/\/personohr.com\/tr\/wp-json\/wp\/v2\/types\/page"}],"author":[{"embeddable":true,"href":"https:\/\/personohr.com\/tr\/wp-json\/wp\/v2\/users\/1"}],"replies":[{"embeddable":true,"href":"https:\/\/personohr.com\/tr\/wp-json\/wp\/v2\/comments?post=11110"}],"version-history":[{"count":5,"href":"https:\/\/personohr.com\/tr\/wp-json\/wp\/v2\/pages\/11110\/revisions"}],"predecessor-version":[{"id":11115,"href":"https:\/\/personohr.com\/tr\/wp-json\/wp\/v2\/pages\/11110\/revisions\/11115"}],"wp:attachment":[{"href":"https:\/\/personohr.com\/tr\/wp-json\/wp\/v2\/media?parent=11110"}],"curies":[{"name":"wp","href":"https:\/\/api.w.org\/{rel}","templated":true}]}}