{"id":11487,"date":"2023-07-18T16:12:07","date_gmt":"2023-07-18T13:12:07","guid":{"rendered":"https:\/\/personohr.com\/tr\/?page_id=11487"},"modified":"2023-07-18T16:38:47","modified_gmt":"2023-07-18T13:38:47","slug":"is-ortakligi","status":"publish","type":"page","link":"https:\/\/personohr.com\/tr\/is-ortakligi\/","title":{"rendered":"\u0130\u015f Ortakl\u0131\u011f\u0131"},"content":{"rendered":"<p>[vc_row content_placement=&#8221;bottom&#8221; css_animation=&#8221;none&#8221; parallax_background_image=&#8221;4420&#8243;][vc_column]<div class=\"mkdf-elements-holder   mkdf-one-column  mkdf-responsive-mode-768 mkdf-one-column-alignment-right\" ><div class=\"mkdf-eh-item   mkdf-horizontal-alignment-right \"  data-item-class=\"mkdf-eh-custom-8177\" data-1367-1600=\"150px 20px 0px 603px\" data-1025-1366=\"28px 85px 0px 566px\" data-769-1024=\"80px 15px 0px 499px\" data-681-768=\"15px 30px 248px 30px\" data-680=\"43px 0px 248px\">\n\t<div class=\"mkdf-eh-item-inner\">\n\t\t<div class=\"mkdf-eh-item-content mkdf-eh-custom-8177\" style=\"padding: 151px 50px 0px 857px\">\n\t\t\t<div class=\"mkdf-animation-holder mkdf-element-from-right\" data-animation=\"mkdf-element-from-right\" data-animation-delay=\"\"><div class=\"mkdf-animation-inner\"><div class=\"mkdf-single-image-holder   mkdf-rounded-image \">\n    <div class=\"mkdf-si-inner\" >\n                                    <img width=\"991\" height=\"728\" src=\"https:\/\/personohr.com\/wp-content\/uploads\/2018\/06\/p3-title-img-2.png\" class=\"attachment-full size-full\" alt=\"persono\" decoding=\"async\" loading=\"lazy\" srcset=\"https:\/\/personohr.com\/wp-content\/uploads\/2018\/06\/p3-title-img-2.png 991w, https:\/\/personohr.com\/wp-content\/uploads\/2018\/06\/p3-title-img-2-300x220.png 300w, https:\/\/personohr.com\/wp-content\/uploads\/2018\/06\/p3-title-img-2-768x564.png 768w\" sizes=\"(max-width: 991px) 100vw, 991px\" \/>                        <\/div>\n<\/div><\/div><\/div>\t\t<\/div>\n\t<\/div>\n<\/div><\/div>[\/vc_column][\/vc_row][vc_row content_placement=&#8221;top&#8221; css_animation=&#8221;none&#8221; row_content_width=&#8221;grid&#8221; content_text_aligment=&#8221;right&#8221;][vc_column css=&#8221;.vc_custom_1528975685790{margin-top: -500px !important;}&#8221;]<div class=\"mkdf-elements-holder   mkdf-one-column  mkdf-responsive-mode-768 mkdf-one-column-alignment-right\" ><div class=\"mkdf-eh-item    \"  data-item-class=\"mkdf-eh-custom-3250\" data-1367-1600=\"130px 62% 106px 0\" data-1025-1366=\"163px 61% 130px 0\" data-769-1024=\"210px 44% 110px 0\" data-681-768=\"270px 8% 0px\" data-680=\"270px 0px 0px\">\n\t<div class=\"mkdf-eh-item-inner\">\n\t\t<div class=\"mkdf-eh-item-content mkdf-eh-custom-3250\" style=\"padding: 0 63% 290px 0\">\n\t\t\t<div class=\"mkdf-section-title-holder  mkdf-st-standard mkdf-st-title-left mkdf-st-normal-space \" style=\"text-align: left\">\n\t<div class=\"mkdf-st-inner\">\n\t\t\t\t\t<h2 class=\"mkdf-st-title\" >\n\t\t\t\tBirlikte b\u00fcy\u00fcyelim!<br \/>\t\t\t<\/h2>\n\t\t\t\t\t\t\t<p class=\"mkdf-st-text\" style=\"font-size: 20px;line-height: 33px\">\n\t\t\t\tPersono \u0130\u015f Orta\u011f\u0131 Program\u0131, dan\u0131\u015fmanl\u0131k firmalar\u0131, serbest \u00e7al\u0131\u015fan dan\u0131\u015fmanlar, end\u00fcstri liderleri i\u00e7in idealdir. Sizde insan kaynaklar\u0131 sekt\u00f6r\u00fcnde faaliyet g\u00f6steriyor ve kazan\u00e7 sa\u011flamak istiyorsan\u0131z g\u00fc\u00e7lerimizi birle\u015ftirelim.\t\t\t<\/p>\n\t\t\t<\/div>\n<\/div>\t\t<\/div>\n\t<\/div>\n<\/div><\/div>[\/vc_column][\/vc_row][vc_row row_content_width=&#8221;grid&#8221; css=&#8221;.vc_custom_1529592230542{padding-top: 110px !important;padding-bottom: 60px !important;}&#8221;][vc_column]<div class=\"mkdf-elements-holder   mkdf-one-column  mkdf-responsive-mode-768 mkdf-one-column-alignment-center\" ><div class=\"mkdf-eh-item   mkdf-horizontal-alignment-center \"  data-item-class=\"mkdf-eh-custom-3884\" data-1367-1600=\"0px 144px 0px 176px\" data-1025-1366=\"0px 144px 0px 176px\" data-769-1024=\"0px 0px 0px 0px\" data-681-768=\"0px 0px 0px 0px\" data-680=\"0px 58px 0px 46px\">\n\t<div class=\"mkdf-eh-item-inner\">\n\t\t<div class=\"mkdf-eh-item-content mkdf-eh-custom-3884\" style=\"padding: 0px 245px 0px 218px\">\n\t\t\t<div class=\"mkdf-section-title-holder  mkdf-st-standard mkdf-st-title-left mkdf-st-normal-space \" style=\"text-align: center\">\n\t<div class=\"mkdf-st-inner\">\n\t\t\t\t\t<h3 class=\"mkdf-st-title\" style=\"color: #58468c\">\n\t\t\t\t\u0130\u015f ortakl\u0131\u011f\u0131 ba\u015fvuru formu\t\t\t<\/h3>\n\t\t\t\t\t<\/div>\n<\/div>[vc_empty_space]\t\t<\/div>\n\t<\/div>\n<\/div><\/div>[vc_raw_html]JTNDc2NyaXB0JTIwY2hhcnNldCUzRCUyMnV0Zi04JTIyJTIwdHlwZSUzRCUyMnRleHQlMkZqYXZhc2NyaXB0JTIyJTIwc3JjJTNEJTIyJTJGJTJGanMuaHNmb3Jtcy5uZXQlMkZmb3JtcyUyRmVtYmVkJTJGdjIuanMlMjIlM0UlM0MlMkZzY3JpcHQlM0UlMEElM0NzY3JpcHQlM0UlMEElMjAlMjBoYnNwdC5mb3Jtcy5jcmVhdGUlMjglN0IlMEElMjAlMjAlMjAlMjByZWdpb24lM0ElMjAlMjJuYTElMjIlMkMlMEElMjAlMjAlMjAlMjBwb3J0YWxJZCUzQSUyMCUyMjIwMDkyNjU1JTIyJTJDJTBBJTIwJTIwJTIwJTIwZm9ybUlkJTNBJTIwJTIyZDEyZDJmOTQtZGYxMS00NWFmLWE4NjEtYWYwYjU3ODgxZWRmJTIyJTBBJTIwJTIwJTdEJTI5JTNCJTBBJTNDJTJGc2NyaXB0JTNF[\/vc_raw_html][\/vc_column][\/vc_row][vc_row][vc_column][vc_single_image image=&#8221;7778&#8243; img_size=&#8221;large&#8221; alignment=&#8221;center&#8221; style=&#8221;vc_box_rounded&#8221;][vc_empty_space height=&#8221;52px&#8221;][\/vc_column][\/vc_row]<\/p>\n","protected":false},"excerpt":{"rendered":"<p>[vc_row content_placement=&#8221;bottom&#8221; css_animation=&#8221;none&#8221; parallax_background_image=&#8221;4420&#8243;][vc_column][\/vc_column][\/vc_row][vc_row content_placement=&#8221;top&#8221; css_animation=&#8221;none&#8221; row_content_width=&#8221;grid&#8221; content_text_aligment=&#8221;right&#8221;][vc_column css=&#8221;.vc_custom_1528975685790{margin-top: -500px !important;}&#8221;][\/vc_column][\/vc_row][vc_row row_content_width=&#8221;grid&#8221; css=&#8221;.vc_custom_1529592230542{padding-top: 110px !important;padding-bottom: 60px !important;}&#8221;][vc_column][vc_raw_html]JTNDc2NyaXB0JTIwY2hhcnNldCUzRCUyMnV0Zi04JTIyJTIwdHlwZSUzRCUyMnRleHQlMkZqYXZhc2NyaXB0JTIyJTIwc3JjJTNEJTIyJTJGJTJGanMuaHNmb3Jtcy5uZXQlMkZmb3JtcyUyRmVtYmVkJTJGdjIuanMlMjIlM0UlM0MlMkZzY3JpcHQlM0UlMEElM0NzY3JpcHQlM0UlMEElMjAlMjBoYnNwdC5mb3Jtcy5jcmVhdGUlMjglN0IlMEElMjAlMjAlMjAlMjByZWdpb24lM0ElMjAlMjJuYTElMjIlMkMlMEElMjAlMjAlMjAlMjBwb3J0YWxJZCUzQSUyMCUyMjIwMDkyNjU1JTIyJTJDJTBBJTIwJTIwJTIwJTIwZm9ybUlkJTNBJTIwJTIyZDEyZDJmOTQtZGYxMS00NWFmLWE4NjEtYWYwYjU3ODgxZWRmJTIyJTBBJTIwJTIwJTdEJTI5JTNCJTBBJTNDJTJGc2NyaXB0JTNF[\/vc_raw_html][\/vc_column][\/vc_row][vc_row][vc_column][vc_single_image image=&#8221;7778&#8243; img_size=&#8221;large&#8221; alignment=&#8221;center&#8221; style=&#8221;vc_box_rounded&#8221;][vc_empty_space height=&#8221;52px&#8221;][\/vc_column][\/vc_row]<\/p>\n","protected":false},"author":1,"featured_media":0,"parent":0,"menu_order":0,"comment_status":"closed","ping_status":"closed","template":"full-width.php","meta":{"content-type":""},"aioseo_notices":[],"_links":{"self":[{"href":"https:\/\/personohr.com\/tr\/wp-json\/wp\/v2\/pages\/11487"}],"collection":[{"href":"https:\/\/personohr.com\/tr\/wp-json\/wp\/v2\/pages"}],"about":[{"href":"https:\/\/personohr.com\/tr\/wp-json\/wp\/v2\/types\/page"}],"author":[{"embeddable":true,"href":"https:\/\/personohr.com\/tr\/wp-json\/wp\/v2\/users\/1"}],"replies":[{"embeddable":true,"href":"https:\/\/personohr.com\/tr\/wp-json\/wp\/v2\/comments?post=11487"}],"version-history":[{"count":8,"href":"https:\/\/personohr.com\/tr\/wp-json\/wp\/v2\/pages\/11487\/revisions"}],"predecessor-version":[{"id":11496,"href":"https:\/\/personohr.com\/tr\/wp-json\/wp\/v2\/pages\/11487\/revisions\/11496"}],"wp:attachment":[{"href":"https:\/\/personohr.com\/tr\/wp-json\/wp\/v2\/media?parent=11487"}],"curies":[{"name":"wp","href":"https:\/\/api.w.org\/{rel}","templated":true}]}}