{"id":11580,"date":"2023-07-22T11:44:09","date_gmt":"2023-07-22T08:44:09","guid":{"rendered":"https:\/\/personohr.com\/tr\/?page_id=11580"},"modified":"2025-06-17T14:04:59","modified_gmt":"2025-06-17T11:04:59","slug":"entegrasyonlar","status":"publish","type":"page","link":"https:\/\/personohr.com\/tr\/entegrasyonlar\/","title":{"rendered":"Entegrasyonlar"},"content":{"rendered":"<p>[vc_row][vc_column]<div class=\"mkdf-section-title-holder  mkdf-st-standard mkdf-st-title-left mkdf-st-normal-space \" >\n\t<div class=\"mkdf-st-inner\">\n\t\t\t\t\t<h2 class=\"mkdf-st-title\" >\n\t\t\t\tEntegrasyonlar\t\t\t<\/h2>\n\t\t\t\t\t<\/div>\n<\/div>[vc_empty_space height=&#8221;40px&#8221;][vc_text_separator title=&#8221;Kulland\u0131\u011f\u0131n\u0131z uygulama ve platformlarla Persono&#8217;yu kolayca entegre ederek kullanabilirsiniz.&#8221;][vc_empty_space height=&#8221;40px&#8221;][\/vc_column][\/vc_row][vc_row row_content_width=&#8221;grid&#8221;][vc_column width=&#8221;1\/4&#8243;]<div class=\"mkdf-image-with-text-holder   mkdf-image-behavior-custom-link \">\n    <div class=\"mkdf-iwt-image\">\n        \t            <a itemprop=\"url\" href=\"https:\/\/personohr.com\/tr\/entegrasyonlar\/sap-persono-entegrasyonu\/\" target=\"_self\">\n                                    <img src=\"https:\/\/personohr.com\/wp-content\/uploads\/2023\/07\/sap-200x200.jpg\" alt=\"\" width=\"200\" height=\"200\" \/>                                <\/a>\n                    <\/div>\n    <div class=\"mkdf-iwt-text-holder\">\n                    <h4 class=\"mkdf-iwt-title\" style=\"margin-top: 5px\">SAP<\/h4>\n        \t\t            <p class=\"mkdf-iwt-text\" style=\"margin-top: -5px\">HRMS<\/p>\n            <\/div>\n    <\/div>[\/vc_column][vc_column width=&#8221;1\/4&#8243;]<div class=\"mkdf-image-with-text-holder   mkdf-image-behavior-custom-link \">\n    <div class=\"mkdf-iwt-image\">\n        \t            <a itemprop=\"url\" href=\"https:\/\/personohr.com\/tr\/entegrasyonlar\/persono-logo-entegrasyonu\/\" target=\"_self\">\n                                    <img src=\"https:\/\/personohr.com\/wp-content\/uploads\/2023\/07\/logo-200x200.jpg\" alt=\"\" width=\"200\" height=\"200\" \/>                                <\/a>\n                    <\/div>\n    <div class=\"mkdf-iwt-text-holder\">\n                    <h4 class=\"mkdf-iwt-title\" style=\"margin-top: 5px\">Logo<\/h4>\n        \t\t            <p class=\"mkdf-iwt-text\" style=\"margin-top: -5px\">HRMS<\/p>\n            <\/div>\n    <\/div>[\/vc_column][vc_column width=&#8221;1\/4&#8243;]<div class=\"mkdf-image-with-text-holder   mkdf-image-behavior-custom-link \">\n    <div class=\"mkdf-iwt-image\">\n        \t            <a itemprop=\"url\" href=\"https:\/\/personohr.com\/tr\/entegrasyonlar\/persono-mikro-entegrasyonu\/\" target=\"_self\">\n                                    <img src=\"https:\/\/personohr.com\/wp-content\/uploads\/2023\/07\/mikro-200x200.jpg\" alt=\"\" width=\"200\" height=\"200\" \/>                                <\/a>\n                    <\/div>\n    <div class=\"mkdf-iwt-text-holder\">\n                    <h4 class=\"mkdf-iwt-title\" style=\"margin-top: 5px\">Mikro<\/h4>\n        \t\t            <p class=\"mkdf-iwt-text\" style=\"margin-top: -5px\">HRMS<\/p>\n            <\/div>\n    <\/div>[\/vc_column][vc_column width=&#8221;1\/4&#8243;]<div class=\"mkdf-image-with-text-holder   mkdf-image-behavior-custom-link \">\n    <div class=\"mkdf-iwt-image\">\n        \t            <a itemprop=\"url\" href=\"https:\/\/personohr.com\/tr\/entegrasyonlar\/filika-persono-entegrasyonu\/\" target=\"_self\">\n                                    <img src=\"https:\/\/personohr.com\/wp-content\/uploads\/2025\/06\/filika500-200x200.jpg\" alt=\"\" width=\"200\" height=\"200\" \/>                                <\/a>\n                    <\/div>\n    <div class=\"mkdf-iwt-text-holder\">\n                    <h4 class=\"mkdf-iwt-title\" style=\"margin-top: 5px\">Filika.co<\/h4>\n        \t\t            <p class=\"mkdf-iwt-text\" style=\"margin-top: -5px\">Bordro<\/p>\n            <\/div>\n    <\/div>[\/vc_column][\/vc_row][vc_row row_content_width=&#8221;grid&#8221;][vc_column width=&#8221;1\/4&#8243;]<div class=\"mkdf-image-with-text-holder   mkdf-image-behavior-custom-link \">\n    <div class=\"mkdf-iwt-image\">\n        \t            <a itemprop=\"url\" href=\"https:\/\/personohr.com\/tr\/entegrasyonlar\/api-entegrasyon\/\" target=\"_self\">\n                                    <img src=\"https:\/\/personohr.com\/wp-content\/uploads\/2025\/04\/Api-integration-200x200.jpg\" alt=\"\" width=\"200\" height=\"200\" \/>                                <\/a>\n                    <\/div>\n    <div class=\"mkdf-iwt-text-holder\">\n                    <h4 class=\"mkdf-iwt-title\" style=\"margin-top: 5px\">API<\/h4>\n        \t\t            <p class=\"mkdf-iwt-text\" style=\"margin-top: -5px\">Custom App, ERP<\/p>\n            <\/div>\n    <\/div>[\/vc_column][vc_column width=&#8221;1\/4&#8243;][\/vc_column][vc_column width=&#8221;1\/4&#8243;][\/vc_column][vc_column width=&#8221;1\/4&#8243;][\/vc_column][\/vc_row]<\/p>\n","protected":false},"excerpt":{"rendered":"<p>[vc_row][vc_column][vc_empty_space height=&#8221;40px&#8221;][vc_text_separator title=&#8221;Kulland\u0131\u011f\u0131n\u0131z uygulama ve platformlarla Persono&#8217;yu kolayca entegre ederek kullanabilirsiniz.&#8221;][vc_empty_space height=&#8221;40px&#8221;][\/vc_column][\/vc_row][vc_row row_content_width=&#8221;grid&#8221;][vc_column width=&#8221;1\/4&#8243;][\/vc_column][vc_column width=&#8221;1\/4&#8243;][\/vc_column][vc_column width=&#8221;1\/4&#8243;][\/vc_column][vc_column width=&#8221;1\/4&#8243;][\/vc_column][\/vc_row][vc_row row_content_width=&#8221;grid&#8221;][vc_column width=&#8221;1\/4&#8243;][\/vc_column][vc_column width=&#8221;1\/4&#8243;][\/vc_column][vc_column width=&#8221;1\/4&#8243;][\/vc_column][vc_column width=&#8221;1\/4&#8243;][\/vc_column][\/vc_row]<\/p>\n","protected":false},"author":1,"featured_media":0,"parent":0,"menu_order":0,"comment_status":"closed","ping_status":"closed","template":"","meta":{"content-type":""},"aioseo_notices":[],"_links":{"self":[{"href":"https:\/\/personohr.com\/tr\/wp-json\/wp\/v2\/pages\/11580"}],"collection":[{"href":"https:\/\/personohr.com\/tr\/wp-json\/wp\/v2\/pages"}],"about":[{"href":"https:\/\/personohr.com\/tr\/wp-json\/wp\/v2\/types\/page"}],"author":[{"embeddable":true,"href":"https:\/\/personohr.com\/tr\/wp-json\/wp\/v2\/users\/1"}],"replies":[{"embeddable":true,"href":"https:\/\/personohr.com\/tr\/wp-json\/wp\/v2\/comments?post=11580"}],"version-history":[{"count":12,"href":"https:\/\/personohr.com\/tr\/wp-json\/wp\/v2\/pages\/11580\/revisions"}],"predecessor-version":[{"id":11771,"href":"https:\/\/personohr.com\/tr\/wp-json\/wp\/v2\/pages\/11580\/revisions\/11771"}],"wp:attachment":[{"href":"https:\/\/personohr.com\/tr\/wp-json\/wp\/v2\/media?parent=11580"}],"curies":[{"name":"wp","href":"https:\/\/api.w.org\/{rel}","templated":true}]}}