{"id":11590,"date":"2023-07-22T11:56:45","date_gmt":"2023-07-22T08:56:45","guid":{"rendered":"https:\/\/personohr.com\/tr\/?page_id=11590"},"modified":"2023-11-23T17:35:33","modified_gmt":"2023-11-23T14:35:33","slug":"persono-logo-entegrasyonu","status":"publish","type":"page","link":"https:\/\/personohr.com\/tr\/entegrasyonlar\/persono-logo-entegrasyonu\/","title":{"rendered":"Persono &#038; Logo Entegrasyonu"},"content":{"rendered":"<p>[vc_row row_content_width=&#8221;grid&#8221;][vc_column width=&#8221;1\/4&#8243;][vc_single_image image=&#8221;11508&#8243; alignment=&#8221;center&#8221; style=&#8221;vc_box_rounded&#8221;][vc_column_text]<\/p>\n<p style=\"text-align: center;\"><a href=\"https:\/\/www.logo.com.tr\" target=\"_blank\" rel=\"noopener\">Siteyi Ziyaret Et<\/a><\/p>\n<p>[\/vc_column_text][\/vc_column][vc_column width=&#8221;3\/4&#8243;]<div class=\"mkdf-section-title-holder  mkdf-st-standard mkdf-st-title-left mkdf-st-normal-space \" >\n\t<div class=\"mkdf-st-inner\">\n\t\t\t\t\t<h2 class=\"mkdf-st-title\" >\n\t\t\t\tPersono'yu Logo uygulaman\u0131zla entegre edin\t\t\t<\/h2>\n\t\t\t\t\t<\/div>\n<\/div>[vc_empty_space][vc_column_text]<\/p>\n<h4>Kullan\u0131m Senaryosu<\/h4>\n<p>Persono entegrasyon se\u00e7ene\u011fi ile \u00e7al\u0131\u015fan kay\u0131tlar\u0131, organizasyon yap\u0131s\u0131 ve performans verileri Logo platformundan Persono&#8217;ya anl\u0131k olarak aktar\u0131l\u0131r. B\u00f6ylece iki uygulamaya veri girmek zorunda kalmazs\u0131n\u0131z. Veri al\u0131\u015fveri\u015fi \u00e7ift y\u00f6nl\u00fc olarak ger\u00e7ekle\u015fmektedir.[\/vc_column_text][vc_empty_space height=&#8221;50px&#8221;][vc_column_text]<a title=\"Entegrasyonlar\" href=\"https:\/\/personohr.com\/tr\/entegrasyonlar\/\">T\u00fcm Entegrasyonlar<\/a>[\/vc_column_text][vc_empty_space][\/vc_column][\/vc_row][vc_row row_content_width=&#8221;grid&#8221;][vc_column]<div class=\"mkdf-elements-holder   mkdf-one-column  mkdf-responsive-mode-768 \" ><div class=\"mkdf-eh-item   mkdf-horizontal-alignment-center \"  data-item-class=\"mkdf-eh-custom-1800\">\n\t<div class=\"mkdf-eh-item-inner\">\n\t\t<div class=\"mkdf-eh-item-content mkdf-eh-custom-1800\" >\n\t\t\t[vc_separator][vc_empty_space]<div class=\"mkdf-section-title-holder  mkdf-st-standard mkdf-st-title-left mkdf-st-normal-space \" >\n\t<div class=\"mkdf-st-inner\">\n\t\t\t\t\t<h4 class=\"mkdf-st-title\" >\n\t\t\t\tDaha fazla bilgi ve sunum talebiniz i\u00e7in bize ula\u015f\u0131n.\t\t\t<\/h4>\n\t\t\t\t\t<\/div>\n<\/div>[vc_empty_space]<a itemprop=\"url\" href=\"https:\/\/personohr.com\/tr\/sunum-talebi\/\" target=\"_self\" style=\"margin: 0px 7px 10px 7px;padding: 12px 42px 12px 42px\" class=\"mkdf-btn mkdf-btn-large mkdf-btn-solid\"  >\n    <span class=\"mkdf-btn-text\">Sunum Talep Et<\/span>\n    <\/a><a itemprop=\"url\" href=\"https:\/\/personohr.com\/tr\/bize-ulasin\" target=\"_self\" style=\"margin: 0px 7px 10px 7px;padding: 12px 42px 12px 42px\" class=\"mkdf-btn mkdf-btn-large mkdf-btn-solid\"  >\n    <span class=\"mkdf-btn-text\">Bize Ula\u015f\u0131n<\/span>\n    <\/a>[vc_empty_space]\t\t<\/div>\n\t<\/div>\n<\/div><\/div>[\/vc_column][\/vc_row]<\/p>\n","protected":false},"excerpt":{"rendered":"<p>[vc_row row_content_width=&#8221;grid&#8221;][vc_column width=&#8221;1\/4&#8243;][vc_single_image image=&#8221;11508&#8243; alignment=&#8221;center&#8221; style=&#8221;vc_box_rounded&#8221;][vc_column_text] Siteyi Ziyaret Et [\/vc_column_text][\/vc_column][vc_column width=&#8221;3\/4&#8243;][vc_empty_space][vc_column_text] Kullan\u0131m Senaryosu Persono entegrasyon se\u00e7ene\u011fi ile \u00e7al\u0131\u015fan kay\u0131tlar\u0131, organizasyon yap\u0131s\u0131 ve performans verileri Logo platformundan Persono&#8217;ya anl\u0131k olarak aktar\u0131l\u0131r. B\u00f6ylece iki uygulamaya veri girmek zorunda kalmazs\u0131n\u0131z. Veri al\u0131\u015fveri\u015fi \u00e7ift [&hellip;]<\/p>\n","protected":false},"author":1,"featured_media":0,"parent":11580,"menu_order":0,"comment_status":"closed","ping_status":"closed","template":"full-width.php","meta":{"content-type":""},"aioseo_notices":[],"_links":{"self":[{"href":"https:\/\/personohr.com\/tr\/wp-json\/wp\/v2\/pages\/11590"}],"collection":[{"href":"https:\/\/personohr.com\/tr\/wp-json\/wp\/v2\/pages"}],"about":[{"href":"https:\/\/personohr.com\/tr\/wp-json\/wp\/v2\/types\/page"}],"author":[{"embeddable":true,"href":"https:\/\/personohr.com\/tr\/wp-json\/wp\/v2\/users\/1"}],"replies":[{"embeddable":true,"href":"https:\/\/personohr.com\/tr\/wp-json\/wp\/v2\/comments?post=11590"}],"version-history":[{"count":5,"href":"https:\/\/personohr.com\/tr\/wp-json\/wp\/v2\/pages\/11590\/revisions"}],"predecessor-version":[{"id":11651,"href":"https:\/\/personohr.com\/tr\/wp-json\/wp\/v2\/pages\/11590\/revisions\/11651"}],"up":[{"embeddable":true,"href":"https:\/\/personohr.com\/tr\/wp-json\/wp\/v2\/pages\/11580"}],"wp:attachment":[{"href":"https:\/\/personohr.com\/tr\/wp-json\/wp\/v2\/media?parent=11590"}],"curies":[{"name":"wp","href":"https:\/\/api.w.org\/{rel}","templated":true}]}}