{"id":11722,"date":"2025-02-20T15:40:11","date_gmt":"2025-02-20T12:40:11","guid":{"rendered":"https:\/\/personohr.com\/tr\/?page_id=11722"},"modified":"2025-02-20T15:41:34","modified_gmt":"2025-02-20T12:41:34","slug":"teklif-talebi","status":"publish","type":"page","link":"https:\/\/personohr.com\/tr\/teklif-talebi\/","title":{"rendered":"Teklif Talebi"},"content":{"rendered":"<p>[vc_row full_height=&#8221;yes&#8221;][vc_column width=&#8221;1\/2&#8243;]<div class=\"mkdf-elements-holder   mkdf-one-column  mkdf-responsive-mode-768 \" ><div class=\"mkdf-eh-item   mkdf-horizontal-alignment-center \"  data-item-class=\"mkdf-eh-custom-3902\">\n\t<div class=\"mkdf-eh-item-inner\">\n\t\t<div class=\"mkdf-eh-item-content mkdf-eh-custom-3902\" >\n\t\t\t<div class=\"mkdf-section-title-holder  mkdf-st-standard mkdf-st-title-left mkdf-st-normal-space \" style=\"text-align: center\">\n\t<div class=\"mkdf-st-inner\">\n\t\t\t\t\t<h4 class=\"mkdf-st-title\" >\n\t\t\t\tA\u015fa\u011f\u0131daki formu doldurarak teklif alabilirsiniz.\t\t\t<\/h4>\n\t\t\t\t\t<\/div>\n<\/div>[vc_empty_space][vc_raw_html]JTNDc2NyaXB0JTIwY2hhcnNldCUzRCUyMnV0Zi04JTIyJTIwdHlwZSUzRCUyMnRleHQlMkZqYXZhc2NyaXB0JTIyJTIwc3JjJTNEJTIyJTJGJTJGanMuaHNmb3Jtcy5uZXQlMkZmb3JtcyUyRmVtYmVkJTJGdjIuanMlMjIlM0UlM0MlMkZzY3JpcHQlM0UlMEElM0NzY3JpcHQlM0UlMEElMjAlMjBoYnNwdC5mb3Jtcy5jcmVhdGUlMjglN0IlMEElMjAlMjAlMjAlMjBwb3J0YWxJZCUzQSUyMCUyMjIwMDkyNjU1JTIyJTJDJTBBJTIwJTIwJTIwJTIwZm9ybUlkJTNBJTIwJTIyZmVlNGVhZmMtOTQ0OS00NDMzLTkwOGItYzgyOTJjMTdkZDdkJTIyJTJDJTBBJTIwJTIwJTIwJTIwcmVnaW9uJTNBJTIwJTIybmExJTIyJTBBJTIwJTIwJTdEJTI5JTNCJTBBJTNDJTJGc2NyaXB0JTNF[\/vc_raw_html]\t\t<\/div>\n\t<\/div>\n<\/div><\/div>[\/vc_column][vc_column width=&#8221;1\/2&#8243;]<div class=\"mkdf-section-title-holder  mkdf-st-standard mkdf-st-title-left mkdf-st-normal-space \" style=\"text-align: center\">\n\t<div class=\"mkdf-st-inner\">\n\t\t\t\t\t<h4 class=\"mkdf-st-title\" >\n\t\t\t\tSiz de bizi tercih eden kullan\u0131c\u0131lar\u0131m\u0131z aras\u0131na kat\u0131l\u0131n!\t\t\t<\/h4>\n\t\t\t\t\t<\/div>\n<\/div>[vc_empty_space height=&#8221;64px&#8221;]<div class=\"mkdf-clients-carousel-holder mkdf-cc-hover-switch-images\">\n\t<div class=\"mkdf-cc-inner mkdf-owl-slider\" data-number-of-items=\"2\" data-enable-loop=\"yes\" data-enable-autoplay=\"yes\" data-slider-speed=\"5000\" data-slider-speed-animation=\"600\" data-enable-navigation=\"no\" data-enable-pagination=\"no\">\n\t\t<div class=\"mkdf-cc-item mkdf-item-space mkdf-cci-no-link\">\n\t\t\t<div class=\"mkdf-cc-image-wrapper\">\n\t\t\t\t\t\t\t<img itemprop=\"image\" class=\"mkdf-cc-image\" src=\"https:\/\/personohr.com\/wp-content\/uploads\/2023\/03\/nobel-automotive-logo-1.png\" alt=\"nobel\"\/>\n\t\t\t\t\t\t\t\t<\/div>\n\t\t<\/div><div class=\"mkdf-cc-item mkdf-item-space mkdf-cci-no-link\">\n\t\t\t<div class=\"mkdf-cc-image-wrapper\">\n\t\t\t\t\t\t\t<img itemprop=\"image\" class=\"mkdf-cc-image\" src=\"https:\/\/personohr.com\/wp-content\/uploads\/2023\/03\/polteks.png\" alt=\"polteks\"\/>\n\t\t\t\t\t\t\t\t<\/div>\n\t\t<\/div><div class=\"mkdf-cc-item mkdf-item-space mkdf-cci-no-link\">\n\t\t\t<div class=\"mkdf-cc-image-wrapper\">\n\t\t\t\t\t\t\t<img itemprop=\"image\" class=\"mkdf-cc-image\" src=\"https:\/\/personohr.com\/wp-content\/uploads\/2023\/03\/yuksel-jpg.webp\" alt=\"yuksel\"\/>\n\t\t\t\t\t\t\t\t<\/div>\n\t\t<\/div><div class=\"mkdf-cc-item mkdf-item-space mkdf-cci-no-link\">\n\t\t\t<div class=\"mkdf-cc-image-wrapper\">\n\t\t\t\t\t\t\t<img itemprop=\"image\" class=\"mkdf-cc-image\" src=\"https:\/\/personohr.com\/wp-content\/uploads\/2023\/03\/logocfn.png\" alt=\"cfn kimya\"\/>\n\t\t\t\t\t\t\t\t<\/div>\n\t\t<\/div><div class=\"mkdf-cc-item mkdf-item-space mkdf-cci-no-link\">\n\t\t\t<div class=\"mkdf-cc-image-wrapper\">\n\t\t\t\t\t\t\t<img itemprop=\"image\" class=\"mkdf-cc-image\" src=\"https:\/\/personohr.com\/wp-content\/uploads\/2023\/03\/figes.png\" alt=\"figes\"\/>\n\t\t\t\t\t\t\t\t<\/div>\n\t\t<\/div>\t<\/div>\n<\/div>[vc_empty_space height=&#8221;45px&#8221;]<div class=\"mkdf-clients-carousel-holder mkdf-cc-hover-switch-images\">\n\t<div class=\"mkdf-cc-inner mkdf-owl-slider\" data-number-of-items=\"2\" data-enable-loop=\"yes\" data-enable-autoplay=\"yes\" data-slider-speed=\"5000\" data-slider-speed-animation=\"600\" data-enable-navigation=\"no\" data-enable-pagination=\"no\">\n\t\t<div class=\"mkdf-cc-item mkdf-item-space mkdf-cci-no-link\">\n\t\t\t<div class=\"mkdf-cc-image-wrapper\">\n\t\t\t\t\t\t\t<img itemprop=\"image\" class=\"mkdf-cc-image\" src=\"https:\/\/personohr.com\/wp-content\/uploads\/2023\/03\/ozka.png\" alt=\"ozka\"\/>\n\t\t\t\t\t\t\t\t<\/div>\n\t\t<\/div><div class=\"mkdf-cc-item mkdf-item-space mkdf-cci-no-link\">\n\t\t\t<div class=\"mkdf-cc-image-wrapper\">\n\t\t\t\t\t\t\t<img itemprop=\"image\" class=\"mkdf-cc-image\" src=\"https:\/\/personohr.com\/wp-content\/uploads\/2023\/03\/inci-1.png\" alt=\"inci\"\/>\n\t\t\t\t\t\t\t\t<\/div>\n\t\t<\/div><div class=\"mkdf-cc-item mkdf-item-space mkdf-cci-no-link\">\n\t\t\t<div class=\"mkdf-cc-image-wrapper\">\n\t\t\t\t\t\t\t<img itemprop=\"image\" class=\"mkdf-cc-image\" src=\"https:\/\/personohr.com\/wp-content\/uploads\/2023\/03\/doruklogo-jpg.webp\" alt=\"doruk\"\/>\n\t\t\t\t\t\t\t\t<\/div>\n\t\t<\/div><div class=\"mkdf-cc-item mkdf-item-space mkdf-cci-no-link\">\n\t\t\t<div class=\"mkdf-cc-image-wrapper\">\n\t\t\t\t\t\t\t<img itemprop=\"image\" class=\"mkdf-cc-image\" src=\"https:\/\/personohr.com\/wp-content\/uploads\/2023\/03\/sumika.png\" alt=\"sumika\"\/>\n\t\t\t\t\t\t\t\t<\/div>\n\t\t<\/div><div class=\"mkdf-cc-item mkdf-item-space mkdf-cci-no-link\">\n\t\t\t<div class=\"mkdf-cc-image-wrapper\">\n\t\t\t\t\t\t\t<img itemprop=\"image\" class=\"mkdf-cc-image\" src=\"https:\/\/personohr.com\/wp-content\/uploads\/2023\/03\/teklas.png\" alt=\"teklas\"\/>\n\t\t\t\t\t\t\t\t<\/div>\n\t\t<\/div>\t<\/div>\n<\/div>[vc_empty_space height=&#8221;45px&#8221;]<div class=\"mkdf-clients-carousel-holder mkdf-cc-hover-switch-images\">\n\t<div class=\"mkdf-cc-inner mkdf-owl-slider\" data-number-of-items=\"2\" data-enable-loop=\"yes\" data-enable-autoplay=\"yes\" data-slider-speed=\"5000\" data-slider-speed-animation=\"600\" data-enable-navigation=\"no\" data-enable-pagination=\"no\">\n\t\t<div class=\"mkdf-cc-item mkdf-item-space mkdf-cci-no-link\">\n\t\t\t<div class=\"mkdf-cc-image-wrapper\">\n\t\t\t\t\t\t\t<img itemprop=\"image\" class=\"mkdf-cc-image\" src=\"https:\/\/personohr.com\/wp-content\/uploads\/2023\/03\/incihol-1.png\" alt=\"inci maxion\"\/>\n\t\t\t\t\t\t\t\t<\/div>\n\t\t<\/div><div class=\"mkdf-cc-item mkdf-item-space mkdf-cci-no-link\">\n\t\t\t<div class=\"mkdf-cc-image-wrapper\">\n\t\t\t\t\t\t\t<img itemprop=\"image\" class=\"mkdf-cc-image\" src=\"https:\/\/personohr.com\/wp-content\/uploads\/2023\/03\/jant.png\" alt=\"janta\u015f\"\/>\n\t\t\t\t\t\t\t\t<\/div>\n\t\t<\/div><div class=\"mkdf-cc-item mkdf-item-space mkdf-cci-no-link\">\n\t\t\t<div class=\"mkdf-cc-image-wrapper\">\n\t\t\t\t\t\t\t<img itemprop=\"image\" class=\"mkdf-cc-image\" src=\"https:\/\/personohr.com\/wp-content\/uploads\/2023\/03\/r_novartis.png\" alt=\"novartis\"\/>\n\t\t\t\t\t\t\t\t<\/div>\n\t\t<\/div><div class=\"mkdf-cc-item mkdf-item-space mkdf-cci-no-link\">\n\t\t\t<div class=\"mkdf-cc-image-wrapper\">\n\t\t\t\t\t\t\t<img itemprop=\"image\" class=\"mkdf-cc-image\" src=\"https:\/\/personohr.com\/wp-content\/uploads\/2023\/03\/ucgeLogo.png\" alt=\"\u00fc\u00e7ge\"\/>\n\t\t\t\t\t\t\t\t<\/div>\n\t\t<\/div>\t<\/div>\n<\/div>[\/vc_column][\/vc_row]<\/p>\n","protected":false},"excerpt":{"rendered":"<p>[vc_row full_height=&#8221;yes&#8221;][vc_column width=&#8221;1\/2&#8243;][\/vc_column][vc_column width=&#8221;1\/2&#8243;][vc_empty_space height=&#8221;64px&#8221;][vc_empty_space height=&#8221;45px&#8221;][vc_empty_space height=&#8221;45px&#8221;][\/vc_column][\/vc_row]<\/p>\n","protected":false},"author":1,"featured_media":0,"parent":0,"menu_order":0,"comment_status":"closed","ping_status":"closed","template":"","meta":{"content-type":""},"aioseo_notices":[],"_links":{"self":[{"href":"https:\/\/personohr.com\/tr\/wp-json\/wp\/v2\/pages\/11722"}],"collection":[{"href":"https:\/\/personohr.com\/tr\/wp-json\/wp\/v2\/pages"}],"about":[{"href":"https:\/\/personohr.com\/tr\/wp-json\/wp\/v2\/types\/page"}],"author":[{"embeddable":true,"href":"https:\/\/personohr.com\/tr\/wp-json\/wp\/v2\/users\/1"}],"replies":[{"embeddable":true,"href":"https:\/\/personohr.com\/tr\/wp-json\/wp\/v2\/comments?post=11722"}],"version-history":[{"count":2,"href":"https:\/\/personohr.com\/tr\/wp-json\/wp\/v2\/pages\/11722\/revisions"}],"predecessor-version":[{"id":11724,"href":"https:\/\/personohr.com\/tr\/wp-json\/wp\/v2\/pages\/11722\/revisions\/11724"}],"wp:attachment":[{"href":"https:\/\/personohr.com\/tr\/wp-json\/wp\/v2\/media?parent=11722"}],"curies":[{"name":"wp","href":"https:\/\/api.w.org\/{rel}","templated":true}]}}