{"id":9982,"date":"2020-12-20T18:42:24","date_gmt":"2020-12-20T15:42:24","guid":{"rendered":"http:\/\/personohr.com\/?page_id=9982&#038;lang=tr"},"modified":"2023-06-26T14:58:17","modified_gmt":"2023-06-26T11:58:17","slug":"performans-yonetimi","status":"publish","type":"page","link":"https:\/\/personohr.com\/tr\/performans-yonetimi\/","title":{"rendered":"Performans"},"content":{"rendered":"<p>[vc_row row_content_width=&#8221;grid&#8221;][vc_column width=&#8221;5\/6&#8243;]<div class=\"mkdf-section-title-holder  mkdf-st-standard mkdf-st-title-left mkdf-st-normal-space \" >\n\t<div class=\"mkdf-st-inner\">\n\t\t\t\t\t<h3 class=\"mkdf-st-title\" >\n\t\t\t\tGer\u00e7ek Zamanl\u0131 Performans Y\u00f6netimi\t\t\t<\/h3>\n\t\t\t\t\t\t\t<p class=\"mkdf-st-text\" style=\"font-size: 20px;line-height: 33px;margin-top: 16px\">\n\t\t\t\tPersono, kurumsal yap\u0131n\u0131za en uygun \u00f6l\u00e7me de\u011ferlendirme y\u00f6ntemini se\u00e7ip kullanabilmenize, \u00e7al\u0131\u015fanlar\u0131n\u0131z\u0131n yetkinlik geli\u015fimi ve ortak hedefler etraf\u0131nda hizalanmalar\u0131n\u0131 detayl\u0131 bir \u015fekilde takip edip y\u00f6netebilmenize olanak sa\u011flar.<br \/>\n\u015eeffafl\u0131\u011f\u0131, kat\u0131l\u0131m\u0131 ve \u00e7al\u0131\u015fan geli\u015fimini art\u0131rman\u0131za yard\u0131mc\u0131 olur . \u00c7al\u0131\u015fanlar aras\u0131nda d\u00fczenli ve yap\u0131c\u0131 geri bildirimi te\u015fvik eder.<br \/>\nPersono \u0130K performans mod\u00fcl\u00fcn\u00fc kullanarak, yetkinlik veya hedef bazl\u0131 360 dereceye kadar \u00f6l\u00e7me ve de\u011ferlendirme yapabilirsiniz. De\u011ferlendirme ve analiz sonu\u00e7lar\u0131n\u0131 kullanarak, \u00e7al\u0131\u015fanlar\u0131n\u0131z i\u00e7in e\u011fitim geli\u015fim, \u00f6d\u00fcllendirme, kariyer planlar\u0131 haz\u0131rlayabilirsiniz.\t\t\t<\/p>\n\t\t\t<\/div>\n<\/div>[\/vc_column][vc_column width=&#8221;1\/6&#8243;][vc_btn title=&#8221;Sunum Talep Et&#8221; color=&#8221;pink&#8221; align=&#8221;center&#8221; button_block=&#8221;true&#8221; link=&#8221;url:https%3A%2F%2Fpersonohr.com%2Ftr%2Fsunum-talebi%2F|title:Sunum%20Talebi|target:%20_blank|&#8221;][\/vc_column][\/vc_row][vc_row content_placement=&#8221;middle&#8221; row_content_width=&#8221;grid&#8221; css=&#8221;.vc_custom_1607176335679{padding-top: 62px !important;padding-bottom: 36px !important;}&#8221;][vc_column offset=&#8221;vc_col-lg-5 vc_col-md-12&#8243;]<div class=\"mkdf-elements-holder   mkdf-one-column  mkdf-responsive-mode-768 \" ><div class=\"mkdf-eh-item    \"  data-item-class=\"mkdf-eh-custom-8050\" data-1025-1366=\"0px 20px 0 0\" data-769-1024=\"0 30% 30px 0px\" data-681-768=\"0 5.2% 51px 3%\" data-680=\"0 0.2% 38px 0%\">\n\t<div class=\"mkdf-eh-item-inner\">\n\t\t<div class=\"mkdf-eh-item-content mkdf-eh-custom-8050\" style=\"padding: 0 102px 0 0\">\n\t\t\t<div class=\"mkdf-section-title-holder  mkdf-st-standard mkdf-st-title-left mkdf-st-normal-space \" >\n\t<div class=\"mkdf-st-inner\">\n\t\t\t\t\t<h3 class=\"mkdf-st-title\" >\n\t\t\t\tYetkinlik Bazl\u0131 De\u011ferlendirme\t\t\t<\/h3>\n\t\t\t\t\t\t\t<p class=\"mkdf-st-text\" style=\"font-size: 20px;line-height: 33px;margin-top: 16px\">\n\t\t\t\tYetkinliklerinizi, (bireysel, mesleki, liderlik gibi) haz\u0131rlad\u0131\u011f\u0131n\u0131z ba\u015fl\u0131klar alt\u0131nda gruplayarak detayl\u0131 bir yetkinlik k\u00fct\u00fcphanesi olu\u015fturabilirsiniz. K\u00fct\u00fcphanedeki yetkinlikleriniz i\u00e7inden se\u00e7imler yaparak, pozisyon baz\u0131nda yetkinlik \u015fablonlar\u0131 haz\u0131rlayabilirsiniz. Sistemde kay\u0131tl\u0131 \u00f6l\u00e7ekleri kullanarak yada kendi \u00f6l\u00e7eklerinizi sisteme tan\u0131mlayarak de\u011ferlendirme s\u00fcrecinizi \u00f6zelle\u015ftirebilirsiniz. A\u00e7\u0131klamalar tan\u0131mlayarak \u00e7al\u0131\u015fanlar\u0131n\u0131z\u0131 bilgilendirebilirsiniz.\t\t\t<\/p>\n\t\t\t<\/div>\n<\/div>[vc_empty_space height=&#8221;50px&#8221;]\t\t<\/div>\n\t<\/div>\n<\/div><\/div>[\/vc_column][vc_column offset=&#8221;vc_col-lg-7 vc_col-md-12&#8243;]<div class=\"mkdf-floating-images-holder mkdf-fi-left-aligned mkdf-fi-parallax\">\n    <div class=\"mkdf-fi-inner\">\n        <div class=\"mkdf-fi-image-holder mkdf-fi-main-image-holder\">\n            <div class=\"mkdf-fi-image-wrapper\" data-parallax=\"{&quot;y&quot;: -90, &quot;smoothness&quot;: 20}\">\n                <img class=\"mkdf-fi-main-image\" \n                    data-width=\"45%\" \n                    style=\"box-shadow: -10px 10px 35px 5px #e7ecfc\"                    src=\"https:\/\/personohr.com\/wp-content\/uploads\/2020\/12\/perf4.png\" \n                    alt=\"perf4\" \/>\n            <\/div>\n        <\/div>\n        <div class=\"mkdf-fi-image-holder mkdf-fi-aux-image-holder\">\n            <div class=\"mkdf-fi-image-wrapper\" data-parallax=\"{&quot;y&quot;: -37, &quot;smoothness&quot;: 20}\">\n                <img class=\"mkdf-fi-aux-image\" \n                    data-x=\"73%\" data-y=\"-40%\" data-width=\"70%\" \n                    style=\"box-shadow: 0 10px 35px 5px #e7ecfc\"                    src=\"https:\/\/personohr.com\/wp-content\/uploads\/2020\/12\/perf5.png\" \n                    alt=\"perf5\" \/>\n            <\/div>\n        <\/div>\n            <\/div>\n<\/div>\n[\/vc_column][\/vc_row][vc_row content_placement=&#8221;middle&#8221; row_content_width=&#8221;grid&#8221; css=&#8221;.vc_custom_1607862355358{padding-top: 62px !important;padding-bottom: 62px !important;}&#8221;][vc_column offset=&#8221;vc_col-lg-7 vc_col-md-12&#8243;]<div class=\"mkdf-floating-images-holder mkdf-fi-left-aligned mkdf-fi-parallax\">\n    <div class=\"mkdf-fi-inner\">\n        <div class=\"mkdf-fi-image-holder mkdf-fi-main-image-holder\">\n            <div class=\"mkdf-fi-image-wrapper\" data-parallax=\"{&quot;y&quot;: -81, &quot;smoothness&quot;: 20}\">\n                <img class=\"mkdf-fi-main-image\" \n                    data-width=\"45%\" \n                    style=\"box-shadow: 10px 10px 35px 5px #e7ecfc\"                    src=\"https:\/\/personohr.com\/wp-content\/uploads\/2020\/12\/perf3.png\" \n                    alt=\"perf3\" \/>\n            <\/div>\n        <\/div>\n        <div class=\"mkdf-fi-image-holder mkdf-fi-aux-image-holder\">\n            <div class=\"mkdf-fi-image-wrapper\" data-parallax=\"{&quot;y&quot;: -22, &quot;smoothness&quot;: 20}\">\n                <img class=\"mkdf-fi-aux-image\" \n                    data-x=\"-73%\" data-y=\"-40%\" data-width=\"70%\" \n                    style=\"box-shadow: 0 10px 35px 5px #e7ecfc\"                    src=\"https:\/\/personohr.com\/wp-content\/uploads\/2020\/12\/perf6.png\" \n                    alt=\"perf6\" \/>\n            <\/div>\n        <\/div>\n            <\/div>\n<\/div>\n[\/vc_column][vc_column offset=&#8221;vc_col-lg-5 vc_col-md-12&#8243;]<div class=\"mkdf-elements-holder   mkdf-one-column  mkdf-responsive-mode-768 \" ><div class=\"mkdf-eh-item    \"  data-item-class=\"mkdf-eh-custom-8420\" data-1025-1366=\"0 0px 144px 43px\" data-769-1024=\"50px 29% 0 0%\" data-681-768=\"49px 4.2% 0 3%\" data-680=\"38px 0.2% 0 0%\">\n\t<div class=\"mkdf-eh-item-inner\">\n\t\t<div class=\"mkdf-eh-item-content mkdf-eh-custom-8420\" style=\"padding: 0px 0px 60px 102px\">\n\t\t\t<div class=\"mkdf-section-title-holder  mkdf-st-standard mkdf-st-title-left mkdf-st-normal-space \" >\n\t<div class=\"mkdf-st-inner\">\n\t\t\t\t\t<h3 class=\"mkdf-st-title\" >\n\t\t\t\tGer\u00e7ek Zamanl\u0131 Hedef Y\u00f6netimi\t\t\t<\/h3>\n\t\t\t\t\t\t\t<p class=\"mkdf-st-text\" style=\"font-size: 20px;line-height: 33px;margin-top: 16px\">\n\t\t\t\t\u00c7al\u0131\u015fanlar\u0131n\u0131z yetkileri dahilinde, ortak veya bireysel hedef kategorilerinde hedefler olu\u015fturabilir, \u00fcst y\u00f6netici onay\u0131 alabilirler. Kendisine atanm\u0131\u015f hedeflerin ger\u00e7ekle\u015fme durumlar\u0131n\u0131 belgeleriyle birlikte d\u00fczenli g\u00fcncelleyebilir, ilerleme durumlar\u0131n\u0131 takip edebilirler.<br \/>\nY\u00f6neticiler yetkileri dahilinde, kendine ba\u011fl\u0131 \u00e7al\u0131\u015fanlar\u0131n, b\u00f6l\u00fcmlerin yada kurumlar\u0131n karnelerine de pratik bir \u015fekilde ula\u015f\u0131p d\u00fczenlemeler yapabilir.\t\t\t<\/p>\n\t\t\t<\/div>\n<\/div>[vc_empty_space height=&#8221;50px&#8221;]\t\t<\/div>\n\t<\/div>\n<\/div><\/div>[\/vc_column][\/vc_row][vc_row content_placement=&#8221;middle&#8221; row_content_width=&#8221;grid&#8221; css=&#8221;.vc_custom_1607176335679{padding-top: 62px !important;padding-bottom: 36px !important;}&#8221;][vc_column offset=&#8221;vc_col-lg-5 vc_col-md-12&#8243;]<div class=\"mkdf-elements-holder   mkdf-one-column  mkdf-responsive-mode-768 \" ><div class=\"mkdf-eh-item    \"  data-item-class=\"mkdf-eh-custom-3319\" data-1025-1366=\"0px 20px 0 0\" data-769-1024=\"0 30% 30px 0px\" data-681-768=\"0 5.2% 51px 3%\" data-680=\"0 0.2% 38px 0%\">\n\t<div class=\"mkdf-eh-item-inner\">\n\t\t<div class=\"mkdf-eh-item-content mkdf-eh-custom-3319\" style=\"padding: 0 102px 0 0\">\n\t\t\t<div class=\"mkdf-section-title-holder  mkdf-st-standard mkdf-st-title-left mkdf-st-normal-space \" >\n\t<div class=\"mkdf-st-inner\">\n\t\t\t\t\t<h3 class=\"mkdf-st-title\" >\n\t\t\t\tOKR &amp; KPI Y\u00f6netimi\t\t\t<\/h3>\n\t\t\t\t\t\t\t<p class=\"mkdf-st-text\" style=\"font-size: 20px;line-height: 33px;margin-top: 16px\">\n\t\t\t\tKurum \u00f6nceliklerinize uygun, kurum stratejinizle hizal\u0131 yeni bak\u0131\u015f a\u00e7\u0131lar\u0131, hedefler (OKR) olu\u015fturabilir, hedeflerinizin anahtar sonu\u00e7lar\u0131n\u0131 sistem \u00fczerinde takip edip y\u00f6netebilirsiniz. \u0130lerleme ve geli\u015fim durumlar\u0131n\u0131 se\u00e7ti\u011finiz s\u0131kl\u0131kta \u00f6l\u00e7\u00fcp de\u011ferlendirebilirsiniz.<br \/>\nOKR\u2019leri t\u00fcm organizasyona yayarak geli\u015fimi ve ba\u011fl\u0131l\u0131\u011f\u0131 artt\u0131r\u0131n.<br \/>\nBire bir g\u00f6r\u00fc\u015fmeler ile \u00e7al\u0131\u015fanlar\u0131n\u0131z\u0131 yol haritalar\u0131yla ilgili destekleyin.\nDengeli Kurumsal Karnenize ula\u015f\u0131n.\t\t\t<\/p>\n\t\t\t<\/div>\n<\/div>[vc_empty_space height=&#8221;50px&#8221;]\t\t<\/div>\n\t<\/div>\n<\/div><\/div>[\/vc_column][vc_column offset=&#8221;vc_col-lg-7 vc_col-md-12&#8243;]<div class=\"mkdf-floating-images-holder mkdf-fi-left-aligned mkdf-fi-parallax\">\n    <div class=\"mkdf-fi-inner\">\n        <div class=\"mkdf-fi-image-holder mkdf-fi-main-image-holder\">\n            <div class=\"mkdf-fi-image-wrapper\" data-parallax=\"{&quot;y&quot;: -69, &quot;smoothness&quot;: 20}\">\n                <img class=\"mkdf-fi-main-image\" \n                    data-width=\"45%\" \n                    style=\"box-shadow: -10px 10px 35px 5px #e7ecfc\"                    src=\"https:\/\/personohr.com\/wp-content\/uploads\/2020\/12\/goal2_en.jpg\" \n                    alt=\"goal2_en\" \/>\n            <\/div>\n        <\/div>\n        <div class=\"mkdf-fi-image-holder mkdf-fi-aux-image-holder\">\n            <div class=\"mkdf-fi-image-wrapper\" data-parallax=\"{&quot;y&quot;: -29, &quot;smoothness&quot;: 20}\">\n                <img class=\"mkdf-fi-aux-image\" \n                    data-x=\"73%\" data-y=\"-40%\" data-width=\"70%\" \n                    style=\"box-shadow: 0 10px 35px 5px #e7ecfc\"                    src=\"https:\/\/personohr.com\/wp-content\/uploads\/2020\/12\/goals1_en.jpg\" \n                    alt=\"goals1_en\" \/>\n            <\/div>\n        <\/div>\n            <\/div>\n<\/div>\n[\/vc_column][\/vc_row][vc_row content_placement=&#8221;middle&#8221; row_content_width=&#8221;grid&#8221; css=&#8221;.vc_custom_1607862388714{padding-top: 62px !important;padding-bottom: 62px !important;}&#8221;][vc_column offset=&#8221;vc_col-lg-7 vc_col-md-12&#8243;]<div class=\"mkdf-floating-images-holder mkdf-fi-left-aligned mkdf-fi-parallax\">\n    <div class=\"mkdf-fi-inner\">\n        <div class=\"mkdf-fi-image-holder mkdf-fi-main-image-holder\">\n            <div class=\"mkdf-fi-image-wrapper\" data-parallax=\"{&quot;y&quot;: -99, &quot;smoothness&quot;: 20}\">\n                <img class=\"mkdf-fi-main-image\" \n                    data-width=\"45%\" \n                    style=\"box-shadow: 10px 10px 35px 5px #e7ecfc\"                    src=\"https:\/\/personohr.com\/wp-content\/uploads\/2020\/12\/perf8.png\" \n                    alt=\"perf8\" \/>\n            <\/div>\n        <\/div>\n        <div class=\"mkdf-fi-image-holder mkdf-fi-aux-image-holder\">\n            <div class=\"mkdf-fi-image-wrapper\" data-parallax=\"{&quot;y&quot;: -34, &quot;smoothness&quot;: 20}\">\n                <img class=\"mkdf-fi-aux-image\" \n                    data-x=\"-73%\" data-y=\"-40%\" data-width=\"70%\" \n                    style=\"box-shadow: 0 10px 35px 5px #e7ecfc\"                    src=\"https:\/\/personohr.com\/wp-content\/uploads\/2020\/12\/perf7.png\" \n                    alt=\"perf7\" \/>\n            <\/div>\n        <\/div>\n            <\/div>\n<\/div>\n[\/vc_column][vc_column offset=&#8221;vc_col-lg-5 vc_col-md-12&#8243;]<div class=\"mkdf-elements-holder   mkdf-one-column  mkdf-responsive-mode-768 \" ><div class=\"mkdf-eh-item    \"  data-item-class=\"mkdf-eh-custom-6133\" data-1025-1366=\"0 0px 144px 43px\" data-769-1024=\"50px 29% 0 0%\" data-681-768=\"49px 4.2% 0 3%\" data-680=\"38px 0.2% 0 0%\">\n\t<div class=\"mkdf-eh-item-inner\">\n\t\t<div class=\"mkdf-eh-item-content mkdf-eh-custom-6133\" style=\"padding: 0px 0px 60px 102px\">\n\t\t\t<div class=\"mkdf-section-title-holder  mkdf-st-standard mkdf-st-title-left mkdf-st-normal-space \" >\n\t<div class=\"mkdf-st-inner\">\n\t\t\t\t\t<h3 class=\"mkdf-st-title\" >\n\t\t\t\tEtkin Geri Bildirim\t\t\t<\/h3>\n\t\t\t\t\t\t\t<p class=\"mkdf-st-text\" style=\"font-size: 20px;line-height: 33px;margin-top: 16px\">\n\t\t\t\t\u00c7al\u0131\u015fanlar\u0131n\u0131z, performans de\u011ferlendirme s\u00fcreci i\u00e7inde ihtiya\u00e7 duyulan her an geri bildirim al\u0131p verebilirler. Yorumlar\u0131n\u0131, g\u00f6r\u00fc\u015flerini y\u00f6neticilere iletebilir, kendisine atanm\u0131\u015f g\u00f6revleri takip edip y\u00f6netebilirler.\t\t\t<\/p>\n\t\t\t<\/div>\n<\/div>[vc_empty_space height=&#8221;50px&#8221;]\t\t<\/div>\n\t<\/div>\n<\/div><\/div>[\/vc_column][\/vc_row][vc_row content_placement=&#8221;middle&#8221; row_content_width=&#8221;grid&#8221; css=&#8221;.vc_custom_1607176335679{padding-top: 62px !important;padding-bottom: 36px !important;}&#8221;][vc_column offset=&#8221;vc_col-lg-5 vc_col-md-12&#8243;]<div class=\"mkdf-elements-holder   mkdf-one-column  mkdf-responsive-mode-768 \" ><div class=\"mkdf-eh-item    \"  data-item-class=\"mkdf-eh-custom-6434\" data-1025-1366=\"0px 20px 0 0\" data-769-1024=\"0 30% 30px 0px\" data-681-768=\"0 5.2% 51px 3%\" data-680=\"0 0.2% 38px 0%\">\n\t<div class=\"mkdf-eh-item-inner\">\n\t\t<div class=\"mkdf-eh-item-content mkdf-eh-custom-6434\" style=\"padding: 0 102px 0 0\">\n\t\t\t<div class=\"mkdf-section-title-holder  mkdf-st-standard mkdf-st-title-left mkdf-st-normal-space \" >\n\t<div class=\"mkdf-st-inner\">\n\t\t\t\t\t<h3 class=\"mkdf-st-title\" >\n\t\t\t\tPerformans Sonu\u00e7lar\u0131 Elinizin alt\u0131nda\t\t\t<\/h3>\n\t\t\t\t\t\t\t<p class=\"mkdf-st-text\" style=\"font-size: 20px;line-height: 33px;margin-top: 16px\">\n\t\t\t\tSonu\u00e7 a\u015famas\u0131ndaki \u00c7al\u0131\u015fan Mutabakat\u0131 s\u00fcrecini de dijital olarak y\u00f6netebilirsiniz. Performans de\u011ferlendirme s\u00fcreci ile ilgili ihtiyac\u0131n\u0131z olan \u00e7al\u0131\u015fan, b\u00f6l\u00fcm, kurum karnelerine, bireysel yada genel analiz raporlar\u0131na kolayca ula\u015f\u0131rs\u0131n\u0131z.\t\t\t<\/p>\n\t\t\t<\/div>\n<\/div>[vc_empty_space height=&#8221;50px&#8221;]\t\t<\/div>\n\t<\/div>\n<\/div><\/div>[\/vc_column][vc_column offset=&#8221;vc_col-lg-7 vc_col-md-12&#8243;]<div class=\"mkdf-floating-images-holder mkdf-fi-left-aligned mkdf-fi-parallax\">\n    <div class=\"mkdf-fi-inner\">\n        <div class=\"mkdf-fi-image-holder mkdf-fi-main-image-holder\">\n            <div class=\"mkdf-fi-image-wrapper\" data-parallax=\"{&quot;y&quot;: -78, &quot;smoothness&quot;: 20}\">\n                <img class=\"mkdf-fi-main-image\" \n                    data-width=\"45%\" \n                    style=\"box-shadow: -10px 10px 35px 5px #e7ecfc\"                    src=\"https:\/\/personohr.com\/wp-content\/uploads\/2021\/03\/radartr.png\" \n                    alt=\"radartr\" \/>\n            <\/div>\n        <\/div>\n        <div class=\"mkdf-fi-image-holder mkdf-fi-aux-image-holder\">\n            <div class=\"mkdf-fi-image-wrapper\" data-parallax=\"{&quot;y&quot;: -59, &quot;smoothness&quot;: 20}\">\n                <img class=\"mkdf-fi-aux-image\" \n                    data-x=\"73%\" data-y=\"-40%\" data-width=\"70%\" \n                    style=\"box-shadow: 0 10px 35px 5px #e7ecfc\"                    src=\"https:\/\/personohr.com\/wp-content\/uploads\/2021\/03\/detayraportr.png\" \n                    alt=\"detayraportr\" \/>\n            <\/div>\n        <\/div>\n            <\/div>\n<\/div>\n[\/vc_column][\/vc_row][vc_row row_content_width=&#8221;grid&#8221;][vc_column]<div class=\"mkdf-elements-holder   mkdf-one-column  mkdf-responsive-mode-768 \" ><div class=\"mkdf-eh-item   mkdf-horizontal-alignment-center \"  data-item-class=\"mkdf-eh-custom-5063\">\n\t<div class=\"mkdf-eh-item-inner\">\n\t\t<div class=\"mkdf-eh-item-content mkdf-eh-custom-5063\" >\n\t\t\t[vc_text_separator title=&#8221;S\u0131k Sorulan Sorular&#8221;][vc_empty_space]<div class=\"mkdf-accordion-holder mkdf-ac-default  mkdf-accordion mkdf-ac-boxed  clearfix\">\n\t<h4 class=\"mkdf-accordion-title\">\n\t<span class=\"mkdf-tab-title\">Mevcut yetkinlik ve hedefleri Persono i\u00e7ine aktarabilir miyim?<\/span>\n    <span class=\"mkdf-accordion-mark\">\n\t\t<span class=\"mkdf_icon_plus icon_plus\"><\/span>\n\t\t<span class=\"mkdf_icon_minus icon_minus-06\"><\/span>\n\t<\/span>\n<\/h4>\n<div class=\"mkdf-accordion-content\">\n\t<div class=\"mkdf-accordion-content-inner\">\n\t\t[vc_column_text]Evet, yetkinlikler, hedefler ve e\u015fle\u015ftirme kay\u0131tlar\u0131n\u0131z\u0131 Persono i\u00e7ine aktarabiliyorsunuz.[\/vc_column_text]\t<\/div>\n<\/div><h4 class=\"mkdf-accordion-title\">\n\t<span class=\"mkdf-tab-title\">Ayn\u0131 anda birden \u00e7ok performans s\u00fcreci i\u015fletebiliyor muyuz?<\/span>\n    <span class=\"mkdf-accordion-mark\">\n\t\t<span class=\"mkdf_icon_plus icon_plus\"><\/span>\n\t\t<span class=\"mkdf_icon_minus icon_minus-06\"><\/span>\n\t<\/span>\n<\/h4>\n<div class=\"mkdf-accordion-content\">\n\t<div class=\"mkdf-accordion-content-inner\">\n\t\t[vc_column_text]Evet, ayn\u0131 anda birden \u00e7ok performans s\u00fcrecinizi e\u015f anl\u0131 olarak ba\u015flatabiliyorsunuz. \u00d6rne\u011fin mavi yaka \u00e7al\u0131\u015fanlar\u0131 i\u00e7in farkl\u0131, beyaz yaka \u00e7al\u0131\u015fanlar\u0131n\u0131z i\u00e7in tamamen farkl\u0131 de\u011ferlerle \u00e7al\u0131\u015fan performans s\u00fcre\u00e7leri olu\u015fturup i\u015fletebiliyorsunuz.[\/vc_column_text]\t<\/div>\n<\/div><h4 class=\"mkdf-accordion-title\">\n\t<span class=\"mkdf-tab-title\">Uygulamada kullanabilece\u011fimiz haz\u0131r yetkinlik \u015fablonlar\u0131 var m\u0131?<\/span>\n    <span class=\"mkdf-accordion-mark\">\n\t\t<span class=\"mkdf_icon_plus icon_plus\"><\/span>\n\t\t<span class=\"mkdf_icon_minus icon_minus-06\"><\/span>\n\t<\/span>\n<\/h4>\n<div class=\"mkdf-accordion-content\">\n\t<div class=\"mkdf-accordion-content-inner\">\n\t\t[vc_column_text]Evet, yetkinlik havuzunda farkl\u0131 yap\u0131larda kullanabilece\u011finiz yetkinlik \u015fablonlar\u0131 bulunuyor. Diledi\u011finizi se\u00e7ip kullanabiliyorsunuz.[\/vc_column_text]\t<\/div>\n<\/div><h4 class=\"mkdf-accordion-title\">\n\t<span class=\"mkdf-tab-title\">Uygulamadan kurumsal karneye ula\u015fabiliyor muyuz?<\/span>\n    <span class=\"mkdf-accordion-mark\">\n\t\t<span class=\"mkdf_icon_plus icon_plus\"><\/span>\n\t\t<span class=\"mkdf_icon_minus icon_minus-06\"><\/span>\n\t<\/span>\n<\/h4>\n<div class=\"mkdf-accordion-content\">\n\t<div class=\"mkdf-accordion-content-inner\">\n\t\t[vc_column_text]Evet, Persono&#8217;da bireysel hedefler ve KPI yard\u0131m\u0131yla kurumsal karnenize ula\u015fabilirsiniz.[\/vc_column_text]\t<\/div>\n<\/div><\/div>[vc_empty_space]\t\t<\/div>\n\t<\/div>\n<\/div><\/div>[\/vc_column][\/vc_row][vc_row row_content_width=&#8221;grid&#8221;][vc_column css=&#8221;.vc_custom_1607851776394{padding-bottom: 35px !important;}&#8221;]<div class=\"mkdf-elements-holder   mkdf-one-column  mkdf-responsive-mode-768 \" ><div class=\"mkdf-eh-item  mkdf-vertical-alignment-top mkdf-horizontal-alignment-center \"  data-item-class=\"mkdf-eh-custom-4449\" data-1367-1600=\"189px 22% 0px 22%\" data-1025-1366=\"110px 22% 0px 22%\" data-769-1024=\"91px 11% 0px 11%\" data-681-768=\"215px 10% 0px 10%\" data-680=\"68px 0% 0px 0%\">\n\t<div class=\"mkdf-eh-item-inner\">\n\t\t<div class=\"mkdf-eh-item-content mkdf-eh-custom-4449\" style=\"padding: 35px 0px 0px 0px\">\n\t\t\t<div class=\"mkdf-section-title-holder  mkdf-st-standard mkdf-st-title-left mkdf-st-normal-space \" >\n\t<div class=\"mkdf-st-inner\">\n\t\t\t\t\t<h4 class=\"mkdf-st-title\" >\n\t\t\t\tDaha fazla bilgi ve sunum talebiniz i\u00e7in bize ula\u015f\u0131n.\t\t\t<\/h4>\n\t\t\t\t\t<\/div>\n<\/div>[vc_empty_space height=&#8221;27px&#8221;]<a itemprop=\"url\" href=\"https:\/\/personohr.com\/tr\/sunum-talebi\/\" target=\"_blank\" style=\"margin: 0px 7px 10px 7px;padding: 12px 42px 12px 42px\" class=\"mkdf-btn mkdf-btn-large mkdf-btn-solid\"  >\n    <span class=\"mkdf-btn-text\">Sunum Talebi<\/span>\n    <\/a><a itemprop=\"url\" href=\"https:\/\/personohr.com\/tr\/bize-ulasin\" target=\"_self\" style=\"background-color: #5580ff;margin: 0px 7px 10px 7px;padding: 12px 37px 12px 37px\" class=\"mkdf-btn mkdf-btn-large mkdf-btn-solid\"  >\n    <span class=\"mkdf-btn-text\">Bize Ula\u015f\u0131n<\/span>\n    <\/a>\t\t<\/div>\n\t<\/div>\n<\/div><\/div>[\/vc_column][\/vc_row]<\/p>\n","protected":false},"excerpt":{"rendered":"<p>[vc_row row_content_width=&#8221;grid&#8221;][vc_column width=&#8221;5\/6&#8243;][\/vc_column][vc_column width=&#8221;1\/6&#8243;][vc_btn title=&#8221;Sunum Talep Et&#8221; color=&#8221;pink&#8221; align=&#8221;center&#8221; button_block=&#8221;true&#8221; link=&#8221;url:https%3A%2F%2Fpersonohr.com%2Ftr%2Fsunum-talebi%2F|title:Sunum%20Talebi|target:%20_blank|&#8221;][\/vc_column][\/vc_row][vc_row content_placement=&#8221;middle&#8221; row_content_width=&#8221;grid&#8221; css=&#8221;.vc_custom_1607176335679{padding-top: 62px !important;padding-bottom: 36px !important;}&#8221;][vc_column offset=&#8221;vc_col-lg-5 vc_col-md-12&#8243;][\/vc_column][vc_column offset=&#8221;vc_col-lg-7 vc_col-md-12&#8243;][\/vc_column][\/vc_row][vc_row content_placement=&#8221;middle&#8221; row_content_width=&#8221;grid&#8221; css=&#8221;.vc_custom_1607862355358{padding-top: 62px !important;padding-bottom: 62px !important;}&#8221;][vc_column offset=&#8221;vc_col-lg-7 vc_col-md-12&#8243;][\/vc_column][vc_column offset=&#8221;vc_col-lg-5 vc_col-md-12&#8243;][\/vc_column][\/vc_row][vc_row content_placement=&#8221;middle&#8221; row_content_width=&#8221;grid&#8221; css=&#8221;.vc_custom_1607176335679{padding-top: 62px !important;padding-bottom: 36px !important;}&#8221;][vc_column [&hellip;]<\/p>\n","protected":false},"author":1,"featured_media":0,"parent":0,"menu_order":0,"comment_status":"closed","ping_status":"closed","template":"full-width.php","meta":{"content-type":""},"aioseo_notices":[],"_links":{"self":[{"href":"https:\/\/personohr.com\/tr\/wp-json\/wp\/v2\/pages\/9982"}],"collection":[{"href":"https:\/\/personohr.com\/tr\/wp-json\/wp\/v2\/pages"}],"about":[{"href":"https:\/\/personohr.com\/tr\/wp-json\/wp\/v2\/types\/page"}],"author":[{"embeddable":true,"href":"https:\/\/personohr.com\/tr\/wp-json\/wp\/v2\/users\/1"}],"replies":[{"embeddable":true,"href":"https:\/\/personohr.com\/tr\/wp-json\/wp\/v2\/comments?post=9982"}],"version-history":[{"count":28,"href":"https:\/\/personohr.com\/tr\/wp-json\/wp\/v2\/pages\/9982\/revisions"}],"predecessor-version":[{"id":11473,"href":"https:\/\/personohr.com\/tr\/wp-json\/wp\/v2\/pages\/9982\/revisions\/11473"}],"wp:attachment":[{"href":"https:\/\/personohr.com\/tr\/wp-json\/wp\/v2\/media?parent=9982"}],"curies":[{"name":"wp","href":"https:\/\/api.w.org\/{rel}","templated":true}]}}