{"id":9985,"date":"2020-12-20T18:43:24","date_gmt":"2020-12-20T15:43:24","guid":{"rendered":"http:\/\/personohr.com\/?page_id=9985&#038;lang=tr"},"modified":"2026-02-11T16:24:26","modified_gmt":"2026-02-11T13:24:26","slug":"fiyatlar","status":"publish","type":"page","link":"https:\/\/personohr.com\/tr\/fiyatlar\/","title":{"rendered":"Fiyatland\u0131rma"},"content":{"rendered":"<p>[vc_row][vc_column][vc_empty_space]<div class=\"mkdf-section-title-holder  mkdf-st-standard mkdf-st-title-left mkdf-st-normal-space \" style=\"text-align: center\">\n\t<div class=\"mkdf-st-inner\">\n\t\t\t\t\t<h2 class=\"mkdf-st-title\" >\n\t\t\t\tFiyatland\u0131rma\t\t\t<\/h2>\n\t\t\t\t\t<\/div>\n<\/div>[vc_empty_space][\/vc_column][\/vc_row][vc_row row_content_width=&#8221;grid&#8221; css=&#8221;.vc_custom_1679946853661{padding-top: 30px !important;}&#8221;][vc_column width=&#8221;2\/3&#8243;][vc_column_text]Persono Dijital \u0130K \u00c7\u00f6z\u00fcmleri y\u0131ll\u0131k abonelik modeli ile sunulmaktad\u0131r. A\u015fa\u011f\u0131daki mod\u00fcllerimizden ihtiyac\u0131n\u0131za g\u00f6re her mod\u00fcle ayr\u0131 ayr\u0131 abone olarak kullanabilirsiniz.[\/vc_column_text][vc_empty_space][vc_text_separator title=&#8221;Temel \u00d6zellikler&#8221;][vc_column_text]<\/p>\n<ul>\n<li>Mobil Uygulama ile \u00e7al\u0131\u015fan self-servis portal\u0131<\/li>\n<li>\u00c7oklu Dil Deste\u011fi<\/li>\n<li>Anl\u0131k Bildirimler<\/li>\n<li>Windows parolan\u0131z ile giri\u015f (Azure AD\/LDAP)<\/li>\n<li>Verilerinizin toplu olarak i\u00e7eri ve d\u0131\u015far\u0131 aktar\u0131m\u0131<\/li>\n<li>API arac\u0131l\u0131\u011f\u0131 ile t\u00fcm sistemlerle entegrasyon<\/li>\n<li>SAP, Logo, Mikro ve di\u011fer ERP uygulamalar\u0131 ile entegrasyon<\/li>\n<li>\u0130ste\u011fe \u00f6zel rapor tasar\u0131mlar\u0131<\/li>\n<li>Kendi sunucunuza kurulum (On-premise)<\/li>\n<\/ul>\n<p>[\/vc_column_text][\/vc_column][vc_column width=&#8221;1\/3&#8243;][vc_cta h2=&#8221;&#8221; txt_align=&#8221;center&#8221; add_button=&#8221;bottom&#8221; btn_title=&#8221;Sunum Talep Et&#8221; btn_color=&#8221;pink&#8221; btn_align=&#8221;center&#8221; btn_i_align=&#8221;right&#8221; btn_i_icon_fontawesome=&#8221;far fa-hand-point-up&#8221; btn_button_block=&#8221;true&#8221; btn_add_icon=&#8221;true&#8221; btn_link=&#8221;url:https%3A%2F%2Fpersonohr.com%2Ftr%2Fsunum-talebi%2F|title:Sunum%20Talebi|target:%20_blank|&#8221;][\/vc_cta][vc_cta h2=&#8221;&#8221; txt_align=&#8221;center&#8221; add_button=&#8221;bottom&#8221; btn_title=&#8221;Teklif Al\u0131n&#8221; btn_color=&#8221;blue&#8221; btn_align=&#8221;center&#8221; btn_i_align=&#8221;right&#8221; btn_i_icon_fontawesome=&#8221;fas fa-money-bill-wave&#8221; btn_button_block=&#8221;true&#8221; btn_add_icon=&#8221;true&#8221; btn_link=&#8221;url:https%3A%2F%2Fpersonohr.com%2Ftr%2Fteklif-talebi%2F|title:Teklif%20Al%C4%B1n|target:%20_blank|&#8221;][\/vc_cta][\/vc_column][\/vc_row][vc_row][vc_column][vc_empty_space]<div class=\"mkdf-section-title-holder  mkdf-st-standard mkdf-st-title-left mkdf-st-normal-space \" style=\"text-align: center\">\n\t<div class=\"mkdf-st-inner\">\n\t\t\t\t\t<h2 class=\"mkdf-st-title\" >\n\t\t\t\tMod\u00fcller\t\t\t<\/h2>\n\t\t\t\t\t<\/div>\n<\/div>[vc_empty_space][\/vc_column][\/vc_row][vc_row row_content_width=&#8221;grid&#8221;][vc_column width=&#8221;1\/2&#8243;][vc_text_separator title=&#8221;\u00d6zl\u00fck Y\u00f6netimi&#8221;][vc_column_text]<\/p>\n<ul>\n<li>\u00c7al\u0131\u015fan \u00d6zl\u00fck kay\u0131tlar\u0131<\/li>\n<li>Dijital \u00d6zl\u00fck Dosyas\u0131<\/li>\n<li>Geli\u015fmi\u015f belge y\u00f6netimi<\/li>\n<li>Onboarding &amp; Offboarding<\/li>\n<li>Oryantasyon ve Deneme s\u00fcresi de\u011ferlendirmeleri<\/li>\n<li>Zimmet<\/li>\n<li>Yan Haklar<\/li>\n<li>Avans Y\u00f6netimi<\/li>\n<li>Organizasyon \u015eemas\u0131<\/li>\n<\/ul>\n<p>[\/vc_column_text][vc_empty_space][\/vc_column][vc_column width=&#8221;1\/2&#8243;][vc_text_separator title=&#8221;\u0130\u015fe Al\u0131m&#8221;][vc_column_text]<\/p>\n<ul>\n<li>Aday Havuzu<\/li>\n<li>Ba\u015fvuru Y\u00f6netimi<\/li>\n<li>Kurum i\u00e7i\/d\u0131\u015f\u0131 kariyer ilan sayfalar\u0131<\/li>\n<li>\u0130\u015f ilanlar\u0131n\u0131 kariyer sitelerinde yay\u0131nlama<\/li>\n<li>Aday G\u00f6r\u00fc\u015fmeleri<\/li>\n<li>Aday de\u011ferlendirmeleri ve testler<\/li>\n<li>\u00d6zge\u00e7mi\u015flerin i\u00e7eri aktar\u0131m\u0131<\/li>\n<\/ul>\n<p>[\/vc_column_text][vc_empty_space][\/vc_column][\/vc_row][vc_row row_content_width=&#8221;grid&#8221;][vc_column width=&#8221;1\/2&#8243;][vc_text_separator title=&#8221;Performans Y\u00f6netimi&#8221;][vc_column_text]<\/p>\n<ul>\n<li>360\u00b0 de\u011ferlendirme<\/li>\n<li>Yetkinlikler<\/li>\n<li>Hedefler<\/li>\n<li>OKR \/ KPI<\/li>\n<li>Balanced scorecard yap\u0131s\u0131nda kurumsal karne<\/li>\n<\/ul>\n<p>[\/vc_column_text][vc_empty_space][\/vc_column][vc_column width=&#8221;1\/2&#8243;][vc_text_separator title=&#8221;E\u011fitim &amp; Geli\u015fim&#8221;][vc_column_text]<\/p>\n<ul>\n<li>E\u011fitim Y\u00f6netim Portal\u0131 (LMS)<\/li>\n<li>E\u011fitim sonras\u0131 Etkinlik de\u011ferlendirmeleri<\/li>\n<li>S\u0131navlar<\/li>\n<li>Polivalans Beceri Takibi ve Y\u00f6netimi<\/li>\n<li>Geli\u015fim Planlar\u0131<\/li>\n<\/ul>\n<p>[\/vc_column_text][vc_empty_space][\/vc_column][\/vc_row][vc_row row_content_width=&#8221;grid&#8221;][vc_column width=&#8221;1\/2&#8243;][vc_text_separator title=&#8221;\u00c7al\u0131\u015fan Ba\u011fl\u0131l\u0131\u011f\u0131 &amp; \u0130\u00e7 \u0130leti\u015fim&#8221;][vc_column_text]<\/p>\n<ul>\n<li>\u00c7al\u0131\u015fan self-servis portal\u0131<\/li>\n<li>\u00c7al\u0131\u015fan portal\u0131 \u00f6zel k\u0131sayollar<\/li>\n<li>\u00c7al\u0131\u015fan memnuniyet, nab\u0131z ve anonim anketleri y\u00f6netimi<\/li>\n<li>\u00d6neri, istek ve \u015fikayet y\u00f6netimi<\/li>\n<li>S\u00fcrekli geribildirim s\u00fcreci<\/li>\n<li>Sosyal Ak\u0131\u015f<\/li>\n<li>Birebir g\u00f6r\u00fc\u015fmeler<\/li>\n<li>\u00d6zel g\u00fcnler ve kutlamalar hat\u0131rlatma<\/li>\n<li>Duyurular &amp; Payla\u015f\u0131mlar<\/li>\n<li><span data-sheets-value=\"{&quot;1&quot;:2,&quot;2&quot;:&quot;Dijital Bordro &amp; s\u00f6zle\u015fme payla\u015f\u0131m\u0131&quot;}\" data-sheets-userformat=\"{&quot;2&quot;:33554945,&quot;3&quot;:{&quot;1&quot;:0},&quot;12&quot;:0,&quot;28&quot;:1}\">Dijital Bordro &amp; s\u00f6zle\u015fme payla\u015f\u0131m\u0131<\/span><\/li>\n<\/ul>\n<p>[\/vc_column_text][vc_empty_space][\/vc_column][vc_column width=&#8221;1\/2&#8243;][vc_text_separator title=&#8221;\u0130\u015f G\u00fcc\u00fc Y\u00f6netimi&#8221;][vc_column_text]<\/p>\n<ul>\n<li data-start=\"368\" data-end=\"402\">Mobil &amp; web giri\u015f \u2013 \u00e7\u0131k\u0131\u015f takibi<\/li>\n<li data-start=\"405\" data-end=\"449\">G\u00fcnl\u00fck \/ haftal\u0131k \u00e7al\u0131\u015fma s\u00fcresi takibi<\/li>\n<li data-start=\"489\" data-end=\"532\">Kuruma \u00f6zel izin kurallar\u0131 ve kategoriler<\/li>\n<li data-start=\"535\" data-end=\"562\">Esnek izin onay s\u00fcre\u00e7leri<\/li>\n<li data-start=\"565\" data-end=\"619\">\u00c7al\u0131\u015fan izin bakiyesi g\u00f6r\u00fcnt\u00fcleme ve talep olu\u015fturma<\/li>\n<li>Puantaj ve bordro uygulamalar\u0131n\u0131z ile entegrasyon<\/li>\n<\/ul>\n<p>[\/vc_column_text][vc_empty_space][vc_text_separator title=&#8221;Disiplin Y\u00f6netimi&#8221;][vc_column_text]<\/p>\n<ul>\n<li>Disiplin olay s\u00fcre\u00e7leri y\u00f6netimi<\/li>\n<li>Tutanak, savunma hat\u0131rlatmalar\u0131<\/li>\n<li>SMS ve T\u00dcB\u0130TAK zaman damgal\u0131 onaylar<\/li>\n<\/ul>\n<p>[\/vc_column_text][\/vc_column][\/vc_row][vc_row row_content_width=&#8221;grid&#8221;][vc_column width=&#8221;1\/2&#8243;][vc_empty_space][\/vc_column][vc_column width=&#8221;1\/2&#8243;][\/vc_column][\/vc_row][vc_row disable_element=&#8221;yes&#8221; row_content_width=&#8221;grid&#8221;][vc_column]<div class=\"mkdf-elements-holder   mkdf-one-column  mkdf-responsive-mode-768 \" ><div class=\"mkdf-eh-item   mkdf-horizontal-alignment-center \"  data-item-class=\"mkdf-eh-custom-3067\">\n\t<div class=\"mkdf-eh-item-inner\">\n\t\t<div class=\"mkdf-eh-item-content mkdf-eh-custom-3067\" >\n\t\t\t[vc_empty_space][vc_text_separator title=&#8221;Yakla\u015f\u0131k Maliyet Hesaplay\u0131n&#8221;][vc_empty_space][vc_raw_html]JTVCc3RtLWNhbGMlMjBpZCUzRCUyMjk1MzUlMjIlNUQ=[\/vc_raw_html][vc_empty_space]\t\t<\/div>\n\t<\/div>\n<\/div><\/div>[\/vc_column][\/vc_row][vc_row row_content_width=&#8221;grid&#8221;][vc_column][vc_empty_space]<div class=\"mkdf-section-title-holder  mkdf-st-standard mkdf-st-title-left mkdf-st-normal-space \" style=\"text-align: center\">\n\t<div class=\"mkdf-st-inner\">\n\t\t\t\t\t<h2 class=\"mkdf-st-title\" >\n\t\t\t\tTurquality Deste\u011fi\t\t\t<\/h2>\n\t\t\t\t\t<\/div>\n<\/div>[vc_empty_space][vc_row_inner][vc_column_inner width=&#8221;1\/4&#8243;][vc_single_image image=&#8221;11138&#8243; img_size=&#8221;full&#8221; alignment=&#8221;center&#8221; onclick=&#8221;custom_link&#8221; img_link_target=&#8221;_blank&#8221; link=&#8221;https:\/\/www.turquality.com&#8221;][\/vc_column_inner][vc_column_inner width=&#8221;3\/4&#8243;][vc_column_text]E\u011fer sizde <a href=\"https:\/\/www.turquality.com\/markalar\" target=\"_blank\" rel=\"noopener\">Turqulity program\u0131nda<\/a> yer al\u0131yorsan\u0131z, Persono&#8217; yu destek kapsam\u0131nda indirimli olarak kullanabilirsiniz.<\/p>\n<p>Persono Dijital \u0130K yaz\u0131l\u0131m\u0131, Turquality program\u0131nda Bili\u015fim Dan\u0131\u015fmanl\u0131\u011f\u0131 alan\u0131nda<span class=\"Apple-converted-space\">\u00a0 <\/span>desteklenen yaz\u0131l\u0131mlar aras\u0131nda yer almaktad\u0131r.<\/p>\n<p>Turquality program\u0131nda yer alan firma olarak, konuyla ilgili destek dan\u0131\u015fman\u0131n\u0131zdan detayl\u0131 bilgi alabilirsiniz.<span class=\"Apple-converted-space\">\u00a0<\/span>[\/vc_column_text][\/vc_column_inner][\/vc_row_inner][vc_empty_space][\/vc_column][\/vc_row][vc_row row_content_width=&#8221;grid&#8221;][vc_column][vc_empty_space]<div class=\"mkdf-section-title-holder  mkdf-st-standard mkdf-st-title-left mkdf-st-normal-space \" style=\"text-align: center\">\n\t<div class=\"mkdf-st-inner\">\n\t\t\t\t\t<h2 class=\"mkdf-st-title\" >\n\t\t\t\tKar Amac\u0131 G\u00fctmeyen Kurulu\u015flar\t\t\t<\/h2>\n\t\t\t\t\t<\/div>\n<\/div>[vc_empty_space][vc_row_inner][vc_column_inner width=&#8221;1\/4&#8243;][vc_single_image image=&#8221;11151&#8243; img_size=&#8221;full&#8221; alignment=&#8221;center&#8221;][\/vc_column_inner][vc_column_inner width=&#8221;3\/4&#8243;][vc_column_text]Persono sosyal sorumluluk \u00e7er\u00e7evesinde dernekler, vak\u0131flar ve kar amac\u0131 g\u00fctmeyen kurulu\u015flara \u00f6zel indirimler uygulamaktad\u0131r. Bu kapsamda Persono \u00fcr\u00fcnlerini \u00f6zel indirimlerle kullanmak i\u00e7in bize ula\u015f\u0131n\u0131z.[\/vc_column_text][\/vc_column_inner][\/vc_row_inner][vc_empty_space][\/vc_column][\/vc_row][vc_row row_content_width=&#8221;grid&#8221;][vc_column]<div class=\"mkdf-elements-holder   mkdf-one-column  mkdf-responsive-mode-768 \" ><div class=\"mkdf-eh-item   mkdf-horizontal-alignment-center \"  data-item-class=\"mkdf-eh-custom-4127\">\n\t<div class=\"mkdf-eh-item-inner\">\n\t\t<div class=\"mkdf-eh-item-content mkdf-eh-custom-4127\" >\n\t\t\t[vc_empty_space]<div class=\"mkdf-section-title-holder  mkdf-st-standard mkdf-st-title-left mkdf-st-normal-space \" >\n\t<div class=\"mkdf-st-inner\">\n\t\t\t\t\t<h2 class=\"mkdf-st-title\" >\n\t\t\t\tS\u0131k Sorulan Sorular\t\t\t<\/h2>\n\t\t\t\t\t<\/div>\n<\/div>[vc_empty_space]<div class=\"mkdf-accordion-holder mkdf-ac-default  mkdf-accordion mkdf-ac-boxed  clearfix\">\n\t<h4 class=\"mkdf-accordion-title\">\n\t<span class=\"mkdf-tab-title\">Abonelik \u00fccreti d\u0131\u015f\u0131nda ekstra bir maliyet var m\u0131d\u0131r?<\/span>\n    <span class=\"mkdf-accordion-mark\">\n\t\t<span class=\"mkdf_icon_plus icon_plus\"><\/span>\n\t\t<span class=\"mkdf_icon_minus icon_minus-06\"><\/span>\n\t<\/span>\n<\/h4>\n<div class=\"mkdf-accordion-content\">\n\t<div class=\"mkdf-accordion-content-inner\">\n\t\t[vc_column_text]Hay\u0131r, \u00e7al\u0131\u015fan ba\u015f\u0131na y\u0131ll\u0131k abonelik bedeli haricinde ekstra bir \u00fccret bulunmamaktad\u0131r.[\/vc_column_text]\t<\/div>\n<\/div><h4 class=\"mkdf-accordion-title\">\n\t<span class=\"mkdf-tab-title\">Uyarlama ve e\u011fitim a\u015famalar\u0131nda \u00fccret var m\u0131d\u0131r?<\/span>\n    <span class=\"mkdf-accordion-mark\">\n\t\t<span class=\"mkdf_icon_plus icon_plus\"><\/span>\n\t\t<span class=\"mkdf_icon_minus icon_minus-06\"><\/span>\n\t<\/span>\n<\/h4>\n<div class=\"mkdf-accordion-content\">\n\t<div class=\"mkdf-accordion-content-inner\">\n\t\t[vc_column_text]Standart fiyatland\u0131rmam\u0131z e\u011fitim ve uyarlama \u00e7al\u0131\u015fmalar\u0131n\u0131 kapsamaktad\u0131r. Kurumunuza \u00f6zel geli\u015ftirme talepleriniz ayr\u0131ca tekliflendirilmektedir.[\/vc_column_text]\t<\/div>\n<\/div><h4 class=\"mkdf-accordion-title\">\n\t<span class=\"mkdf-tab-title\">Abonelik s\u00fcresince nas\u0131l destek veriyorsunuz?<\/span>\n    <span class=\"mkdf-accordion-mark\">\n\t\t<span class=\"mkdf_icon_plus icon_plus\"><\/span>\n\t\t<span class=\"mkdf_icon_minus icon_minus-06\"><\/span>\n\t<\/span>\n<\/h4>\n<div class=\"mkdf-accordion-content\">\n\t<div class=\"mkdf-accordion-content-inner\">\n\t\t[vc_column_text]Abonelik s\u00fcresince e-posta ve destek hatt\u0131m\u0131zdan bize her zaman ula\u015fabilirsiniz.[\/vc_column_text]\t<\/div>\n<\/div><\/div>[vc_empty_space]\t\t<\/div>\n\t<\/div>\n<\/div><\/div>[\/vc_column][\/vc_row]<\/p>\n","protected":false},"excerpt":{"rendered":"<p>[vc_row][vc_column][vc_empty_space][vc_empty_space][\/vc_column][\/vc_row][vc_row row_content_width=&#8221;grid&#8221; css=&#8221;.vc_custom_1679946853661{padding-top: 30px !important;}&#8221;][vc_column width=&#8221;2\/3&#8243;][vc_column_text]Persono Dijital \u0130K \u00c7\u00f6z\u00fcmleri y\u0131ll\u0131k abonelik modeli ile sunulmaktad\u0131r. A\u015fa\u011f\u0131daki mod\u00fcllerimizden ihtiyac\u0131n\u0131za g\u00f6re her mod\u00fcle ayr\u0131 ayr\u0131 abone olarak kullanabilirsiniz.[\/vc_column_text][vc_empty_space][vc_text_separator title=&#8221;Temel \u00d6zellikler&#8221;][vc_column_text] Mobil Uygulama ile \u00e7al\u0131\u015fan self-servis portal\u0131 \u00c7oklu Dil Deste\u011fi Anl\u0131k Bildirimler Windows parolan\u0131z [&hellip;]<\/p>\n","protected":false},"author":1,"featured_media":0,"parent":0,"menu_order":0,"comment_status":"closed","ping_status":"closed","template":"","meta":{"content-type":""},"aioseo_notices":[],"_links":{"self":[{"href":"https:\/\/personohr.com\/tr\/wp-json\/wp\/v2\/pages\/9985"}],"collection":[{"href":"https:\/\/personohr.com\/tr\/wp-json\/wp\/v2\/pages"}],"about":[{"href":"https:\/\/personohr.com\/tr\/wp-json\/wp\/v2\/types\/page"}],"author":[{"embeddable":true,"href":"https:\/\/personohr.com\/tr\/wp-json\/wp\/v2\/users\/1"}],"replies":[{"embeddable":true,"href":"https:\/\/personohr.com\/tr\/wp-json\/wp\/v2\/comments?post=9985"}],"version-history":[{"count":79,"href":"https:\/\/personohr.com\/tr\/wp-json\/wp\/v2\/pages\/9985\/revisions"}],"predecessor-version":[{"id":11822,"href":"https:\/\/personohr.com\/tr\/wp-json\/wp\/v2\/pages\/9985\/revisions\/11822"}],"wp:attachment":[{"href":"https:\/\/personohr.com\/tr\/wp-json\/wp\/v2\/media?parent=9985"}],"curies":[{"name":"wp","href":"https:\/\/api.w.org\/{rel}","templated":true}]}}