{"id":9988,"date":"2020-12-20T18:44:38","date_gmt":"2020-12-20T15:44:38","guid":{"rendered":"http:\/\/personohr.com\/?page_id=9988&#038;lang=tr"},"modified":"2022-09-10T15:19:47","modified_gmt":"2022-09-10T12:19:47","slug":"gizlilik-politikasi","status":"publish","type":"page","link":"https:\/\/personohr.com\/tr\/gizlilik-politikasi\/","title":{"rendered":"Gizlilik Politikas\u0131"},"content":{"rendered":"<p>[vc_row][vc_column][vc_column_text]<\/p>\n<h3 class=\"main-title entry-title\">Gizlilik Politikas\u0131<\/h3>\n<p>[\/vc_column_text][vc_column_text]Personohr.com web sitemizi\u00a0ziyaret eden m\u00fc\u015fterilerimizin bilgi g\u00fcvenligi Persono\u00a0i\u00e7in \u00f6nem ta\u015f\u0131maktad\u0131r. Bu metin, bilgi g\u00fcvenligi ile ilgili sizi bilgilendirmek \u00fczere haz\u0131rlanm\u0131st\u0131r.<\/p>\n<p>Web sitemizi ziyaretinizde kisisel bilgileriniz, sadece sizin bilginiz dahilinde sizden temin edilebilmektedir. Sizin bilginiz ile bizim taraf\u0131m\u0131zdan kay\u0131t alt\u0131na al\u0131nan kisisel bilgileriniz Persono\u00a0taraf\u0131ndan korunmaktad\u0131r. Bu nedenle, s\u00f6z konusu kisisel bilgiler sizin haberiniz veya onay\u0131n\u0131z olmadan ya da hukuksal y\u00fck\u00fcml\u00fcl\u00fck alt\u0131nda bulunulmad\u0131g\u0131 s\u00fcrece taraf\u0131m\u0131zdan diger kisilere verilmeyecektir.<\/p>\n<p>Kay\u0131t i\u00e7in kulland\u0131g\u0131n\u0131z e-posta adresiniz veya telefon numaran\u0131z sadece aktivasyon ve \u00fcyeliginizle ilgili bilgilendirme iletileri g\u00f6ndermek i\u00e7in kullan\u0131lacak ve yasal zorunluluklar veya izniniz haricinde kesinlikle 3. sah\u0131s ve kurumlarla paylas\u0131lmayacakt\u0131r.<\/p>\n<p>Ay\u0131ca internet sat\u0131n al\u0131m\u0131 esnas\u0131nda girdiginiz kredi kart\u0131 ya da bankamatik kart bilgileriniz Persono\u00a0veya hizmet ald\u0131g\u0131 3. Taraf firmalar taraf\u0131ndan kay\u0131t alt\u0131na al\u0131nmaz, saklanmaz veya 3. Sah\u0131s ve kurumlarla paylas\u0131lmaz. Bilgi g\u00fcvenliginizi saglamak amac\u0131 ile sizlerin de sifrelerinizi kimse ile paylasmaman\u0131z\u0131n gerekliligini vurgulamak isteriz. Elektronik posta iletisiminde s\u00f6z konusu mesaj sifrelenmedigi takdirde mesaj\u0131n g\u00fcvenliginin garanti alt\u0131na al\u0131namad\u0131g\u0131n\u0131 ve g\u00f6ndereceginiz elektronik postalar\u0131n g\u00fcvenliginden sizlerin sorumlu oldugunu hat\u0131rlatmak isteriz. Web sitemizde Persono\u00a0taraf\u0131ndan isletilmeyen diger web sitelerine baglant\u0131lar verebiliriz. Bu web sitelerinden herhangi birini ziyaret ederseniz o sitenin gizlilik ve diger politikalar\u0131n\u0131 g\u00f6zden ge\u00e7irmelisiniz. Diger sirketlerin politika ve uygulamalar\u0131ndan sorumlu olmad\u0131g\u0131m\u0131z\u0131 belirtmek isteriz.<\/p>\n<p>Persono, bu internet sitesinde yer alan b\u00fct\u00fcn \u00fcr\u00fcn ve hizmetleri, sayfalar\u0131, bilgileri, g\u00f6rsel unsurlar\u0131 \u00f6nceden bildirimde bulunmadan degistirme hakk\u0131n\u0131 sakl\u0131 tutar.<\/p>\n<p>Persono hizmetleri ile ilgili detayl\u0131 bilgi almak, \u00fcyelik islemlerini ger\u00e7eklestirmek veya \u00fcyelikten ayr\u0131lmak i\u00e7in asag\u0131daki erisim bilgilerinden bize ulasabilirsiniz:<\/p>\n<p>Adres : \u00a0 \u00a0 \u00a0 \u00a0Uluda\u011f \u00dcniversitesi ULUTEK Teknoloji Geli\u015ftirme Merkezi No:104 16059 Nil\u00fcfer Bursa\u00a0\u2013 T\u00dcRK\u0130YE<\/p>\n<p>E-posta :\u00a0\u00a0\u00a0\u00a0\u00a0\u00a0\u00a0\u00a0\u00a0\u00a0 info@personohr.com<\/p>\n<p>Telefon :\u00a0\u00a0\u00a0\u00a0\u00a0\u00a0\u00a0\u00a0\u00a0\u00a0 +90 (850) 283 2875[\/vc_column_text][\/vc_column][\/vc_row]<\/p>\n","protected":false},"excerpt":{"rendered":"<p>[vc_row][vc_column][vc_column_text] Gizlilik Politikas\u0131 [\/vc_column_text][vc_column_text]Personohr.com web sitemizi\u00a0ziyaret eden m\u00fc\u015fterilerimizin bilgi g\u00fcvenligi Persono\u00a0i\u00e7in \u00f6nem ta\u015f\u0131maktad\u0131r. Bu metin, bilgi g\u00fcvenligi ile ilgili sizi bilgilendirmek \u00fczere haz\u0131rlanm\u0131st\u0131r. Web sitemizi ziyaretinizde kisisel bilgileriniz, sadece sizin bilginiz dahilinde sizden temin edilebilmektedir. Sizin bilginiz ile bizim taraf\u0131m\u0131zdan [&hellip;]<\/p>\n","protected":false},"author":1,"featured_media":0,"parent":0,"menu_order":0,"comment_status":"closed","ping_status":"open","template":"","meta":{"content-type":"","footnotes":""},"class_list":["post-9988","page","type-page","status-publish","hentry"],"aioseo_notices":[],"_links":{"self":[{"href":"https:\/\/personohr.com\/tr\/wp-json\/wp\/v2\/pages\/9988","targetHints":{"allow":["GET"]}}],"collection":[{"href":"https:\/\/personohr.com\/tr\/wp-json\/wp\/v2\/pages"}],"about":[{"href":"https:\/\/personohr.com\/tr\/wp-json\/wp\/v2\/types\/page"}],"author":[{"embeddable":true,"href":"https:\/\/personohr.com\/tr\/wp-json\/wp\/v2\/users\/1"}],"replies":[{"embeddable":true,"href":"https:\/\/personohr.com\/tr\/wp-json\/wp\/v2\/comments?post=9988"}],"version-history":[{"count":7,"href":"https:\/\/personohr.com\/tr\/wp-json\/wp\/v2\/pages\/9988\/revisions"}],"predecessor-version":[{"id":10625,"href":"https:\/\/personohr.com\/tr\/wp-json\/wp\/v2\/pages\/9988\/revisions\/10625"}],"wp:attachment":[{"href":"https:\/\/personohr.com\/tr\/wp-json\/wp\/v2\/media?parent=9988"}],"curies":[{"name":"wp","href":"https:\/\/api.w.org\/{rel}","templated":true}]}}